{"id":8502,"date":"2019-12-18T11:21:03","date_gmt":"2019-12-18T11:21:03","guid":{"rendered":"https:\/\/www.kajforsblom.fi\/contact-information\/loytotavarat\/"},"modified":"2024-03-01T12:35:08","modified_gmt":"2024-03-01T10:35:08","slug":"lost-and-found-items","status":"publish","type":"page","link":"https:\/\/www.kajforsblom.fi\/en\/contact-information\/lost-and-found-items\/","title":{"rendered":"Lost and found items"},"content":{"rendered":"<div id=\"pl-8502\"  class=\"panel-layout\" ><div id=\"pg-8502-0\"  class=\"panel-grid panel-no-style\" ><div id=\"pgc-8502-0-0\"  class=\"panel-grid-cell\" >\n\n        <div id=\"panel-8502-0-0-0\" class=\"so-panel widget widget_kadence_calltoaction_widget kadence_calltoaction_widget panel-first-child panel-last-child\" data-index=\"0\" ><div class=\"kt-ctaw clearfix\"><h2 class=\"kt-call-to-action-title\" style=\" font-size:50px; line-height:1; text-align:center; \"  data-max-size=\"50\" data-min-size=\"36\"><B>LOST<\/B> AND FOUND<\/h2><\/div><\/div>\n    <\/div><\/div><div id=\"pg-8502-1\"  class=\"panel-grid panel-no-style\" ><div id=\"pgc-8502-1-0\"  class=\"panel-grid-cell\" ><div id=\"panel-8502-1-0-0\" class=\"so-panel widget widget_black-studio-tinymce widget_black_studio_tinymce panel-first-child panel-last-child\" data-index=\"1\" ><div class=\"textwidget\"><p>Lost property is stored for 3 months and the donated to charity.<br \/>\nValuable items are possible to pick up at our office for 3 months, after that they are taken to Porvoo police station<\/p>\n<h4>Customer service<\/h4>\n<p>Mon \u2013 Fri 8.30\u201316.30<br \/>\nphone <a style=\"color: #000000\" href=\"tel:+358195243993\" target=\"_blank\" rel=\"noopener\">+358 19 524 3993<\/a><br \/>\n<a href=\"mailto:info@kajforsblom.fi\">info@kajforsblom.fi<\/a><\/p>\n<h4>Reclaim<\/h4>\n<p>Adlercreutzinkatu 17 in Porvoo.<br \/>\nEntrance through the yard, 2nd floor. The door says Kaj Forsblom\/Porvoo Tours<br \/>\nWe are here on weekdays from 8.30 am to 4.30 pm<\/p>\n<p><strong>Please, call us before the pick up.<\/strong><\/p>\n<p><a href=\"https:\/\/www.kajforsblom.fi\/wp-content\/uploads\/2024\/03\/lost-and-found-2.png\"><img decoding=\"async\" class=\"alignnone size-medium wp-image-23142\" src=\"https:\/\/www.kajforsblom.fi\/wp-content\/uploads\/2024\/03\/lost-and-found-2-300x200.png\" alt=\"\" width=\"300\" height=\"200\" srcset=\"https:\/\/www.kajforsblom.fi\/wp-content\/uploads\/2024\/03\/lost-and-found-2-300x200.png 300w, https:\/\/www.kajforsblom.fi\/wp-content\/uploads\/2024\/03\/lost-and-found-2-272x182.png 272w, https:\/\/www.kajforsblom.fi\/wp-content\/uploads\/2024\/03\/lost-and-found-2.png 768w\" sizes=\"(max-width: 300px) 100vw, 300px\" \/><\/a><\/p>\n<\/div><\/div><\/div><\/div><\/div>","protected":false},"excerpt":{"rendered":"<p>Lost property is stored for 3 months and the donated to charity. Valuable items are possible to pick up at our office for 3 months, after that they are taken &hellip; <a class=\"kt-excerpt-readmore more-link\" href=\"https:\/\/www.kajforsblom.fi\/en\/contact-information\/lost-and-found-items\/\" aria-label=\"Lost and found items\">\u00bb<\/a><\/p>\n","protected":false},"author":1,"featured_media":0,"parent":8380,"menu_order":0,"comment_status":"closed","ping_status":"closed","template":"","meta":{"footnotes":""},"class_list":["post-8502","page","type-page","status-publish","hentry"],"yoast_head":"<!-- This site is optimized with the Yoast SEO plugin v27.3 - https:\/\/yoast.com\/product\/yoast-seo-wordpress\/ -->\n<title>Lost and found items - tilausbussi Kaj Forsblom best\u00e4llningsbuss<\/title>\n<meta name=\"description\" content=\"S\u00e4ilyt\u00e4mme l l\u00f6yt\u00f6tavarat 3kk jonka j\u00e4lkeen tavarat annetaan hyv\u00e4ntekev\u00e4isyyteen. Arvokkaat l\u00f6yt\u00f6tavarat toimitetaan Porvoon poliisilaitokselle.\" \/>\n<meta name=\"robots\" content=\"index, follow, max-snippet:-1, max-image-preview:large, max-video-preview:-1\" \/>\n<link rel=\"canonical\" href=\"https:\/\/www.kajforsblom.fi\/en\/contact-information\/lost-and-found-items\/\" \/>\n<meta property=\"og:locale\" content=\"en_US\" \/>\n<meta property=\"og:type\" content=\"article\" \/>\n<meta property=\"og:title\" content=\"Lost and found items - tilausbussi Kaj Forsblom best\u00e4llningsbuss\" \/>\n<meta property=\"og:description\" content=\"S\u00e4ilyt\u00e4mme l l\u00f6yt\u00f6tavarat 3kk jonka j\u00e4lkeen tavarat annetaan hyv\u00e4ntekev\u00e4isyyteen. Arvokkaat l\u00f6yt\u00f6tavarat toimitetaan Porvoon poliisilaitokselle.\" \/>\n<meta property=\"og:url\" content=\"https:\/\/www.kajforsblom.fi\/en\/contact-information\/lost-and-found-items\/\" \/>\n<meta property=\"og:site_name\" content=\"tilausbussi Kaj Forsblom best\u00e4llningsbuss\" \/>\n<meta property=\"article:publisher\" content=\"https:\/\/www.facebook.com\/oykajforsblomab\/\" \/>\n<meta property=\"article:modified_time\" content=\"2024-03-01T10:35:08+00:00\" \/>\n<meta property=\"og:image\" content=\"https:\/\/www.kajforsblom.fi\/wp-content\/uploads\/2024\/03\/lost-and-found-2-300x200.png\" \/>\n<meta name=\"twitter:card\" content=\"summary_large_image\" \/>\n<meta name=\"twitter:label1\" content=\"Est. reading time\" \/>\n\t<meta name=\"twitter:data1\" content=\"1 minute\" \/>\n<script type=\"application\/ld+json\" class=\"yoast-schema-graph\">{\"@context\":\"https:\\\/\\\/schema.org\",\"@graph\":[{\"@type\":\"WebPage\",\"@id\":\"https:\\\/\\\/www.kajforsblom.fi\\\/en\\\/contact-information\\\/lost-and-found-items\\\/\",\"url\":\"https:\\\/\\\/www.kajforsblom.fi\\\/en\\\/contact-information\\\/lost-and-found-items\\\/\",\"name\":\"Lost and found items - tilausbussi Kaj Forsblom best\u00e4llningsbuss\",\"isPartOf\":{\"@id\":\"https:\\\/\\\/www.kajforsblom.fi\\\/#website\"},\"primaryImageOfPage\":{\"@id\":\"https:\\\/\\\/www.kajforsblom.fi\\\/en\\\/contact-information\\\/lost-and-found-items\\\/#primaryimage\"},\"image\":{\"@id\":\"https:\\\/\\\/www.kajforsblom.fi\\\/en\\\/contact-information\\\/lost-and-found-items\\\/#primaryimage\"},\"thumbnailUrl\":\"https:\\\/\\\/www.kajforsblom.fi\\\/wp-content\\\/uploads\\\/2024\\\/03\\\/lost-and-found-2-300x200.png\",\"datePublished\":\"2019-12-18T11:21:03+00:00\",\"dateModified\":\"2024-03-01T10:35:08+00:00\",\"description\":\"S\u00e4ilyt\u00e4mme l l\u00f6yt\u00f6tavarat 3kk jonka j\u00e4lkeen tavarat annetaan hyv\u00e4ntekev\u00e4isyyteen. Arvokkaat l\u00f6yt\u00f6tavarat toimitetaan Porvoon poliisilaitokselle.\",\"breadcrumb\":{\"@id\":\"https:\\\/\\\/www.kajforsblom.fi\\\/en\\\/contact-information\\\/lost-and-found-items\\\/#breadcrumb\"},\"inLanguage\":\"en-US\",\"potentialAction\":[{\"@type\":\"ReadAction\",\"target\":[\"https:\\\/\\\/www.kajforsblom.fi\\\/en\\\/contact-information\\\/lost-and-found-items\\\/\"]}]},{\"@type\":\"ImageObject\",\"inLanguage\":\"en-US\",\"@id\":\"https:\\\/\\\/www.kajforsblom.fi\\\/en\\\/contact-information\\\/lost-and-found-items\\\/#primaryimage\",\"url\":\"https:\\\/\\\/www.kajforsblom.fi\\\/wp-content\\\/uploads\\\/2024\\\/03\\\/lost-and-found-2-300x200.png\",\"contentUrl\":\"https:\\\/\\\/www.kajforsblom.fi\\\/wp-content\\\/uploads\\\/2024\\\/03\\\/lost-and-found-2-300x200.png\"},{\"@type\":\"BreadcrumbList\",\"@id\":\"https:\\\/\\\/www.kajforsblom.fi\\\/en\\\/contact-information\\\/lost-and-found-items\\\/#breadcrumb\",\"itemListElement\":[{\"@type\":\"ListItem\",\"position\":1,\"name\":\"Home\",\"item\":\"https:\\\/\\\/www.kajforsblom.fi\\\/en\\\/\"},{\"@type\":\"ListItem\",\"position\":2,\"name\":\"Contact information\",\"item\":\"https:\\\/\\\/www.kajforsblom.fi\\\/en\\\/contact-information\\\/\"},{\"@type\":\"ListItem\",\"position\":3,\"name\":\"Lost and found items\"}]},{\"@type\":\"WebSite\",\"@id\":\"https:\\\/\\\/www.kajforsblom.fi\\\/#website\",\"url\":\"https:\\\/\\\/www.kajforsblom.fi\\\/\",\"name\":\"tilausbussi Kaj Forsblom best\u00e4llningsbuss\",\"description\":\"bussi Helsinki, Sipoo, Porvoo, Loviisa - Buss Helsingfors, Sibbo, Borg\u00e5, Lovisa\",\"publisher\":{\"@id\":\"https:\\\/\\\/www.kajforsblom.fi\\\/#organization\"},\"potentialAction\":[{\"@type\":\"SearchAction\",\"target\":{\"@type\":\"EntryPoint\",\"urlTemplate\":\"https:\\\/\\\/www.kajforsblom.fi\\\/?s={search_term_string}\"},\"query-input\":{\"@type\":\"PropertyValueSpecification\",\"valueRequired\":true,\"valueName\":\"search_term_string\"}}],\"inLanguage\":\"en-US\"},{\"@type\":\"Organization\",\"@id\":\"https:\\\/\\\/www.kajforsblom.fi\\\/#organization\",\"name\":\"Kaj Forsblom\",\"url\":\"https:\\\/\\\/www.kajforsblom.fi\\\/\",\"logo\":{\"@type\":\"ImageObject\",\"inLanguage\":\"en-US\",\"@id\":\"https:\\\/\\\/www.kajforsblom.fi\\\/#\\\/schema\\\/logo\\\/image\\\/\",\"url\":\"\",\"contentUrl\":\"\",\"caption\":\"Kaj Forsblom\"},\"image\":{\"@id\":\"https:\\\/\\\/www.kajforsblom.fi\\\/#\\\/schema\\\/logo\\\/image\\\/\"},\"sameAs\":[\"https:\\\/\\\/www.facebook.com\\\/oykajforsblomab\\\/\",\"https:\\\/\\\/www.instagram.com\\\/oykajforsblomab_\\\/?hl=fihttps:\\\/\\\/www.instagram.com\\\/kajforsblom_lost_found\\\/\"]}]}<\/script>\n<!-- \/ Yoast SEO plugin. -->","yoast_head_json":{"title":"Lost and found items - tilausbussi Kaj Forsblom best\u00e4llningsbuss","description":"S\u00e4ilyt\u00e4mme l l\u00f6yt\u00f6tavarat 3kk jonka j\u00e4lkeen tavarat annetaan hyv\u00e4ntekev\u00e4isyyteen. Arvokkaat l\u00f6yt\u00f6tavarat toimitetaan Porvoon poliisilaitokselle.","robots":{"index":"index","follow":"follow","max-snippet":"max-snippet:-1","max-image-preview":"max-image-preview:large","max-video-preview":"max-video-preview:-1"},"canonical":"https:\/\/www.kajforsblom.fi\/en\/contact-information\/lost-and-found-items\/","og_locale":"en_US","og_type":"article","og_title":"Lost and found items - tilausbussi Kaj Forsblom best\u00e4llningsbuss","og_description":"S\u00e4ilyt\u00e4mme l l\u00f6yt\u00f6tavarat 3kk jonka j\u00e4lkeen tavarat annetaan hyv\u00e4ntekev\u00e4isyyteen. Arvokkaat l\u00f6yt\u00f6tavarat toimitetaan Porvoon poliisilaitokselle.","og_url":"https:\/\/www.kajforsblom.fi\/en\/contact-information\/lost-and-found-items\/","og_site_name":"tilausbussi Kaj Forsblom best\u00e4llningsbuss","article_publisher":"https:\/\/www.facebook.com\/oykajforsblomab\/","article_modified_time":"2024-03-01T10:35:08+00:00","og_image":[{"url":"https:\/\/www.kajforsblom.fi\/wp-content\/uploads\/2024\/03\/lost-and-found-2-300x200.png","type":"","width":"","height":""}],"twitter_card":"summary_large_image","twitter_misc":{"Est. reading time":"1 minute"},"schema":{"@context":"https:\/\/schema.org","@graph":[{"@type":"WebPage","@id":"https:\/\/www.kajforsblom.fi\/en\/contact-information\/lost-and-found-items\/","url":"https:\/\/www.kajforsblom.fi\/en\/contact-information\/lost-and-found-items\/","name":"Lost and found items - tilausbussi Kaj Forsblom best\u00e4llningsbuss","isPartOf":{"@id":"https:\/\/www.kajforsblom.fi\/#website"},"primaryImageOfPage":{"@id":"https:\/\/www.kajforsblom.fi\/en\/contact-information\/lost-and-found-items\/#primaryimage"},"image":{"@id":"https:\/\/www.kajforsblom.fi\/en\/contact-information\/lost-and-found-items\/#primaryimage"},"thumbnailUrl":"https:\/\/www.kajforsblom.fi\/wp-content\/uploads\/2024\/03\/lost-and-found-2-300x200.png","datePublished":"2019-12-18T11:21:03+00:00","dateModified":"2024-03-01T10:35:08+00:00","description":"S\u00e4ilyt\u00e4mme l l\u00f6yt\u00f6tavarat 3kk jonka j\u00e4lkeen tavarat annetaan hyv\u00e4ntekev\u00e4isyyteen. Arvokkaat l\u00f6yt\u00f6tavarat toimitetaan Porvoon poliisilaitokselle.","breadcrumb":{"@id":"https:\/\/www.kajforsblom.fi\/en\/contact-information\/lost-and-found-items\/#breadcrumb"},"inLanguage":"en-US","potentialAction":[{"@type":"ReadAction","target":["https:\/\/www.kajforsblom.fi\/en\/contact-information\/lost-and-found-items\/"]}]},{"@type":"ImageObject","inLanguage":"en-US","@id":"https:\/\/www.kajforsblom.fi\/en\/contact-information\/lost-and-found-items\/#primaryimage","url":"https:\/\/www.kajforsblom.fi\/wp-content\/uploads\/2024\/03\/lost-and-found-2-300x200.png","contentUrl":"https:\/\/www.kajforsblom.fi\/wp-content\/uploads\/2024\/03\/lost-and-found-2-300x200.png"},{"@type":"BreadcrumbList","@id":"https:\/\/www.kajforsblom.fi\/en\/contact-information\/lost-and-found-items\/#breadcrumb","itemListElement":[{"@type":"ListItem","position":1,"name":"Home","item":"https:\/\/www.kajforsblom.fi\/en\/"},{"@type":"ListItem","position":2,"name":"Contact information","item":"https:\/\/www.kajforsblom.fi\/en\/contact-information\/"},{"@type":"ListItem","position":3,"name":"Lost and found items"}]},{"@type":"WebSite","@id":"https:\/\/www.kajforsblom.fi\/#website","url":"https:\/\/www.kajforsblom.fi\/","name":"tilausbussi Kaj Forsblom best\u00e4llningsbuss","description":"bussi Helsinki, Sipoo, Porvoo, Loviisa - Buss Helsingfors, Sibbo, Borg\u00e5, Lovisa","publisher":{"@id":"https:\/\/www.kajforsblom.fi\/#organization"},"potentialAction":[{"@type":"SearchAction","target":{"@type":"EntryPoint","urlTemplate":"https:\/\/www.kajforsblom.fi\/?s={search_term_string}"},"query-input":{"@type":"PropertyValueSpecification","valueRequired":true,"valueName":"search_term_string"}}],"inLanguage":"en-US"},{"@type":"Organization","@id":"https:\/\/www.kajforsblom.fi\/#organization","name":"Kaj Forsblom","url":"https:\/\/www.kajforsblom.fi\/","logo":{"@type":"ImageObject","inLanguage":"en-US","@id":"https:\/\/www.kajforsblom.fi\/#\/schema\/logo\/image\/","url":"","contentUrl":"","caption":"Kaj Forsblom"},"image":{"@id":"https:\/\/www.kajforsblom.fi\/#\/schema\/logo\/image\/"},"sameAs":["https:\/\/www.facebook.com\/oykajforsblomab\/","https:\/\/www.instagram.com\/oykajforsblomab_\/?hl=fihttps:\/\/www.instagram.com\/kajforsblom_lost_found\/"]}]}},"_links":{"self":[{"href":"https:\/\/www.kajforsblom.fi\/en\/wp-json\/wp\/v2\/pages\/8502","targetHints":{"allow":["GET"]}}],"collection":[{"href":"https:\/\/www.kajforsblom.fi\/en\/wp-json\/wp\/v2\/pages"}],"about":[{"href":"https:\/\/www.kajforsblom.fi\/en\/wp-json\/wp\/v2\/types\/page"}],"author":[{"embeddable":true,"href":"https:\/\/www.kajforsblom.fi\/en\/wp-json\/wp\/v2\/users\/1"}],"replies":[{"embeddable":true,"href":"https:\/\/www.kajforsblom.fi\/en\/wp-json\/wp\/v2\/comments?post=8502"}],"version-history":[{"count":0,"href":"https:\/\/www.kajforsblom.fi\/en\/wp-json\/wp\/v2\/pages\/8502\/revisions"}],"up":[{"embeddable":true,"href":"https:\/\/www.kajforsblom.fi\/en\/wp-json\/wp\/v2\/pages\/8380"}],"wp:attachment":[{"href":"https:\/\/www.kajforsblom.fi\/en\/wp-json\/wp\/v2\/media?parent=8502"}],"curies":[{"name":"wp","href":"https:\/\/api.w.org\/{rel}","templated":true}]}}