{"id":9207,"date":"2019-12-30T20:02:18","date_gmt":"2019-12-30T20:02:18","guid":{"rendered":"https:\/\/www.kajforsblom.fi\/bustimetable\/porvoo-juornankyla-sikila-ilola\/"},"modified":"2024-05-30T15:30:06","modified_gmt":"2024-05-30T13:30:06","slug":"porvoo-juornaankyla-sikila-ilola","status":"publish","type":"page","link":"https:\/\/www.kajforsblom.fi\/en\/bustimetable\/porvoo-juornaankyla-sikila-ilola\/","title":{"rendered":"Porvoo &#8211; Juornaankyl\u00e4 &#8211; Sikil\u00e4 &#8211; Ilola &#8211; Porvoo"},"content":{"rendered":"<div id=\"pl-9207\"  class=\"panel-layout\" ><div id=\"pg-9207-0\"  class=\"panel-grid panel-no-style\" ><div id=\"pgc-9207-0-0\"  class=\"panel-grid-cell\" ><div id=\"panel-9207-0-0-0\" class=\"so-panel widget widget_black-studio-tinymce widget_black_studio_tinymce panel-first-child\" data-index=\"0\" ><div class=\"textwidget\"><h1>Porvoo- Juornankyl\u00e4 - Sikil\u00e4 - Ilola - Porvoo<\/h1>\n<h3>SCHOOLDAYS<\/h3>\n<h4>PORVOO - JUORNAANKYL\u00c4 - PORVOO<\/h4>\n\n<table id=\"tablepress-9\" class=\"tablepress tablepress-id-9 tablepress-responsive tablepress-responsive-phone\">\n<tbody class=\"row-striping row-hover\">\n<tr class=\"row-1\">\n\t<td class=\"column-1\">Porvoo, Borg\u00e5<\/td><td class=\"column-2\">07:30<\/td><td class=\"column-3\">Juornaankyl\u00e4, Jordansb\u00f6le<\/td><td class=\"column-4\">08:05<\/td>\n<\/tr>\n<tr class=\"row-2\">\n\t<td class=\"column-1\">Brusas<\/td><td class=\"column-2\">07:35<\/td><td class=\"column-3\">Forssl\u00e4tt<\/td><td class=\"column-4\">08:07<\/td>\n<\/tr>\n<tr class=\"row-3\">\n\t<td class=\"column-1\">Alho<\/td><td class=\"column-2\">07:40<\/td><td class=\"column-3\">Sikil\u00e4, Siggb\u00f6le<\/td><td class=\"column-4\">08:15<\/td>\n<\/tr>\n<tr class=\"row-4\">\n\t<td class=\"column-1\">Kaivopuisto<\/td><td class=\"column-2\">07:45<\/td><td class=\"column-3\">Ilola, Illby<\/td><td class=\"column-4\">08:25<\/td>\n<\/tr>\n<tr class=\"row-5\">\n\t<td class=\"column-1\">Til\u00e4\u00e4<\/td><td class=\"column-2\">07:50<\/td><td class=\"column-3\">Rita<\/td><td class=\"column-4\">08:30<\/td>\n<\/tr>\n<tr class=\"row-6\">\n\t<td class=\"column-1\">Forssl\u00e4tt<\/td><td class=\"column-2\">07:55<\/td><td class=\"column-3\">Porvoo, Borg\u00e5<\/td><td class=\"column-4\">08:45<\/td>\n<\/tr>\n<tr class=\"row-7\">\n\t<td class=\"column-1\">Juornaankyl\u00e4, Jordansb\u00f6le<\/td><td class=\"column-2\">08:05<\/td><td class=\"column-3\"><\/td><td class=\"column-4\"><\/td>\n<\/tr>\n<\/tbody>\n<\/table>\n<!-- #tablepress-9 from cache -->\n<hr \/>\n<h1>Porvoo - Forssl\u00e4tt - Porvoo<\/h1>\n<h3>SCHOOLDAYS<\/h3>\n<h4>PORVOO - FORSSL\u00c4TT - PORVOO<\/h4>\n\n<table id=\"tablepress-11\" class=\"tablepress tablepress-id-11 tablepress-responsive tablepress-responsive-phone\">\n<tbody class=\"row-striping row-hover\">\n<tr class=\"row-1\">\n\t<td class=\"column-1\">Porvoo, Borg\u00e5<\/td><td class=\"column-2\">14:15<\/td><td class=\"column-3\">Forssl\u00e4tt<\/td><td class=\"column-4\">14:45<\/td>\n<\/tr>\n<tr class=\"row-2\">\n\t<td class=\"column-1\">Rita<\/td><td class=\"column-2\">14:20<\/td><td class=\"column-3\">S\u00e4rkij\u00e4rvi<\/td><td class=\"column-4\">14:50<\/td>\n<\/tr>\n<tr class=\"row-3\">\n\t<td class=\"column-1\">Ilola, Illby<\/td><td class=\"column-2\">14:27<\/td><td class=\"column-3\">Pyk\u00e4list\u00f6<\/td><td class=\"column-4\">15:00<\/td>\n<\/tr>\n<tr class=\"row-4\">\n\t<td class=\"column-1\">Sikil\u00e4, Siggb\u00f6le<\/td><td class=\"column-2\">14:35<\/td><td class=\"column-3\">Wittenberginkatu, Wittenbergsgatan<\/td><td class=\"column-4\">15:10<\/td>\n<\/tr>\n<tr class=\"row-5\">\n\t<td class=\"column-1\">Forssl\u00e4tt<\/td><td class=\"column-2\">14:45<\/td><td class=\"column-3\">Porvoo, Borg\u00e5<\/td><td class=\"column-4\">15:15<\/td>\n<\/tr>\n<tr class=\"row-6\">\n\t<td class=\"column-1\"><\/td><td class=\"column-2\"><\/td><td class=\"column-3\"><\/td><td class=\"column-4\"><\/td>\n<\/tr>\n<\/tbody>\n<\/table>\n<!-- #tablepress-11 from cache -->\n<hr \/>\n<h4>Tickets<\/h4>\n<p>For more intformation please contact our office\u00a0<a href=\"https:\/\/www.kajforsblom.fi\/en\/contact-information\/\">here<\/a><\/p>\n<h4>Payment methods<\/h4>\n<p>We accept bus passes, debitcard and cash in our local transportation buses. The charter bus transportation can be paid by invoice, in cash or with credit card. The payment method is decided at the booking phase.<\/p>\n<h4>Service information<\/h4>\n<p>Up to date information about the timetables and possible changes in them, is available in Oy Matkahuolto Ab\u2019s timetable system and on the service number 0200-4000.<br \/>\nIn case of urgency please call our 24 h service number +358 400 492 146<\/p>\n<\/div><\/div><div id=\"panel-9207-0-0-1\" class=\"so-panel widget widget_kadence_about_with_image kadence_about_with_image panel-last-child\" data-index=\"1\" ><div class=\"kad_img_upload_widget kt-shape-type-kt-image-shape-standard kt-image-align-left kt-image-widget-widget-0-0-1\"><a href=\"https:\/\/www.matkahuolto.fi\" target=\"_blank\"><div class=\"kt-image-contain kt-image-shadow-none kt-image-shape-standard\"><div class=\"kt-image-inner-contain\"><img decoding=\"async\" src=\"https:\/\/www.kajforsblom.fi\/wp-content\/uploads\/2019\/12\/matkahuolto_logo-200x135.jpg\" width=\"200\" height=\"135\" srcset=\"https:\/\/www.kajforsblom.fi\/wp-content\/uploads\/2019\/12\/matkahuolto_logo-200x135.jpg 200w, https:\/\/www.kajforsblom.fi\/wp-content\/uploads\/2019\/12\/matkahuolto_logo-300x203.jpg 300w, https:\/\/www.kajforsblom.fi\/wp-content\/uploads\/2019\/12\/matkahuolto_logo-272x182.jpg 272w, https:\/\/www.kajforsblom.fi\/wp-content\/uploads\/2019\/12\/matkahuolto_logo-400x270.jpg 400w, https:\/\/www.kajforsblom.fi\/wp-content\/uploads\/2019\/12\/matkahuolto_logo.jpg 579w\" sizes=\"(max-width: 200px) 100vw, 200px\" class=\"\" itemprop=\"contentUrl\" alt=\"Matkahuolto\"><\/div><\/div><\/a><\/div><\/div><\/div><\/div><\/div>","protected":false},"excerpt":{"rendered":"<p>Porvoo- Juornankyl\u00e4 &#8211; Sikil\u00e4 &#8211; Ilola &#8211; Porvoo SCHOOLDAYS PORVOO &#8211; JUORNAANKYL\u00c4 &#8211; PORVOO Porvoo &#8211; Forssl\u00e4tt &#8211; Porvoo SCHOOLDAYS PORVOO &#8211; FORSSL\u00c4TT &#8211; PORVOO Tickets For more intformation please &hellip; <a class=\"kt-excerpt-readmore more-link\" href=\"https:\/\/www.kajforsblom.fi\/en\/bustimetable\/porvoo-juornaankyla-sikila-ilola\/\" aria-label=\"Porvoo &#8211; Juornaankyl\u00e4 &#8211; Sikil\u00e4 &#8211; Ilola &#8211; Porvoo\">\u00bb<\/a><\/p>\n","protected":false},"author":1,"featured_media":0,"parent":8621,"menu_order":0,"comment_status":"closed","ping_status":"closed","template":"","meta":{"footnotes":""},"class_list":["post-9207","page","type-page","status-publish","hentry"],"yoast_head":"<!-- This site is optimized with the Yoast SEO plugin v27.3 - https:\/\/yoast.com\/product\/yoast-seo-wordpress\/ -->\n<title>Porvoo - Juornaankyl\u00e4 - Sikil\u00e4 - Ilola - Porvoo - tilausbussi Kaj Forsblom best\u00e4llningsbuss<\/title>\n<meta name=\"robots\" content=\"index, follow, max-snippet:-1, max-image-preview:large, max-video-preview:-1\" \/>\n<link rel=\"canonical\" href=\"https:\/\/www.kajforsblom.fi\/en\/bustimetable\/porvoo-juornaankyla-sikila-ilola\/\" \/>\n<meta property=\"og:locale\" content=\"en_US\" \/>\n<meta property=\"og:type\" content=\"article\" \/>\n<meta property=\"og:title\" content=\"Porvoo - Juornaankyl\u00e4 - Sikil\u00e4 - Ilola - Porvoo - tilausbussi Kaj Forsblom best\u00e4llningsbuss\" \/>\n<meta property=\"og:description\" content=\"Porvoo- Juornankyl\u00e4 - Sikil\u00e4 - Ilola - Porvoo SCHOOLDAYS PORVOO - JUORNAANKYL\u00c4 - PORVOO Porvoo - Forssl\u00e4tt - Porvoo SCHOOLDAYS PORVOO - FORSSL\u00c4TT - PORVOO Tickets For more intformation please &hellip; \u00bb\" \/>\n<meta property=\"og:url\" content=\"https:\/\/www.kajforsblom.fi\/en\/bustimetable\/porvoo-juornaankyla-sikila-ilola\/\" \/>\n<meta property=\"og:site_name\" content=\"tilausbussi Kaj Forsblom best\u00e4llningsbuss\" \/>\n<meta property=\"article:publisher\" content=\"https:\/\/www.facebook.com\/oykajforsblomab\/\" \/>\n<meta property=\"article:modified_time\" content=\"2024-05-30T13:30:06+00:00\" \/>\n<meta name=\"twitter:card\" content=\"summary_large_image\" \/>\n<meta name=\"twitter:label1\" content=\"Est. reading time\" \/>\n\t<meta name=\"twitter:data1\" content=\"2 minutes\" \/>\n<script type=\"application\/ld+json\" class=\"yoast-schema-graph\">{\"@context\":\"https:\\\/\\\/schema.org\",\"@graph\":[{\"@type\":\"WebPage\",\"@id\":\"https:\\\/\\\/www.kajforsblom.fi\\\/en\\\/bustimetable\\\/porvoo-juornaankyla-sikila-ilola\\\/\",\"url\":\"https:\\\/\\\/www.kajforsblom.fi\\\/en\\\/bustimetable\\\/porvoo-juornaankyla-sikila-ilola\\\/\",\"name\":\"Porvoo - Juornaankyl\u00e4 - Sikil\u00e4 - Ilola - Porvoo - tilausbussi Kaj Forsblom best\u00e4llningsbuss\",\"isPartOf\":{\"@id\":\"https:\\\/\\\/www.kajforsblom.fi\\\/#website\"},\"datePublished\":\"2019-12-30T20:02:18+00:00\",\"dateModified\":\"2024-05-30T13:30:06+00:00\",\"breadcrumb\":{\"@id\":\"https:\\\/\\\/www.kajforsblom.fi\\\/en\\\/bustimetable\\\/porvoo-juornaankyla-sikila-ilola\\\/#breadcrumb\"},\"inLanguage\":\"en-US\",\"potentialAction\":[{\"@type\":\"ReadAction\",\"target\":[\"https:\\\/\\\/www.kajforsblom.fi\\\/en\\\/bustimetable\\\/porvoo-juornaankyla-sikila-ilola\\\/\"]}]},{\"@type\":\"BreadcrumbList\",\"@id\":\"https:\\\/\\\/www.kajforsblom.fi\\\/en\\\/bustimetable\\\/porvoo-juornaankyla-sikila-ilola\\\/#breadcrumb\",\"itemListElement\":[{\"@type\":\"ListItem\",\"position\":1,\"name\":\"Home\",\"item\":\"https:\\\/\\\/www.kajforsblom.fi\\\/en\\\/\"},{\"@type\":\"ListItem\",\"position\":2,\"name\":\"Bus timetable\",\"item\":\"https:\\\/\\\/www.kajforsblom.fi\\\/en\\\/bustimetable\\\/\"},{\"@type\":\"ListItem\",\"position\":3,\"name\":\"Porvoo &#8211; Juornaankyl\u00e4 &#8211; Sikil\u00e4 &#8211; Ilola &#8211; Porvoo\"}]},{\"@type\":\"WebSite\",\"@id\":\"https:\\\/\\\/www.kajforsblom.fi\\\/#website\",\"url\":\"https:\\\/\\\/www.kajforsblom.fi\\\/\",\"name\":\"tilausbussi Kaj Forsblom best\u00e4llningsbuss\",\"description\":\"bussi Helsinki, Sipoo, Porvoo, Loviisa - Buss Helsingfors, Sibbo, Borg\u00e5, Lovisa\",\"publisher\":{\"@id\":\"https:\\\/\\\/www.kajforsblom.fi\\\/#organization\"},\"potentialAction\":[{\"@type\":\"SearchAction\",\"target\":{\"@type\":\"EntryPoint\",\"urlTemplate\":\"https:\\\/\\\/www.kajforsblom.fi\\\/?s={search_term_string}\"},\"query-input\":{\"@type\":\"PropertyValueSpecification\",\"valueRequired\":true,\"valueName\":\"search_term_string\"}}],\"inLanguage\":\"en-US\"},{\"@type\":\"Organization\",\"@id\":\"https:\\\/\\\/www.kajforsblom.fi\\\/#organization\",\"name\":\"Kaj Forsblom\",\"url\":\"https:\\\/\\\/www.kajforsblom.fi\\\/\",\"logo\":{\"@type\":\"ImageObject\",\"inLanguage\":\"en-US\",\"@id\":\"https:\\\/\\\/www.kajforsblom.fi\\\/#\\\/schema\\\/logo\\\/image\\\/\",\"url\":\"\",\"contentUrl\":\"\",\"caption\":\"Kaj Forsblom\"},\"image\":{\"@id\":\"https:\\\/\\\/www.kajforsblom.fi\\\/#\\\/schema\\\/logo\\\/image\\\/\"},\"sameAs\":[\"https:\\\/\\\/www.facebook.com\\\/oykajforsblomab\\\/\",\"https:\\\/\\\/www.instagram.com\\\/oykajforsblomab_\\\/?hl=fihttps:\\\/\\\/www.instagram.com\\\/kajforsblom_lost_found\\\/\"]}]}<\/script>\n<!-- \/ Yoast SEO plugin. -->","yoast_head_json":{"title":"Porvoo - Juornaankyl\u00e4 - Sikil\u00e4 - Ilola - Porvoo - tilausbussi Kaj Forsblom best\u00e4llningsbuss","robots":{"index":"index","follow":"follow","max-snippet":"max-snippet:-1","max-image-preview":"max-image-preview:large","max-video-preview":"max-video-preview:-1"},"canonical":"https:\/\/www.kajforsblom.fi\/en\/bustimetable\/porvoo-juornaankyla-sikila-ilola\/","og_locale":"en_US","og_type":"article","og_title":"Porvoo - Juornaankyl\u00e4 - Sikil\u00e4 - Ilola - Porvoo - tilausbussi Kaj Forsblom best\u00e4llningsbuss","og_description":"Porvoo- Juornankyl\u00e4 - Sikil\u00e4 - Ilola - Porvoo SCHOOLDAYS PORVOO - JUORNAANKYL\u00c4 - PORVOO Porvoo - Forssl\u00e4tt - Porvoo SCHOOLDAYS PORVOO - FORSSL\u00c4TT - PORVOO Tickets For more intformation please &hellip; \u00bb","og_url":"https:\/\/www.kajforsblom.fi\/en\/bustimetable\/porvoo-juornaankyla-sikila-ilola\/","og_site_name":"tilausbussi Kaj Forsblom best\u00e4llningsbuss","article_publisher":"https:\/\/www.facebook.com\/oykajforsblomab\/","article_modified_time":"2024-05-30T13:30:06+00:00","twitter_card":"summary_large_image","twitter_misc":{"Est. reading time":"2 minutes"},"schema":{"@context":"https:\/\/schema.org","@graph":[{"@type":"WebPage","@id":"https:\/\/www.kajforsblom.fi\/en\/bustimetable\/porvoo-juornaankyla-sikila-ilola\/","url":"https:\/\/www.kajforsblom.fi\/en\/bustimetable\/porvoo-juornaankyla-sikila-ilola\/","name":"Porvoo - Juornaankyl\u00e4 - Sikil\u00e4 - Ilola - Porvoo - tilausbussi Kaj Forsblom best\u00e4llningsbuss","isPartOf":{"@id":"https:\/\/www.kajforsblom.fi\/#website"},"datePublished":"2019-12-30T20:02:18+00:00","dateModified":"2024-05-30T13:30:06+00:00","breadcrumb":{"@id":"https:\/\/www.kajforsblom.fi\/en\/bustimetable\/porvoo-juornaankyla-sikila-ilola\/#breadcrumb"},"inLanguage":"en-US","potentialAction":[{"@type":"ReadAction","target":["https:\/\/www.kajforsblom.fi\/en\/bustimetable\/porvoo-juornaankyla-sikila-ilola\/"]}]},{"@type":"BreadcrumbList","@id":"https:\/\/www.kajforsblom.fi\/en\/bustimetable\/porvoo-juornaankyla-sikila-ilola\/#breadcrumb","itemListElement":[{"@type":"ListItem","position":1,"name":"Home","item":"https:\/\/www.kajforsblom.fi\/en\/"},{"@type":"ListItem","position":2,"name":"Bus timetable","item":"https:\/\/www.kajforsblom.fi\/en\/bustimetable\/"},{"@type":"ListItem","position":3,"name":"Porvoo &#8211; Juornaankyl\u00e4 &#8211; Sikil\u00e4 &#8211; Ilola &#8211; Porvoo"}]},{"@type":"WebSite","@id":"https:\/\/www.kajforsblom.fi\/#website","url":"https:\/\/www.kajforsblom.fi\/","name":"tilausbussi Kaj Forsblom best\u00e4llningsbuss","description":"bussi Helsinki, Sipoo, Porvoo, Loviisa - Buss Helsingfors, Sibbo, Borg\u00e5, Lovisa","publisher":{"@id":"https:\/\/www.kajforsblom.fi\/#organization"},"potentialAction":[{"@type":"SearchAction","target":{"@type":"EntryPoint","urlTemplate":"https:\/\/www.kajforsblom.fi\/?s={search_term_string}"},"query-input":{"@type":"PropertyValueSpecification","valueRequired":true,"valueName":"search_term_string"}}],"inLanguage":"en-US"},{"@type":"Organization","@id":"https:\/\/www.kajforsblom.fi\/#organization","name":"Kaj Forsblom","url":"https:\/\/www.kajforsblom.fi\/","logo":{"@type":"ImageObject","inLanguage":"en-US","@id":"https:\/\/www.kajforsblom.fi\/#\/schema\/logo\/image\/","url":"","contentUrl":"","caption":"Kaj Forsblom"},"image":{"@id":"https:\/\/www.kajforsblom.fi\/#\/schema\/logo\/image\/"},"sameAs":["https:\/\/www.facebook.com\/oykajforsblomab\/","https:\/\/www.instagram.com\/oykajforsblomab_\/?hl=fihttps:\/\/www.instagram.com\/kajforsblom_lost_found\/"]}]}},"_links":{"self":[{"href":"https:\/\/www.kajforsblom.fi\/en\/wp-json\/wp\/v2\/pages\/9207","targetHints":{"allow":["GET"]}}],"collection":[{"href":"https:\/\/www.kajforsblom.fi\/en\/wp-json\/wp\/v2\/pages"}],"about":[{"href":"https:\/\/www.kajforsblom.fi\/en\/wp-json\/wp\/v2\/types\/page"}],"author":[{"embeddable":true,"href":"https:\/\/www.kajforsblom.fi\/en\/wp-json\/wp\/v2\/users\/1"}],"replies":[{"embeddable":true,"href":"https:\/\/www.kajforsblom.fi\/en\/wp-json\/wp\/v2\/comments?post=9207"}],"version-history":[{"count":0,"href":"https:\/\/www.kajforsblom.fi\/en\/wp-json\/wp\/v2\/pages\/9207\/revisions"}],"up":[{"embeddable":true,"href":"https:\/\/www.kajforsblom.fi\/en\/wp-json\/wp\/v2\/pages\/8621"}],"wp:attachment":[{"href":"https:\/\/www.kajforsblom.fi\/en\/wp-json\/wp\/v2\/media?parent=9207"}],"curies":[{"name":"wp","href":"https:\/\/api.w.org\/{rel}","templated":true}]}}