{"id":14032,"date":"2021-02-03T09:25:31","date_gmt":"2021-02-03T09:25:31","guid":{"rendered":"https:\/\/www.kajforsblom.fi\/?page_id=14032"},"modified":"2021-03-11T14:37:22","modified_gmt":"2021-03-11T12:37:22","slug":"forsaljnings-och-bokningsvillkor","status":"publish","type":"page","link":"https:\/\/www.kajforsblom.fi\/sv\/forsaljnings-och-bokningsvillkor\/","title":{"rendered":"F\u00f6rs\u00e4ljnings- och bokningsvillkor"},"content":{"rendered":"<div id=\"pl-14032\"  class=\"panel-layout\" ><div id=\"pg-14032-0\"  class=\"panel-grid panel-no-style\" ><div id=\"pgc-14032-0-0\"  class=\"panel-grid-cell\" >\n\n        <div id=\"panel-14032-0-0-0\" class=\"so-panel widget widget_kadence_calltoaction_widget kadence_calltoaction_widget panel-first-child panel-last-child\" data-index=\"0\" ><div class=\"kt-ctaw clearfix\"><h2 class=\"kt-call-to-action-title\" style=\"color:#333333; font-size:50px; line-height:1; text-align:center; \"  data-max-size=\"50\" data-min-size=\"36\"><B>F\u00d6RS\u00c4LJNINGS-<\/B> OCH BOKNINGSVILLKOR<\/h2><\/div><\/div>\n    <\/div><\/div><div id=\"pg-14032-1\"  class=\"panel-grid panel-no-style\" ><div id=\"pgc-14032-1-0\"  class=\"panel-grid-cell\" ><div id=\"panel-14032-1-0-0\" class=\"so-panel widget widget_black-studio-tinymce widget_black_studio_tinymce panel-first-child panel-last-child\" data-index=\"1\" ><div class=\"textwidget\"><h6><strong>1. AVBOKNINGSVILLKOR F\u00d6R ENDAST BUSSTRANSPORTER:<\/strong><\/h6>\n<p>(g\u00e4ller resor med endast busstransport)<\/p>\n<p><strong>Kunden har r\u00e4tt att avboka resan enligt f\u00f6ljande villkor:<\/strong><br \/>\n<strong>Om kunden avbokar resan:<br \/>\n<\/strong><\/p>\n<ul>\n<li>tidigare \u00e4n 7 dygn f\u00f6re resan - ingen avbokningsavgift,<\/li>\n<li>0-6 dygn f\u00f6re resan - avbokningsavgift 50 % av resans pris<\/li>\n<li>Avbokningen tr\u00e4der i kraft n\u00e4r researrang\u00f6ren f\u00e5tt information om resans avbokning av kunden<\/li>\n<li>Om bokaren bokat resor f\u00f6r flera personer, \u00e4r det p\u00e5 dennes ansvar att avboka ocks\u00e5 deras resa<\/li>\n<\/ul>\n<p><strong>Ifall researrang\u00f6ren avbokar resan:<\/strong><\/p>\n<ul>\n<li>Researrang\u00f6ren har r\u00e4tt att avboka resan (1 vecka innan resan) ifall det inte finns tillr\u00e4ckligt med deltagare<\/li>\n<li>Anm\u00e4lning om resans annullering sker senast 3 dygn f\u00f6re avf\u00e4rden<\/li>\n<li>Researrang\u00f6ren returnerar den betalda summan inom 14 dagar till det konto som resen\u00e4ren meddelat oss<\/li>\n<\/ul>\n<p>R\u00e4tt till \u00e4ndringar i resans program eller pris f\u00f6rbeh\u00e5lls.<\/p>\n<p>&nbsp;<\/p>\n<h6><strong>2. AVBOKNINGSVILLKOR F\u00d6R DAGSRESOR OCH ANDRA RESOR:<\/strong><\/h6>\n<p><strong>Resor med \u00f6vernattning:<\/strong> inkluderar ut\u00f6ver busstransport \u00e4ven i programmet n\u00e4mnda bokningar och program. <strong>Dagsresor:<\/strong> i resepaketens pris ing\u00e5r alltid (ut\u00f6ver busstransport) de i programmet n\u00e4mnda tj\u00e4nsterna. Resan betalas i n\u00e4tbutiken eller med faktura (g\u00e4ller bokningar gjorda per e-post eller telefon). Resan kan inte betalas i bussen.<\/p>\n<p>Resan kan k\u00f6pas i v\u00e5r n\u00e4tbutik (24\/7), per e-post till adressen booking@kajforsblom.fi eller per telefon p\u00e5 numret 019 524 3993. V\u00e5rt kontor \u00e4r \u00f6ppet p\u00e5 vardagar kl. 8.30-16.30. De bokningar som g\u00f6rs per e-post och telefon fakturerar vi f\u00f6r p\u00e5 f\u00f6rhand.<\/p>\n<p>Som betalningstj\u00e4nstleverant\u00f6r f\u00f6r n\u00e4tbetalningarna fungerar Visma Pay.<\/p>\n<p>D\u00e5 du bokar per e-post eller telefon beh\u00f6ver vi f\u00f6ljande uppgifter: ditt namn, din e-post adress och telefonnummer, starth\u00e5llplats samt din faktureringsadress (postadress eller e-postadress).<\/p>\n<p><strong>\u00d6vrigt att ta i beaktande<\/strong><\/p>\n<ul>\n<li>Meddela eventuella specialdieter i samband med bokandet av resan<\/li>\n<li>Vi tar kundens \u00f6nskem\u00e5l och bokandet av sittplatser i bussen i beaktande i s\u00e5 stor utstr\u00e4ckning som m\u00f6jligt<\/li>\n<li>Meddela om m\u00f6jliga r\u00f6relsehindrade personer i samband med bokandet av resan<\/li>\n<\/ul>\n<p><strong>AVBOKNINGSVILLKOR F\u00d6R RESOR K\u00d6PTA I N\u00c4TBUTIKEN<\/strong><br \/>\n<strong>Om resan avbokas:<\/strong><\/p>\n<ul>\n<li>tidigare \u00e4n 31 dagar f\u00f6re resan \u2013 inga avbokningsavgifter<\/li>\n<li>30 \u2013 20 dagar f\u00f6re resan \u2013expeditionsavgift 5 % av resans pris<\/li>\n<li>19 \u2013 7 dagar f\u00f6re resan \u2013 avbokningsavgift 50 % av resans pris<\/li>\n<li>6 \u2013 0 dagar f\u00f6re resan \u2013 avbokningsavgift 100 % av resans pris<\/li>\n<li>Det \u00e4r \u00e4ven m\u00f6jligt att boka in en annan person i den avbokade personens st\u00e4lle<\/li>\n<\/ul>\n<p>Alla r\u00e4ttigheter till \u00e4ndringar f\u00f6rbeh\u00e5lls.<\/p>\n<p><strong>AVBOKNINGSVILLKOR F\u00d6R RESOR K\u00d6PTA P\u00c5 FAKTURA<\/strong><br \/>\n<strong>Om resan avbokas:<\/strong><\/p>\n<ul>\n<li>tidigare \u00e4n 31 dagar f\u00f6re resan \u2013 inga avbokningsavgifter<\/li>\n<li>30 \u2013 20 dagar f\u00f6re resan \u2013 expeditionsavgift 5 % av resans pris<\/li>\n<li>19 \u2013 7 dagar f\u00f6re resan \u2013 avbokningsavgift 50 % av resans pris<\/li>\n<li>6 \u2013 0 dagar f\u00f6re resan \u2013 avbokningsavgift 100 % av resans pris<\/li>\n<li>Det \u00e4r \u00e4ven m\u00f6jligt att boka in en annan person i den avbokade personens st\u00e4lle<\/li>\n<\/ul>\n<p>Alla r\u00e4ttigheter till \u00e4ndringar f\u00f6rbeh\u00e5lls.<\/p>\n<p><strong>G\u00e4llande f\u00f6rmedlade teater-, konsert-, intr\u00e4des- och dylika biljetter f\u00f6ljer vi evenemangsarrang\u00f6rens avbokningsvillkor. Ut\u00f6ver de n\u00e4mnda punkterna har researrang\u00f6ren r\u00e4tt att anh\u00e5lla om ers\u00e4ttning f\u00f6r p\u00e5 f\u00f6rhand best\u00e4llda och bekr\u00e4ftade tj\u00e4nster, f\u00f6r vilka researrang\u00f6ren inte f\u00e5r n\u00e5gon \u00e5terbetalning.<\/strong><\/p>\n<p><strong>IFALL RESEARRANG\u00d6REN AVBOKAR RESAN<\/strong><\/p>\n<p>Researrang\u00f6ren har r\u00e4tt att avboka resan (1 vecka innan resan) ifall det inte finns tillr\u00e4ckligt med deltagare. Researrang\u00f6ren returnerar den betalda summan inom 14 dagar till det konto som resen\u00e4ren meddelat oss.<\/p>\n<p><strong>DEJOUR<\/strong><\/p>\n<p>Vid akuta n\u00f6dfall som sker under resan, och som Kaj Forsbloms representant (chauff\u00f6r\/reseledare\/guide) inte kan reda ut: ring till Kaj Forsbloms kontor vardagar kl. 8.30-16.30 tfn. 019 524 3993 och efter kl.16.30 till numret +358 (0)400 492 146.<\/p>\n<p><strong>SKADEST\u00c5NDSSKYLDIGHET<\/strong><\/p>\n<p>Researrang\u00f6ren ansvarar inte f\u00f6r personliga olycksfall eller skador p\u00e5 resen\u00e4rernas egendom, om de inte bevisligen har f\u00f6rorsakats p.g.a. researrang\u00f6rens representants (chauff\u00f6r\/reseledare\/guide) ansvarsl\u00f6shet.<\/p>\n<p><strong>DATASKYDDSREDOG\u00d6RELSE<\/strong><\/p>\n<p>Kaj Forsbloms och Porvoo Tours kunduppgifter sparas i v\u00e5rt marknadsf\u00f6ringsregister enligt persondataskyddslagen.<br \/>\nDu kan bekanta dig noggrannare med Kaj Forsbloms dataskyddsredog\u00f6relse <a href=\"https:\/\/www.kajforsblom.fi\/sv\/kontaktuppgifter\/dataskyddsredogorelse\/\">h\u00e4r<\/a><br \/>\nDu kan bekanta dig noggrannare med Porvoo Tours dataskyddsredog\u00f6relse <a href=\"https:\/\/www.porvootours.fi\/sv\/dataskyddsredogorelse\/\">h\u00e4r<\/a><\/p>\n<p>Alla r\u00e4ttigheter till \u00e4ndringar f\u00f6rbeh\u00e5lls.<\/p>\n<p>&nbsp;<\/p>\n<h6>3. VILLKOR\u00a0 UPPK\u00d6P I F\u00d6R N\u00c4TBUTIK<\/h6>\n<p>Oy Kaj Forsblom Ab:s (FO-nummer 0822821-0) n\u00e4tbutik s\u00e4ljer resor och produkter till privatpersoner i Finland. Vi f\u00f6rbeh\u00e5ller oss r\u00e4tten till \u00e4ndringar b\u00e5de g\u00e4llande leveransvillkor samt priser. Resorna och produkterna inneh\u00e5ller merv\u00e4rdesskatt.<\/p>\n<p><strong>Kontaktuppgifter f\u00f6r n\u00e4tbutiken<\/strong><\/p>\n<p>e-post: <a href=\"mailto:shop@kajforsblom.fi\">shop@kajforsblom.fi<\/a><br \/>\nTelefon: 019 524 3993\/ vard 8.30-16.30<br \/>\nAdress: Adlercreutzgatan 17, 06100 Borg\u00e5<\/p>\n<p><strong>Att best\u00e4lla<\/strong><\/p>\n<p>De resor\/produkter som g\u00e5r att best\u00e4lla v\u00e4ljs p\u00e5 v\u00e5ra internetsidor genom att l\u00e4gga till dom i k\u00f6pkorgen. Best\u00e4llningen skickas genom att betala inneh\u00e5llet i n\u00e4tbutikens kassafunktion. N\u00e4r du g\u00f6r best\u00e4llningen godk\u00e4nner du samtidigt leveransvillkoren, resornas\/produkternas pris samt produkternas leveranskostnader. Om man vid best\u00e4llningstillf\u00e4llet uppger en e-post adress, skickas det per e-post en bekr\u00e4ftelse av best\u00e4llningen. I bekr\u00e4ftelsen framg\u00e5r de best\u00e4llda produkterna samt priset.<\/p>\n<p><strong>Att betala<\/strong><\/p>\n<p>N\u00e4tbutikens betalningsoperat\u00f6r \u00e4r Visma Pay (Paybyway Oy, FO-nummer 2486559-4) som \u00e4r registrerad i <u>betalningsregistret<\/u> som uppr\u00e4tth\u00e5lls av Finansinspektionen. Betalningen sker via Visma Pays n\u00e4ttj\u00e4nst och p\u00e5 kontoutdraget samt fakturan st\u00e5r Visma Pay eller Paybyway Oy som betalningsmottagare. Visma Pay f\u00f6rmedlar betalningen till n\u00e4tbutikens \u00e4gare. Betalningen \u00e4r s\u00e4ker eftersom alla uppgifter om betalningstransaktionerna f\u00f6rmedlas via en krypterad f\u00f6rbindelse s\u00e5 att ingen utomst\u00e5ende kan se uppgifter om betalningstransaktionen.<\/p>\n<p>Aff\u00e4ren sker mellan n\u00e4tbutikens kund och n\u00e4tbutiken. Alla skyldigheter vad g\u00e4ller aff\u00e4ren \u00e4r p\u00e5 n\u00e4tbutikens ansvar.<\/p>\n<p>L\u00e4s mer om Visma Pay: <a href=\"https:\/\/www.visma.fi\/vismapay\">https:\/\/www.visma.fi\/vismapay<\/a><\/p>\n<p><strong>Betalningss\u00e4tt<\/strong><\/p>\n<p>Via Visma Pay kan du betala med n\u00e4tbankskoder, pl\u00e5nboken, betalningskort (credit\/debit), faktura eller delbetalning. Du kan v\u00e4lja mellan f\u00f6ljande betalningss\u00e4tt: Andelsbanken, Nordea, Danske Bank, Oma S\u00e4\u00e4st\u00f6pankki, Sparbanken, Aktia, lokala Andelsbanker, S-Banken, Handelsbanken, \u00c5landsbanken, MobilePay, Masterpass, Pivo, Visa-, Visa Debit-, Visa Electron-, MasterCard- ja Debit MasterCard-kort, samt Jousto och Enterpay faktura f\u00f6r f\u00f6retag.<\/p>\n<p>MobilePay: Du kan betala med din MobilePay pl\u00e5nbok om du i appens inst\u00e4llningar godk\u00e4nt betalningar i n\u00e4tbutiker. Om du betalar med din MobilePay pl\u00e5nbok tas betalningen fr\u00e5n betalningskortet som \u00e4r ihopkopplat med din MobilePay. Ifall betalningen misslyckas med det ihopkopplade kortet \u00e4r betalningen i n\u00e4tbutiken inte m\u00f6jlig via MobilePay.<\/p>\n<p>Pivo: Anv\u00e4ndningsvillkoren finns p\u00e5 Pivos sidor: <a href=\"https:\/\/pivo.fi\/kayttoehdot\/pivon-kayttoehdot\/\">https:\/\/pivo.fi\/kayttoehdot\/pivon-kayttoehdot\/<\/a><\/p>\n<p>Jousto faktura eller delbetalning \u00e4r en inhemsk tj\u00e4nst d\u00e4r du snabbt och s\u00e4kert kan g\u00f6ra dina uppk\u00f6p. Jousto \u00e4r avsett f\u00f6r privatpersoner som sk\u00f6tt sina betalningar utan anm\u00e4rkningar. Med Jousto f\u00e5r du 30 dagars r\u00e4nte- och avgiftsfri betalningstid. N\u00e4r du f\u00e5r fakturan kan du v\u00e4lja om du betalar hela summan p\u00e5 en g\u00e5ng eller i delar. Vid delbetalning kan du betala ditt uppk\u00f6p i upp till 36 rater, fr\u00e5n 9,90 eur\/m\u00e5nad. Avgiften f\u00f6r Jousto delbetalning \u00e4r 3,90 eur\/m\u00e5nad och 19,90 % kreditr\u00e4nta. Med Jousto kan du betala uppk\u00f6p f\u00f6r 30-3000 euro. Kreditgodk\u00e4nnare \u00e4r Aurajoki Nordic Oy. L\u00e4s mer om Jousto p\u00e5 adressen <a href=\"http:\/\/www.jousto.com\">www.jousto.com<\/a>.<\/p>\n<p><strong>Kontaktuppgifter f\u00f6r Visma Pay<\/strong><br \/>\nVisma Pay, Paybyway Oy (FO-nummer 2486559-4)<br \/>\nE-post: <a href=\"mailto:helpdesk@vismapay.com\">helpdesk@vismapay.com<\/a><br \/>\nTelefon: 09\u00a0315 42\u00a0037 (vardagar kl. 9-17)<br \/>\nPostadress: Laserkatu 6, 53850 Villmanstrand<\/p>\n<p><strong>LEVERANS AV PRODUKTER<\/strong><\/p>\n<p><strong>Leveransavgift<\/strong><\/p>\n<p>Packnings- och leverenskostnaderna beror p\u00e5 valet av leveranss\u00e4tt och avgifterna s\u00e4tts automatiskt till p\u00e5 slutsumman. Om best\u00e4llningssumman \u00e4r minst 100 \u20ac tar vi inte leverans-eller postf\u00f6rskottsavgifter.<\/p>\n<p><strong>Leveranser<\/strong><\/p>\n<p>Leveranserna sker inom 7 dagar fr\u00e5n det att best\u00e4llningen kommit. Om produkter \u00e4r slut i lagret kontaktar vi dig.<\/p>\n<p><strong>Returnering av produkter<\/strong><\/p>\n<p>Alla produkter har full 14 dagars bytes-och returneringsr\u00e4tt. Vid returnering av en produkt b\u00f6r produkten vara oanv\u00e4nd och of\u00f6r\u00e4ndrad samt packad p\u00e5 samma s\u00e4tt som n\u00e4r du mottagit produkten. Best\u00e4llningen eller den returnerade produktens pris betalas tillbaka enligt det betalningss\u00e4tt du valt antingen till ditt bankkonto eller kreditkort genast d\u00e5 vi mottagit och granskat produktens tillst\u00e5nd.<\/p>\n<p><strong>Avboka en best\u00e4llning, ansvar f\u00f6r fel och reklamationer<\/strong><\/p>\n<p>F\u00f6re produkten levererats kan best\u00e4llningen avbokas med en skriftlig anm\u00e4lan via e-post.<\/p>\n<p>N\u00e4tbutiken har enligt lagen ansvar f\u00f6r eventuella fel vad g\u00e4ller s\u00e5lda produkter. Vid reklamationer ta kontakt med v\u00e5r kundbetj\u00e4ning. Konsumenten har r\u00e4tt att vid eventuella tvistl\u00e4gen f\u00f6ra \u00e4rendet vidare till Konsumenttvisten\u00e4mnden.<\/p>\n<\/div><\/div><\/div><\/div><\/div>","protected":false},"excerpt":{"rendered":"<p>1. AVBOKNINGSVILLKOR F\u00d6R ENDAST BUSSTRANSPORTER: (g\u00e4ller resor med endast busstransport) Kunden har r\u00e4tt att avboka resan enligt f\u00f6ljande villkor: Om kunden avbokar resan: tidigare \u00e4n 7 dygn f\u00f6re resan &#8211; &hellip; <a class=\"kt-excerpt-readmore more-link\" href=\"https:\/\/www.kajforsblom.fi\/sv\/forsaljnings-och-bokningsvillkor\/\" aria-label=\"F\u00f6rs\u00e4ljnings- och bokningsvillkor\">\u00bb<\/a><\/p>\n","protected":false},"author":1,"featured_media":0,"parent":0,"menu_order":0,"comment_status":"closed","ping_status":"closed","template":"","meta":{"footnotes":""},"class_list":["post-14032","page","type-page","status-publish","hentry"],"yoast_head":"<!-- This site is optimized with the Yoast SEO plugin v27.3 - https:\/\/yoast.com\/product\/yoast-seo-wordpress\/ -->\n<title>F\u00f6rs\u00e4ljnings- och bokningsvillkor - Porvoo Tours - researrang\u00f6r<\/title>\n<meta name=\"description\" content=\"Kaj Forsblom Oy Ab:s f\u00f6rs\u00e4ljningsvillkor, reserveringsvillkor, bokningsvillkor och annulleringsvillkor. \u00c4ven n\u00e4tbutikens f\u00f6rs\u00e4ljnignsvillkor\" \/>\n<meta name=\"robots\" content=\"index, follow, max-snippet:-1, max-image-preview:large, max-video-preview:-1\" \/>\n<link rel=\"canonical\" href=\"https:\/\/www.kajforsblom.fi\/sv\/forsaljnings-och-bokningsvillkor\/\" \/>\n<meta property=\"og:locale\" content=\"sv_SE\" \/>\n<meta property=\"og:type\" content=\"article\" \/>\n<meta property=\"og:title\" content=\"F\u00f6rs\u00e4ljnings- och bokningsvillkor - Porvoo Tours - researrang\u00f6r\" \/>\n<meta property=\"og:description\" content=\"Kaj Forsblom Oy Ab:s f\u00f6rs\u00e4ljningsvillkor, reserveringsvillkor, bokningsvillkor och annulleringsvillkor. \u00c4ven n\u00e4tbutikens f\u00f6rs\u00e4ljnignsvillkor\" \/>\n<meta property=\"og:url\" content=\"https:\/\/www.kajforsblom.fi\/sv\/forsaljnings-och-bokningsvillkor\/\" \/>\n<meta property=\"og:site_name\" content=\"Porvoo Tours - researrang\u00f6r\" \/>\n<meta property=\"article:publisher\" content=\"https:\/\/www.facebook.com\/oykajforsblomab\/\" \/>\n<meta property=\"article:modified_time\" content=\"2021-03-11T12:37:22+00:00\" \/>\n<meta name=\"twitter:card\" content=\"summary_large_image\" \/>\n<meta name=\"twitter:label1\" content=\"Ber\u00e4knad l\u00e4stid\" \/>\n\t<meta name=\"twitter:data1\" content=\"6 minuter\" \/>\n<script type=\"application\/ld+json\" class=\"yoast-schema-graph\">{\"@context\":\"https:\\\/\\\/schema.org\",\"@graph\":[{\"@type\":\"WebPage\",\"@id\":\"https:\\\/\\\/www.kajforsblom.fi\\\/sv\\\/forsaljnings-och-bokningsvillkor\\\/\",\"url\":\"https:\\\/\\\/www.kajforsblom.fi\\\/sv\\\/forsaljnings-och-bokningsvillkor\\\/\",\"name\":\"F\u00f6rs\u00e4ljnings- och bokningsvillkor - Porvoo Tours - researrang\u00f6r\",\"isPartOf\":{\"@id\":\"https:\\\/\\\/www.kajforsblom.fi\\\/#website\"},\"datePublished\":\"2021-02-03T09:25:31+00:00\",\"dateModified\":\"2021-03-11T12:37:22+00:00\",\"description\":\"Kaj Forsblom Oy Ab:s f\u00f6rs\u00e4ljningsvillkor, reserveringsvillkor, bokningsvillkor och annulleringsvillkor. \u00c4ven n\u00e4tbutikens f\u00f6rs\u00e4ljnignsvillkor\",\"breadcrumb\":{\"@id\":\"https:\\\/\\\/www.kajforsblom.fi\\\/sv\\\/forsaljnings-och-bokningsvillkor\\\/#breadcrumb\"},\"inLanguage\":\"sv-SE\",\"potentialAction\":[{\"@type\":\"ReadAction\",\"target\":[\"https:\\\/\\\/www.kajforsblom.fi\\\/sv\\\/forsaljnings-och-bokningsvillkor\\\/\"]}]},{\"@type\":\"BreadcrumbList\",\"@id\":\"https:\\\/\\\/www.kajforsblom.fi\\\/sv\\\/forsaljnings-och-bokningsvillkor\\\/#breadcrumb\",\"itemListElement\":[{\"@type\":\"ListItem\",\"position\":1,\"name\":\"Home\",\"item\":\"https:\\\/\\\/www.kajforsblom.fi\\\/sv\\\/\"},{\"@type\":\"ListItem\",\"position\":2,\"name\":\"F\u00f6rs\u00e4ljnings- och bokningsvillkor\"}]},{\"@type\":\"WebSite\",\"@id\":\"https:\\\/\\\/www.kajforsblom.fi\\\/#website\",\"url\":\"https:\\\/\\\/www.kajforsblom.fi\\\/\",\"name\":\"tilausbussi Kaj Forsblom best\u00e4llningsbuss\",\"description\":\"bussi Helsinki, Sipoo, Porvoo, Loviisa - Buss Helsingfors, Sibbo, Borg\u00e5, Lovisa\",\"publisher\":{\"@id\":\"https:\\\/\\\/www.kajforsblom.fi\\\/#organization\"},\"potentialAction\":[{\"@type\":\"SearchAction\",\"target\":{\"@type\":\"EntryPoint\",\"urlTemplate\":\"https:\\\/\\\/www.kajforsblom.fi\\\/?s={search_term_string}\"},\"query-input\":{\"@type\":\"PropertyValueSpecification\",\"valueRequired\":true,\"valueName\":\"search_term_string\"}}],\"inLanguage\":\"sv-SE\"},{\"@type\":\"Organization\",\"@id\":\"https:\\\/\\\/www.kajforsblom.fi\\\/#organization\",\"name\":\"Kaj Forsblom\",\"url\":\"https:\\\/\\\/www.kajforsblom.fi\\\/\",\"logo\":{\"@type\":\"ImageObject\",\"inLanguage\":\"sv-SE\",\"@id\":\"https:\\\/\\\/www.kajforsblom.fi\\\/#\\\/schema\\\/logo\\\/image\\\/\",\"url\":\"\",\"contentUrl\":\"\",\"caption\":\"Kaj Forsblom\"},\"image\":{\"@id\":\"https:\\\/\\\/www.kajforsblom.fi\\\/#\\\/schema\\\/logo\\\/image\\\/\"},\"sameAs\":[\"https:\\\/\\\/www.facebook.com\\\/oykajforsblomab\\\/\",\"https:\\\/\\\/www.instagram.com\\\/oykajforsblomab_\\\/?hl=fihttps:\\\/\\\/www.instagram.com\\\/kajforsblom_lost_found\\\/\"]}]}<\/script>\n<!-- \/ Yoast SEO plugin. -->","yoast_head_json":{"title":"F\u00f6rs\u00e4ljnings- och bokningsvillkor - Porvoo Tours - researrang\u00f6r","description":"Kaj Forsblom Oy Ab:s f\u00f6rs\u00e4ljningsvillkor, reserveringsvillkor, bokningsvillkor och annulleringsvillkor. \u00c4ven n\u00e4tbutikens f\u00f6rs\u00e4ljnignsvillkor","robots":{"index":"index","follow":"follow","max-snippet":"max-snippet:-1","max-image-preview":"max-image-preview:large","max-video-preview":"max-video-preview:-1"},"canonical":"https:\/\/www.kajforsblom.fi\/sv\/forsaljnings-och-bokningsvillkor\/","og_locale":"sv_SE","og_type":"article","og_title":"F\u00f6rs\u00e4ljnings- och bokningsvillkor - Porvoo Tours - researrang\u00f6r","og_description":"Kaj Forsblom Oy Ab:s f\u00f6rs\u00e4ljningsvillkor, reserveringsvillkor, bokningsvillkor och annulleringsvillkor. \u00c4ven n\u00e4tbutikens f\u00f6rs\u00e4ljnignsvillkor","og_url":"https:\/\/www.kajforsblom.fi\/sv\/forsaljnings-och-bokningsvillkor\/","og_site_name":"Porvoo Tours - researrang\u00f6r","article_publisher":"https:\/\/www.facebook.com\/oykajforsblomab\/","article_modified_time":"2021-03-11T12:37:22+00:00","twitter_card":"summary_large_image","twitter_misc":{"Ber\u00e4knad l\u00e4stid":"6 minuter"},"schema":{"@context":"https:\/\/schema.org","@graph":[{"@type":"WebPage","@id":"https:\/\/www.kajforsblom.fi\/sv\/forsaljnings-och-bokningsvillkor\/","url":"https:\/\/www.kajforsblom.fi\/sv\/forsaljnings-och-bokningsvillkor\/","name":"F\u00f6rs\u00e4ljnings- och bokningsvillkor - Porvoo Tours - researrang\u00f6r","isPartOf":{"@id":"https:\/\/www.kajforsblom.fi\/#website"},"datePublished":"2021-02-03T09:25:31+00:00","dateModified":"2021-03-11T12:37:22+00:00","description":"Kaj Forsblom Oy Ab:s f\u00f6rs\u00e4ljningsvillkor, reserveringsvillkor, bokningsvillkor och annulleringsvillkor. \u00c4ven n\u00e4tbutikens f\u00f6rs\u00e4ljnignsvillkor","breadcrumb":{"@id":"https:\/\/www.kajforsblom.fi\/sv\/forsaljnings-och-bokningsvillkor\/#breadcrumb"},"inLanguage":"sv-SE","potentialAction":[{"@type":"ReadAction","target":["https:\/\/www.kajforsblom.fi\/sv\/forsaljnings-och-bokningsvillkor\/"]}]},{"@type":"BreadcrumbList","@id":"https:\/\/www.kajforsblom.fi\/sv\/forsaljnings-och-bokningsvillkor\/#breadcrumb","itemListElement":[{"@type":"ListItem","position":1,"name":"Home","item":"https:\/\/www.kajforsblom.fi\/sv\/"},{"@type":"ListItem","position":2,"name":"F\u00f6rs\u00e4ljnings- och bokningsvillkor"}]},{"@type":"WebSite","@id":"https:\/\/www.kajforsblom.fi\/#website","url":"https:\/\/www.kajforsblom.fi\/","name":"tilausbussi Kaj Forsblom best\u00e4llningsbuss","description":"bussi Helsinki, Sipoo, Porvoo, Loviisa - Buss Helsingfors, Sibbo, Borg\u00e5, Lovisa","publisher":{"@id":"https:\/\/www.kajforsblom.fi\/#organization"},"potentialAction":[{"@type":"SearchAction","target":{"@type":"EntryPoint","urlTemplate":"https:\/\/www.kajforsblom.fi\/?s={search_term_string}"},"query-input":{"@type":"PropertyValueSpecification","valueRequired":true,"valueName":"search_term_string"}}],"inLanguage":"sv-SE"},{"@type":"Organization","@id":"https:\/\/www.kajforsblom.fi\/#organization","name":"Kaj Forsblom","url":"https:\/\/www.kajforsblom.fi\/","logo":{"@type":"ImageObject","inLanguage":"sv-SE","@id":"https:\/\/www.kajforsblom.fi\/#\/schema\/logo\/image\/","url":"","contentUrl":"","caption":"Kaj Forsblom"},"image":{"@id":"https:\/\/www.kajforsblom.fi\/#\/schema\/logo\/image\/"},"sameAs":["https:\/\/www.facebook.com\/oykajforsblomab\/","https:\/\/www.instagram.com\/oykajforsblomab_\/?hl=fihttps:\/\/www.instagram.com\/kajforsblom_lost_found\/"]}]}},"_links":{"self":[{"href":"https:\/\/www.kajforsblom.fi\/sv\/wp-json\/wp\/v2\/pages\/14032","targetHints":{"allow":["GET"]}}],"collection":[{"href":"https:\/\/www.kajforsblom.fi\/sv\/wp-json\/wp\/v2\/pages"}],"about":[{"href":"https:\/\/www.kajforsblom.fi\/sv\/wp-json\/wp\/v2\/types\/page"}],"author":[{"embeddable":true,"href":"https:\/\/www.kajforsblom.fi\/sv\/wp-json\/wp\/v2\/users\/1"}],"replies":[{"embeddable":true,"href":"https:\/\/www.kajforsblom.fi\/sv\/wp-json\/wp\/v2\/comments?post=14032"}],"version-history":[{"count":0,"href":"https:\/\/www.kajforsblom.fi\/sv\/wp-json\/wp\/v2\/pages\/14032\/revisions"}],"wp:attachment":[{"href":"https:\/\/www.kajforsblom.fi\/sv\/wp-json\/wp\/v2\/media?parent=14032"}],"curies":[{"name":"wp","href":"https:\/\/api.w.org\/{rel}","templated":true}]}}