{"id":19290,"date":"2022-06-20T15:12:17","date_gmt":"2022-06-20T13:12:17","guid":{"rendered":"https:\/\/www.kajforsblom.fi\/?page_id=19290"},"modified":"2024-09-16T13:58:48","modified_gmt":"2024-09-16T11:58:48","slug":"kvalitetslofte","status":"publish","type":"page","link":"https:\/\/www.kajforsblom.fi\/sv\/kvalitetslofte\/","title":{"rendered":"Kvalitetsl\u00f6fte"},"content":{"rendered":"<h2>KVALITETSL\u00d6FTE<\/h2>\n<h4>Trafiktj\u00e4nster<\/h4>\n<p>Oy Kaj Forsblom Ab bedriver linjetrafik i Nyland samt best\u00e4llningstrafik i Finland, Sverige och Estland men \u00e4ven till \u00f6vriga l\u00e4nder i Europa.<\/p>\n<h4>Information om tj\u00e4nsterna och eventuella f\u00f6r\u00e4ndringar<\/h4>\n<p>Du f\u00e5r aktuell information om tidtabeller och eventuella f\u00f6r\u00e4ndringar p\u00e5 Oy Matkahuolto Ab:s internetsidor eller genom att ringa servicenumret 0200 4000. En del tidtabeller finns \u00e4ven p\u00e5 v\u00e5r hemsida. <a href=\"http:\/\/www.matkahuolto.fi\">Matkahuolto<\/a> \u00bb<\/p>\n<h4>Biljettpriser<\/h4>\n<p>Vi f\u00f6ljer Oy Matkahuolto Ab:s priss\u00e4ttning. Oy Matkahuolto Ab sk\u00f6ter om f\u00f6rs\u00e4ljning av biljetter. Man kan \u00e4ven betala med kort eller kontant i bussen f\u00f6r resan. <a href=\"http:\/\/www.matkahuolto.fi\">Matkahuolto<\/a> \u00bb<\/p>\n<h4>Bussarna<\/h4>\n<p>Vi har ca 23 moderna fr\u00e5n 16-platsers till 59-platsers bussar med varierande utrustning. N\u00e4rmare information om v\u00e5ra bussar f\u00e5s p\u00e5 v\u00e5r hemsida, Bussarna \u00bb<\/p>\n<h4>Kundtillfredst\u00e4llelse och feedback<\/h4>\n<p>Vi v\u00e4rdes\u00e4tter respons fr\u00e5n kunderna. Vi behandlar b\u00e5de positiv och negativ feedback s\u00e5 fort som m\u00f6jligt och g\u00f6r eventuella korrigeringar f\u00f6r att f\u00f6rb\u00e4ttra v\u00e5r service. Det \u00e4r m\u00f6jligt att skicka feedback via v\u00e5r hemsida, per e-post till info[\u00e4t]kajforsblom.fi eller genom att ringa 019 524 3993. Reklamationer och eventuell prisreducering tar vi st\u00e4llning till fr\u00e5n fall till fall. Feedback \u00bb<\/p>\n<p>Oy Kaj Forsblom Ab \u00f6nskar er en angen\u00e4m och trygg bussresa!<\/p>\n","protected":false},"excerpt":{"rendered":"<p>KVALITETSL\u00d6FTE Trafiktj\u00e4nster Oy Kaj Forsblom Ab bedriver linjetrafik i Nyland samt best\u00e4llningstrafik i Finland, Sverige och Estland men \u00e4ven till \u00f6vriga l\u00e4nder i Europa. Information om tj\u00e4nsterna och eventuella f\u00f6r\u00e4ndringar &hellip; <a class=\"kt-excerpt-readmore more-link\" href=\"https:\/\/www.kajforsblom.fi\/sv\/kvalitetslofte\/\" aria-label=\"Kvalitetsl\u00f6fte\">\u00bb<\/a><\/p>\n","protected":false},"author":4,"featured_media":0,"parent":0,"menu_order":0,"comment_status":"closed","ping_status":"closed","template":"","meta":{"footnotes":""},"class_list":["post-19290","page","type-page","status-publish","hentry"],"yoast_head":"<!-- This site is optimized with the Yoast SEO plugin v27.3 - https:\/\/yoast.com\/product\/yoast-seo-wordpress\/ -->\n<title>Kvalitetsl\u00f6fte - Porvoo Tours - researrang\u00f6r<\/title>\n<meta name=\"robots\" content=\"index, follow, max-snippet:-1, max-image-preview:large, max-video-preview:-1\" \/>\n<link rel=\"canonical\" href=\"https:\/\/www.kajforsblom.fi\/sv\/kvalitetslofte\/\" \/>\n<meta property=\"og:locale\" content=\"sv_SE\" \/>\n<meta property=\"og:type\" content=\"article\" \/>\n<meta property=\"og:title\" content=\"Kvalitetsl\u00f6fte - Porvoo Tours - researrang\u00f6r\" \/>\n<meta property=\"og:description\" content=\"KVALITETSL\u00d6FTE Trafiktj\u00e4nster Oy Kaj Forsblom Ab bedriver linjetrafik i Nyland samt best\u00e4llningstrafik i Finland, Sverige och Estland men \u00e4ven till \u00f6vriga l\u00e4nder i Europa. Information om tj\u00e4nsterna och eventuella f\u00f6r\u00e4ndringar &hellip; \u00bb\" \/>\n<meta property=\"og:url\" content=\"https:\/\/www.kajforsblom.fi\/sv\/kvalitetslofte\/\" \/>\n<meta property=\"og:site_name\" content=\"Porvoo Tours - researrang\u00f6r\" \/>\n<meta property=\"article:publisher\" content=\"https:\/\/www.facebook.com\/oykajforsblomab\/\" \/>\n<meta property=\"article:modified_time\" content=\"2024-09-16T11:58:48+00:00\" \/>\n<meta name=\"twitter:card\" content=\"summary_large_image\" \/>\n<meta name=\"twitter:label1\" content=\"Ber\u00e4knad l\u00e4stid\" \/>\n\t<meta name=\"twitter:data1\" content=\"2 minuter\" \/>\n<script type=\"application\/ld+json\" class=\"yoast-schema-graph\">{\"@context\":\"https:\\\/\\\/schema.org\",\"@graph\":[{\"@type\":\"WebPage\",\"@id\":\"https:\\\/\\\/www.kajforsblom.fi\\\/sv\\\/kvalitetslofte\\\/\",\"url\":\"https:\\\/\\\/www.kajforsblom.fi\\\/sv\\\/kvalitetslofte\\\/\",\"name\":\"Kvalitetsl\u00f6fte - Porvoo Tours - researrang\u00f6r\",\"isPartOf\":{\"@id\":\"https:\\\/\\\/www.kajforsblom.fi\\\/#website\"},\"datePublished\":\"2022-06-20T13:12:17+00:00\",\"dateModified\":\"2024-09-16T11:58:48+00:00\",\"breadcrumb\":{\"@id\":\"https:\\\/\\\/www.kajforsblom.fi\\\/sv\\\/kvalitetslofte\\\/#breadcrumb\"},\"inLanguage\":\"sv-SE\",\"potentialAction\":[{\"@type\":\"ReadAction\",\"target\":[\"https:\\\/\\\/www.kajforsblom.fi\\\/sv\\\/kvalitetslofte\\\/\"]}]},{\"@type\":\"BreadcrumbList\",\"@id\":\"https:\\\/\\\/www.kajforsblom.fi\\\/sv\\\/kvalitetslofte\\\/#breadcrumb\",\"itemListElement\":[{\"@type\":\"ListItem\",\"position\":1,\"name\":\"Home\",\"item\":\"https:\\\/\\\/www.kajforsblom.fi\\\/sv\\\/\"},{\"@type\":\"ListItem\",\"position\":2,\"name\":\"Kvalitetsl\u00f6fte\"}]},{\"@type\":\"WebSite\",\"@id\":\"https:\\\/\\\/www.kajforsblom.fi\\\/#website\",\"url\":\"https:\\\/\\\/www.kajforsblom.fi\\\/\",\"name\":\"tilausbussi Kaj Forsblom best\u00e4llningsbuss\",\"description\":\"bussi Helsinki, Sipoo, Porvoo, Loviisa - Buss Helsingfors, Sibbo, Borg\u00e5, Lovisa\",\"publisher\":{\"@id\":\"https:\\\/\\\/www.kajforsblom.fi\\\/#organization\"},\"potentialAction\":[{\"@type\":\"SearchAction\",\"target\":{\"@type\":\"EntryPoint\",\"urlTemplate\":\"https:\\\/\\\/www.kajforsblom.fi\\\/?s={search_term_string}\"},\"query-input\":{\"@type\":\"PropertyValueSpecification\",\"valueRequired\":true,\"valueName\":\"search_term_string\"}}],\"inLanguage\":\"sv-SE\"},{\"@type\":\"Organization\",\"@id\":\"https:\\\/\\\/www.kajforsblom.fi\\\/#organization\",\"name\":\"Kaj Forsblom\",\"url\":\"https:\\\/\\\/www.kajforsblom.fi\\\/\",\"logo\":{\"@type\":\"ImageObject\",\"inLanguage\":\"sv-SE\",\"@id\":\"https:\\\/\\\/www.kajforsblom.fi\\\/#\\\/schema\\\/logo\\\/image\\\/\",\"url\":\"\",\"contentUrl\":\"\",\"caption\":\"Kaj Forsblom\"},\"image\":{\"@id\":\"https:\\\/\\\/www.kajforsblom.fi\\\/#\\\/schema\\\/logo\\\/image\\\/\"},\"sameAs\":[\"https:\\\/\\\/www.facebook.com\\\/oykajforsblomab\\\/\",\"https:\\\/\\\/www.instagram.com\\\/oykajforsblomab_\\\/?hl=fihttps:\\\/\\\/www.instagram.com\\\/kajforsblom_lost_found\\\/\"]}]}<\/script>\n<!-- \/ Yoast SEO plugin. -->","yoast_head_json":{"title":"Kvalitetsl\u00f6fte - Porvoo Tours - researrang\u00f6r","robots":{"index":"index","follow":"follow","max-snippet":"max-snippet:-1","max-image-preview":"max-image-preview:large","max-video-preview":"max-video-preview:-1"},"canonical":"https:\/\/www.kajforsblom.fi\/sv\/kvalitetslofte\/","og_locale":"sv_SE","og_type":"article","og_title":"Kvalitetsl\u00f6fte - Porvoo Tours - researrang\u00f6r","og_description":"KVALITETSL\u00d6FTE Trafiktj\u00e4nster Oy Kaj Forsblom Ab bedriver linjetrafik i Nyland samt best\u00e4llningstrafik i Finland, Sverige och Estland men \u00e4ven till \u00f6vriga l\u00e4nder i Europa. Information om tj\u00e4nsterna och eventuella f\u00f6r\u00e4ndringar &hellip; \u00bb","og_url":"https:\/\/www.kajforsblom.fi\/sv\/kvalitetslofte\/","og_site_name":"Porvoo Tours - researrang\u00f6r","article_publisher":"https:\/\/www.facebook.com\/oykajforsblomab\/","article_modified_time":"2024-09-16T11:58:48+00:00","twitter_card":"summary_large_image","twitter_misc":{"Ber\u00e4knad l\u00e4stid":"2 minuter"},"schema":{"@context":"https:\/\/schema.org","@graph":[{"@type":"WebPage","@id":"https:\/\/www.kajforsblom.fi\/sv\/kvalitetslofte\/","url":"https:\/\/www.kajforsblom.fi\/sv\/kvalitetslofte\/","name":"Kvalitetsl\u00f6fte - Porvoo Tours - researrang\u00f6r","isPartOf":{"@id":"https:\/\/www.kajforsblom.fi\/#website"},"datePublished":"2022-06-20T13:12:17+00:00","dateModified":"2024-09-16T11:58:48+00:00","breadcrumb":{"@id":"https:\/\/www.kajforsblom.fi\/sv\/kvalitetslofte\/#breadcrumb"},"inLanguage":"sv-SE","potentialAction":[{"@type":"ReadAction","target":["https:\/\/www.kajforsblom.fi\/sv\/kvalitetslofte\/"]}]},{"@type":"BreadcrumbList","@id":"https:\/\/www.kajforsblom.fi\/sv\/kvalitetslofte\/#breadcrumb","itemListElement":[{"@type":"ListItem","position":1,"name":"Home","item":"https:\/\/www.kajforsblom.fi\/sv\/"},{"@type":"ListItem","position":2,"name":"Kvalitetsl\u00f6fte"}]},{"@type":"WebSite","@id":"https:\/\/www.kajforsblom.fi\/#website","url":"https:\/\/www.kajforsblom.fi\/","name":"tilausbussi Kaj Forsblom best\u00e4llningsbuss","description":"bussi Helsinki, Sipoo, Porvoo, Loviisa - Buss Helsingfors, Sibbo, Borg\u00e5, Lovisa","publisher":{"@id":"https:\/\/www.kajforsblom.fi\/#organization"},"potentialAction":[{"@type":"SearchAction","target":{"@type":"EntryPoint","urlTemplate":"https:\/\/www.kajforsblom.fi\/?s={search_term_string}"},"query-input":{"@type":"PropertyValueSpecification","valueRequired":true,"valueName":"search_term_string"}}],"inLanguage":"sv-SE"},{"@type":"Organization","@id":"https:\/\/www.kajforsblom.fi\/#organization","name":"Kaj Forsblom","url":"https:\/\/www.kajforsblom.fi\/","logo":{"@type":"ImageObject","inLanguage":"sv-SE","@id":"https:\/\/www.kajforsblom.fi\/#\/schema\/logo\/image\/","url":"","contentUrl":"","caption":"Kaj Forsblom"},"image":{"@id":"https:\/\/www.kajforsblom.fi\/#\/schema\/logo\/image\/"},"sameAs":["https:\/\/www.facebook.com\/oykajforsblomab\/","https:\/\/www.instagram.com\/oykajforsblomab_\/?hl=fihttps:\/\/www.instagram.com\/kajforsblom_lost_found\/"]}]}},"_links":{"self":[{"href":"https:\/\/www.kajforsblom.fi\/sv\/wp-json\/wp\/v2\/pages\/19290","targetHints":{"allow":["GET"]}}],"collection":[{"href":"https:\/\/www.kajforsblom.fi\/sv\/wp-json\/wp\/v2\/pages"}],"about":[{"href":"https:\/\/www.kajforsblom.fi\/sv\/wp-json\/wp\/v2\/types\/page"}],"author":[{"embeddable":true,"href":"https:\/\/www.kajforsblom.fi\/sv\/wp-json\/wp\/v2\/users\/4"}],"replies":[{"embeddable":true,"href":"https:\/\/www.kajforsblom.fi\/sv\/wp-json\/wp\/v2\/comments?post=19290"}],"version-history":[{"count":0,"href":"https:\/\/www.kajforsblom.fi\/sv\/wp-json\/wp\/v2\/pages\/19290\/revisions"}],"wp:attachment":[{"href":"https:\/\/www.kajforsblom.fi\/sv\/wp-json\/wp\/v2\/media?parent=19290"}],"curies":[{"name":"wp","href":"https:\/\/api.w.org\/{rel}","templated":true}]}}