{"id":19627,"date":"2022-08-25T09:04:58","date_gmt":"2022-08-25T07:04:58","guid":{"rendered":"https:\/\/www.kajforsblom.fi\/?page_id=19627"},"modified":"2025-10-14T14:50:37","modified_gmt":"2025-10-14T12:50:37","slug":"vi-rekryterar","status":"publish","type":"page","link":"https:\/\/www.kajforsblom.fi\/sv\/vi-rekryterar\/","title":{"rendered":"Vi rekryterar"},"content":{"rendered":"<h6><strong>Bussf\u00f6rare till Borg\u00e5!\u00a0<\/strong><\/h6>\n<p>&nbsp;<\/p>\n<p>Vi s\u00f6ker serviceinriktade och yrkeskunniga bussf\u00f6rare till v\u00e5rt f\u00f6retag i Borg\u00e5. Vi erbjuder ett m\u00e5ngsidigt arbete inom avtals-, best\u00e4llnings- och linjetrafik.<br \/>\nHos oss trivs du om du uppskattar sj\u00e4lvst\u00e4ndigt arbete, gillar kundkontakt och k\u00f6r tryggt i alla v\u00e4derf\u00f6rh\u00e5llanden. Vi v\u00e4rdes\u00e4tter p\u00e5litlighet, ansvarstagande och ett lugnt s\u00e4tt \u2013 oavsett situation.<\/p>\n<p><strong>Vi erbjuder dig:<\/strong><br \/>\n\u2022 En plats i ett v\u00e4lrenommerat och etablerat f\u00f6retag<br \/>\n\u2022 En trevlig och st\u00f6ttande arbetsgemenskap<br \/>\n\u2022 Omv\u00e4xlande k\u00f6ruppdrag och en ny modern fordonspark<br \/>\n\u2022 M\u00f6jlighet att utveckla din kompetens<\/p>\n<p><strong>Vi f\u00f6rv\u00e4ntar oss att du har:<\/strong><br \/>\n\u2022 Giltigt bussk\u00f6rkort och yrkeskompetens<br \/>\n\u2022 God serviceanda och vilja att g\u00f6ra ditt jobb v\u00e4l<br \/>\n\u2022 Beredskap att arbeta morgon-, kv\u00e4lls- och helgpass samt p\u00e5 helgdagar<br \/>\n\u2022 Goda kunskaper i finska \u2013 kunskaper i svenska och engelska ses som en merit<\/p>\n<p>Om du uppskattar en god arbetsmilj\u00f6, ett professionellt team och ett tryggt jobb i ett etablerat f\u00f6retag, d\u00e5 \u00e4r du kanske den vi s\u00f6ker!<\/p>\n<p>Mera information: tel.<a href=\"tel:+358195243993\"> 019 524 3993<\/a> (vardagar kl. 8.30\u201316.30)<br \/>\nSkicka din ans\u00f6kan och CV till:<a href=\"mailto:henrik.forsblom@kajforsblom.fi\"> henrik.forsblom@kajforsblom.fi<\/a><\/p>\n","protected":false},"excerpt":{"rendered":"<p>Bussf\u00f6rare till Borg\u00e5!\u00a0 &nbsp; Vi s\u00f6ker serviceinriktade och yrkeskunniga bussf\u00f6rare till v\u00e5rt f\u00f6retag i Borg\u00e5. Vi erbjuder ett m\u00e5ngsidigt arbete inom avtals-, best\u00e4llnings- och linjetrafik. Hos oss trivs du om &hellip; <a class=\"kt-excerpt-readmore more-link\" href=\"https:\/\/www.kajforsblom.fi\/sv\/vi-rekryterar\/\" aria-label=\"Vi rekryterar\">\u00bb<\/a><\/p>\n","protected":false},"author":4,"featured_media":0,"parent":0,"menu_order":0,"comment_status":"closed","ping_status":"closed","template":"","meta":{"footnotes":""},"class_list":["post-19627","page","type-page","status-publish","hentry"],"yoast_head":"<!-- This site is optimized with the Yoast SEO plugin v27.3 - https:\/\/yoast.com\/product\/yoast-seo-wordpress\/ -->\n<title>Vi rekryterar - Porvoo Tours - researrang\u00f6r<\/title>\n<meta name=\"robots\" content=\"index, follow, max-snippet:-1, max-image-preview:large, max-video-preview:-1\" \/>\n<link rel=\"canonical\" href=\"https:\/\/www.kajforsblom.fi\/sv\/vi-rekryterar\/\" \/>\n<meta property=\"og:locale\" content=\"sv_SE\" \/>\n<meta property=\"og:type\" content=\"article\" \/>\n<meta property=\"og:title\" content=\"Vi rekryterar - Porvoo Tours - researrang\u00f6r\" \/>\n<meta property=\"og:description\" content=\"Bussf\u00f6rare till Borg\u00e5!\u00a0 &nbsp; Vi s\u00f6ker serviceinriktade och yrkeskunniga bussf\u00f6rare till v\u00e5rt f\u00f6retag i Borg\u00e5. Vi erbjuder ett m\u00e5ngsidigt arbete inom avtals-, best\u00e4llnings- och linjetrafik. Hos oss trivs du om &hellip; \u00bb\" \/>\n<meta property=\"og:url\" content=\"https:\/\/www.kajforsblom.fi\/sv\/vi-rekryterar\/\" \/>\n<meta property=\"og:site_name\" content=\"Porvoo Tours - researrang\u00f6r\" \/>\n<meta property=\"article:publisher\" content=\"https:\/\/www.facebook.com\/oykajforsblomab\/\" \/>\n<meta property=\"article:modified_time\" content=\"2025-10-14T12:50:37+00:00\" \/>\n<meta name=\"twitter:card\" content=\"summary_large_image\" \/>\n<meta name=\"twitter:label1\" content=\"Ber\u00e4knad l\u00e4stid\" \/>\n\t<meta name=\"twitter:data1\" content=\"2 minuter\" \/>\n<script type=\"application\/ld+json\" class=\"yoast-schema-graph\">{\"@context\":\"https:\\\/\\\/schema.org\",\"@graph\":[{\"@type\":\"WebPage\",\"@id\":\"https:\\\/\\\/www.kajforsblom.fi\\\/sv\\\/vi-rekryterar\\\/\",\"url\":\"https:\\\/\\\/www.kajforsblom.fi\\\/sv\\\/vi-rekryterar\\\/\",\"name\":\"Vi rekryterar - Porvoo Tours - researrang\u00f6r\",\"isPartOf\":{\"@id\":\"https:\\\/\\\/www.kajforsblom.fi\\\/#website\"},\"datePublished\":\"2022-08-25T07:04:58+00:00\",\"dateModified\":\"2025-10-14T12:50:37+00:00\",\"breadcrumb\":{\"@id\":\"https:\\\/\\\/www.kajforsblom.fi\\\/sv\\\/vi-rekryterar\\\/#breadcrumb\"},\"inLanguage\":\"sv-SE\",\"potentialAction\":[{\"@type\":\"ReadAction\",\"target\":[\"https:\\\/\\\/www.kajforsblom.fi\\\/sv\\\/vi-rekryterar\\\/\"]}]},{\"@type\":\"BreadcrumbList\",\"@id\":\"https:\\\/\\\/www.kajforsblom.fi\\\/sv\\\/vi-rekryterar\\\/#breadcrumb\",\"itemListElement\":[{\"@type\":\"ListItem\",\"position\":1,\"name\":\"Home\",\"item\":\"https:\\\/\\\/www.kajforsblom.fi\\\/sv\\\/\"},{\"@type\":\"ListItem\",\"position\":2,\"name\":\"Vi rekryterar\"}]},{\"@type\":\"WebSite\",\"@id\":\"https:\\\/\\\/www.kajforsblom.fi\\\/#website\",\"url\":\"https:\\\/\\\/www.kajforsblom.fi\\\/\",\"name\":\"tilausbussi Kaj Forsblom best\u00e4llningsbuss\",\"description\":\"bussi Helsinki, Sipoo, Porvoo, Loviisa - Buss Helsingfors, Sibbo, Borg\u00e5, Lovisa\",\"publisher\":{\"@id\":\"https:\\\/\\\/www.kajforsblom.fi\\\/#organization\"},\"potentialAction\":[{\"@type\":\"SearchAction\",\"target\":{\"@type\":\"EntryPoint\",\"urlTemplate\":\"https:\\\/\\\/www.kajforsblom.fi\\\/?s={search_term_string}\"},\"query-input\":{\"@type\":\"PropertyValueSpecification\",\"valueRequired\":true,\"valueName\":\"search_term_string\"}}],\"inLanguage\":\"sv-SE\"},{\"@type\":\"Organization\",\"@id\":\"https:\\\/\\\/www.kajforsblom.fi\\\/#organization\",\"name\":\"Kaj Forsblom\",\"url\":\"https:\\\/\\\/www.kajforsblom.fi\\\/\",\"logo\":{\"@type\":\"ImageObject\",\"inLanguage\":\"sv-SE\",\"@id\":\"https:\\\/\\\/www.kajforsblom.fi\\\/#\\\/schema\\\/logo\\\/image\\\/\",\"url\":\"\",\"contentUrl\":\"\",\"caption\":\"Kaj Forsblom\"},\"image\":{\"@id\":\"https:\\\/\\\/www.kajforsblom.fi\\\/#\\\/schema\\\/logo\\\/image\\\/\"},\"sameAs\":[\"https:\\\/\\\/www.facebook.com\\\/oykajforsblomab\\\/\",\"https:\\\/\\\/www.instagram.com\\\/oykajforsblomab_\\\/?hl=fihttps:\\\/\\\/www.instagram.com\\\/kajforsblom_lost_found\\\/\"]}]}<\/script>\n<!-- \/ Yoast SEO plugin. -->","yoast_head_json":{"title":"Vi rekryterar - Porvoo Tours - researrang\u00f6r","robots":{"index":"index","follow":"follow","max-snippet":"max-snippet:-1","max-image-preview":"max-image-preview:large","max-video-preview":"max-video-preview:-1"},"canonical":"https:\/\/www.kajforsblom.fi\/sv\/vi-rekryterar\/","og_locale":"sv_SE","og_type":"article","og_title":"Vi rekryterar - Porvoo Tours - researrang\u00f6r","og_description":"Bussf\u00f6rare till Borg\u00e5!\u00a0 &nbsp; Vi s\u00f6ker serviceinriktade och yrkeskunniga bussf\u00f6rare till v\u00e5rt f\u00f6retag i Borg\u00e5. Vi erbjuder ett m\u00e5ngsidigt arbete inom avtals-, best\u00e4llnings- och linjetrafik. Hos oss trivs du om &hellip; \u00bb","og_url":"https:\/\/www.kajforsblom.fi\/sv\/vi-rekryterar\/","og_site_name":"Porvoo Tours - researrang\u00f6r","article_publisher":"https:\/\/www.facebook.com\/oykajforsblomab\/","article_modified_time":"2025-10-14T12:50:37+00:00","twitter_card":"summary_large_image","twitter_misc":{"Ber\u00e4knad l\u00e4stid":"2 minuter"},"schema":{"@context":"https:\/\/schema.org","@graph":[{"@type":"WebPage","@id":"https:\/\/www.kajforsblom.fi\/sv\/vi-rekryterar\/","url":"https:\/\/www.kajforsblom.fi\/sv\/vi-rekryterar\/","name":"Vi rekryterar - Porvoo Tours - researrang\u00f6r","isPartOf":{"@id":"https:\/\/www.kajforsblom.fi\/#website"},"datePublished":"2022-08-25T07:04:58+00:00","dateModified":"2025-10-14T12:50:37+00:00","breadcrumb":{"@id":"https:\/\/www.kajforsblom.fi\/sv\/vi-rekryterar\/#breadcrumb"},"inLanguage":"sv-SE","potentialAction":[{"@type":"ReadAction","target":["https:\/\/www.kajforsblom.fi\/sv\/vi-rekryterar\/"]}]},{"@type":"BreadcrumbList","@id":"https:\/\/www.kajforsblom.fi\/sv\/vi-rekryterar\/#breadcrumb","itemListElement":[{"@type":"ListItem","position":1,"name":"Home","item":"https:\/\/www.kajforsblom.fi\/sv\/"},{"@type":"ListItem","position":2,"name":"Vi rekryterar"}]},{"@type":"WebSite","@id":"https:\/\/www.kajforsblom.fi\/#website","url":"https:\/\/www.kajforsblom.fi\/","name":"tilausbussi Kaj Forsblom best\u00e4llningsbuss","description":"bussi Helsinki, Sipoo, Porvoo, Loviisa - Buss Helsingfors, Sibbo, Borg\u00e5, Lovisa","publisher":{"@id":"https:\/\/www.kajforsblom.fi\/#organization"},"potentialAction":[{"@type":"SearchAction","target":{"@type":"EntryPoint","urlTemplate":"https:\/\/www.kajforsblom.fi\/?s={search_term_string}"},"query-input":{"@type":"PropertyValueSpecification","valueRequired":true,"valueName":"search_term_string"}}],"inLanguage":"sv-SE"},{"@type":"Organization","@id":"https:\/\/www.kajforsblom.fi\/#organization","name":"Kaj Forsblom","url":"https:\/\/www.kajforsblom.fi\/","logo":{"@type":"ImageObject","inLanguage":"sv-SE","@id":"https:\/\/www.kajforsblom.fi\/#\/schema\/logo\/image\/","url":"","contentUrl":"","caption":"Kaj Forsblom"},"image":{"@id":"https:\/\/www.kajforsblom.fi\/#\/schema\/logo\/image\/"},"sameAs":["https:\/\/www.facebook.com\/oykajforsblomab\/","https:\/\/www.instagram.com\/oykajforsblomab_\/?hl=fihttps:\/\/www.instagram.com\/kajforsblom_lost_found\/"]}]}},"_links":{"self":[{"href":"https:\/\/www.kajforsblom.fi\/sv\/wp-json\/wp\/v2\/pages\/19627","targetHints":{"allow":["GET"]}}],"collection":[{"href":"https:\/\/www.kajforsblom.fi\/sv\/wp-json\/wp\/v2\/pages"}],"about":[{"href":"https:\/\/www.kajforsblom.fi\/sv\/wp-json\/wp\/v2\/types\/page"}],"author":[{"embeddable":true,"href":"https:\/\/www.kajforsblom.fi\/sv\/wp-json\/wp\/v2\/users\/4"}],"replies":[{"embeddable":true,"href":"https:\/\/www.kajforsblom.fi\/sv\/wp-json\/wp\/v2\/comments?post=19627"}],"version-history":[{"count":0,"href":"https:\/\/www.kajforsblom.fi\/sv\/wp-json\/wp\/v2\/pages\/19627\/revisions"}],"wp:attachment":[{"href":"https:\/\/www.kajforsblom.fi\/sv\/wp-json\/wp\/v2\/media?parent=19627"}],"curies":[{"name":"wp","href":"https:\/\/api.w.org\/{rel}","templated":true}]}}