{"id":19963,"date":"2022-09-09T07:31:32","date_gmt":"2022-09-09T05:31:32","guid":{"rendered":"https:\/\/www.kajforsblom.fi\/?page_id=19963"},"modified":"2024-01-05T14:48:58","modified_gmt":"2024-01-05T12:48:58","slug":"fragor-om-paketresor","status":"publish","type":"page","link":"https:\/\/www.kajforsblom.fi\/sv\/kontaktuppgifter\/fragor-om-paketresor\/","title":{"rendered":"Fr\u00e5gor om paketresor"},"content":{"rendered":"<div id=\"pl-19963\"  class=\"panel-layout\" ><div id=\"pg-19963-0\"  class=\"panel-grid panel-no-style\" ><div id=\"pgc-19963-0-0\"  class=\"panel-grid-cell\" >\n\n        <div id=\"panel-19963-0-0-0\" class=\"so-panel widget widget_kadence_calltoaction_widget kadence_calltoaction_widget panel-first-child panel-last-child\" data-index=\"0\" ><div class=\"kt-ctaw clearfix\"><h2 class=\"kt-call-to-action-title\" style=\" font-size:50px; line-height:1; text-align:center; \"  data-max-size=\"50\" data-min-size=\"36\"><B>FR\u00c5GOR<\/B> OM RESORNA<\/h2><\/div><\/div>\n    <\/div><\/div><div id=\"pg-19963-1\"  class=\"panel-grid panel-no-style\" ><div id=\"pgc-19963-1-0\"  class=\"panel-grid-cell\" ><div id=\"panel-19963-1-0-0\" class=\"so-panel widget widget_black-studio-tinymce widget_black_studio_tinymce panel-first-child panel-last-child\" data-index=\"1\" ><div class=\"textwidget\"><h4>Fyll i formul\u00e4ret<\/h4>\n<p>\n\n<div class=\"wpcf7 no-js\" id=\"wpcf7-f6445-o1\" lang=\"fi\" dir=\"ltr\" data-wpcf7-id=\"6445\">\n<div class=\"screen-reader-response\"><p role=\"status\" aria-live=\"polite\" aria-atomic=\"true\"><\/p> <ul><\/ul><\/div>\n<form action=\"\/sv\/wp-json\/wp\/v2\/pages\/19963#wpcf7-f6445-o1\" method=\"post\" class=\"wpcf7-form init\" aria-label=\"Yhteydenottolomake\" novalidate=\"novalidate\" data-status=\"init\">\n<fieldset class=\"hidden-fields-container\"><input type=\"hidden\" name=\"_wpcf7\" value=\"6445\" \/><input type=\"hidden\" name=\"_wpcf7_version\" value=\"6.1.5\" \/><input type=\"hidden\" name=\"_wpcf7_locale\" value=\"fi\" \/><input type=\"hidden\" name=\"_wpcf7_unit_tag\" value=\"wpcf7-f6445-o1\" \/><input type=\"hidden\" name=\"_wpcf7_container_post\" value=\"0\" \/><input type=\"hidden\" name=\"_wpcf7_posted_data_hash\" value=\"\" \/><input type=\"hidden\" name=\"_wpcf7_recaptcha_response\" value=\"\" \/>\n<\/fieldset>\n<p><label> Namn (obligatorisk)<br \/>\n<span class=\"wpcf7-form-control-wrap\" data-name=\"your-name\"><input size=\"40\" maxlength=\"400\" class=\"wpcf7-form-control wpcf7-text wpcf7-validates-as-required\" aria-required=\"true\" aria-invalid=\"false\" value=\"\" type=\"text\" name=\"your-name\" \/><\/span> <\/label>\n<\/p>\n<p><label> E-post (obligatorisk)<br \/>\n<span class=\"wpcf7-form-control-wrap\" data-name=\"your-email\"><input size=\"40\" maxlength=\"400\" class=\"wpcf7-form-control wpcf7-email wpcf7-validates-as-required wpcf7-text wpcf7-validates-as-email\" aria-required=\"true\" aria-invalid=\"false\" value=\"\" type=\"email\" name=\"your-email\" \/><\/span> <\/label>\n<\/p>\n<p><label> Telefon (obligatorisk)<br \/>\n<span class=\"wpcf7-form-control-wrap\" data-name=\"tel-82\"><input size=\"40\" maxlength=\"400\" class=\"wpcf7-form-control wpcf7-tel wpcf7-validates-as-required wpcf7-text wpcf7-validates-as-tel\" aria-required=\"true\" aria-invalid=\"false\" value=\"\" type=\"tel\" name=\"tel-82\" \/><\/span> <\/label>\n<\/p>\n<p><label>Skriv h\u00e4r resepaketets namn<br \/>\n<span class=\"wpcf7-form-control-wrap\" data-name=\"your-subject\"><input size=\"40\" maxlength=\"400\" class=\"wpcf7-form-control wpcf7-text\" aria-invalid=\"false\" value=\"\" type=\"text\" name=\"your-subject\" \/><\/span><\/label>\n<\/p>\n<p><label>Ditt meddelande och kontaktuppgifter<br \/>\n<span class=\"wpcf7-form-control-wrap\" data-name=\"your-message\"><textarea cols=\"40\" rows=\"10\" maxlength=\"2000\" class=\"wpcf7-form-control wpcf7-textarea\" aria-invalid=\"false\" name=\"your-message\"><\/textarea><\/span> <\/label>\n<\/p>\n<p><input class=\"wpcf7-form-control wpcf7-submit has-spinner\" type=\"submit\" value=\"Skicka\" \/>\n<\/p><div class=\"wpcf7-response-output\" aria-hidden=\"true\"><\/div>\n<\/form>\n<\/div>\n\n<\/div><\/div><\/div><\/div><\/div>","protected":false},"excerpt":{"rendered":"<p>Fyll i formul\u00e4ret<\/p>\n","protected":false},"author":1,"featured_media":0,"parent":4426,"menu_order":0,"comment_status":"closed","ping_status":"closed","template":"","meta":{"footnotes":""},"class_list":["post-19963","page","type-page","status-publish","hentry"],"yoast_head":"<!-- This site is optimized with the Yoast SEO plugin v27.3 - https:\/\/yoast.com\/product\/yoast-seo-wordpress\/ -->\n<title>Fr\u00e5gor om paketresor - Porvoo Tours - researrang\u00f6r<\/title>\n<meta name=\"description\" content=\"Skicka din fr\u00e5ga till Kaj Forsblom om paketresor. Du kan ocks\u00e5 ringa. Vi svarar p\u00e5 din fr\u00e5ga s\u00e5 snart vi kan.\" \/>\n<meta name=\"robots\" content=\"index, follow, max-snippet:-1, max-image-preview:large, max-video-preview:-1\" \/>\n<link rel=\"canonical\" href=\"https:\/\/www.kajforsblom.fi\/sv\/kontaktuppgifter\/fragor-om-paketresor\/\" \/>\n<meta property=\"og:locale\" content=\"sv_SE\" \/>\n<meta property=\"og:type\" content=\"article\" \/>\n<meta property=\"og:title\" content=\"Fr\u00e5gor om paketresor - Porvoo Tours - researrang\u00f6r\" \/>\n<meta property=\"og:description\" content=\"Skicka din fr\u00e5ga till Kaj Forsblom om paketresor. Du kan ocks\u00e5 ringa. Vi svarar p\u00e5 din fr\u00e5ga s\u00e5 snart vi kan.\" \/>\n<meta property=\"og:url\" content=\"https:\/\/www.kajforsblom.fi\/sv\/kontaktuppgifter\/fragor-om-paketresor\/\" \/>\n<meta property=\"og:site_name\" content=\"Porvoo Tours - researrang\u00f6r\" \/>\n<meta property=\"article:publisher\" content=\"https:\/\/www.facebook.com\/oykajforsblomab\/\" \/>\n<meta property=\"article:modified_time\" content=\"2024-01-05T12:48:58+00:00\" \/>\n<meta name=\"twitter:card\" content=\"summary_large_image\" \/>\n<meta name=\"twitter:label1\" content=\"Ber\u00e4knad l\u00e4stid\" \/>\n\t<meta name=\"twitter:data1\" content=\"1 minut\" \/>\n<script type=\"application\/ld+json\" class=\"yoast-schema-graph\">{\"@context\":\"https:\\\/\\\/schema.org\",\"@graph\":[{\"@type\":\"WebPage\",\"@id\":\"https:\\\/\\\/www.kajforsblom.fi\\\/sv\\\/kontaktuppgifter\\\/fragor-om-paketresor\\\/\",\"url\":\"https:\\\/\\\/www.kajforsblom.fi\\\/sv\\\/kontaktuppgifter\\\/fragor-om-paketresor\\\/\",\"name\":\"Fr\u00e5gor om paketresor - Porvoo Tours - researrang\u00f6r\",\"isPartOf\":{\"@id\":\"https:\\\/\\\/www.kajforsblom.fi\\\/#website\"},\"datePublished\":\"2022-09-09T05:31:32+00:00\",\"dateModified\":\"2024-01-05T12:48:58+00:00\",\"description\":\"Skicka din fr\u00e5ga till Kaj Forsblom om paketresor. Du kan ocks\u00e5 ringa. Vi svarar p\u00e5 din fr\u00e5ga s\u00e5 snart vi kan.\",\"breadcrumb\":{\"@id\":\"https:\\\/\\\/www.kajforsblom.fi\\\/sv\\\/kontaktuppgifter\\\/fragor-om-paketresor\\\/#breadcrumb\"},\"inLanguage\":\"sv-SE\",\"potentialAction\":[{\"@type\":\"ReadAction\",\"target\":[\"https:\\\/\\\/www.kajforsblom.fi\\\/sv\\\/kontaktuppgifter\\\/fragor-om-paketresor\\\/\"]}]},{\"@type\":\"BreadcrumbList\",\"@id\":\"https:\\\/\\\/www.kajforsblom.fi\\\/sv\\\/kontaktuppgifter\\\/fragor-om-paketresor\\\/#breadcrumb\",\"itemListElement\":[{\"@type\":\"ListItem\",\"position\":1,\"name\":\"Home\",\"item\":\"https:\\\/\\\/www.kajforsblom.fi\\\/sv\\\/\"},{\"@type\":\"ListItem\",\"position\":2,\"name\":\"Kontaktuppgifter\",\"item\":\"https:\\\/\\\/www.kajforsblom.fi\\\/sv\\\/kontaktuppgifter\\\/\"},{\"@type\":\"ListItem\",\"position\":3,\"name\":\"Fr\u00e5gor om paketresor\"}]},{\"@type\":\"WebSite\",\"@id\":\"https:\\\/\\\/www.kajforsblom.fi\\\/#website\",\"url\":\"https:\\\/\\\/www.kajforsblom.fi\\\/\",\"name\":\"tilausbussi Kaj Forsblom best\u00e4llningsbuss\",\"description\":\"bussi Helsinki, Sipoo, Porvoo, Loviisa - Buss Helsingfors, Sibbo, Borg\u00e5, Lovisa\",\"publisher\":{\"@id\":\"https:\\\/\\\/www.kajforsblom.fi\\\/#organization\"},\"potentialAction\":[{\"@type\":\"SearchAction\",\"target\":{\"@type\":\"EntryPoint\",\"urlTemplate\":\"https:\\\/\\\/www.kajforsblom.fi\\\/?s={search_term_string}\"},\"query-input\":{\"@type\":\"PropertyValueSpecification\",\"valueRequired\":true,\"valueName\":\"search_term_string\"}}],\"inLanguage\":\"sv-SE\"},{\"@type\":\"Organization\",\"@id\":\"https:\\\/\\\/www.kajforsblom.fi\\\/#organization\",\"name\":\"Kaj Forsblom\",\"url\":\"https:\\\/\\\/www.kajforsblom.fi\\\/\",\"logo\":{\"@type\":\"ImageObject\",\"inLanguage\":\"sv-SE\",\"@id\":\"https:\\\/\\\/www.kajforsblom.fi\\\/#\\\/schema\\\/logo\\\/image\\\/\",\"url\":\"\",\"contentUrl\":\"\",\"caption\":\"Kaj Forsblom\"},\"image\":{\"@id\":\"https:\\\/\\\/www.kajforsblom.fi\\\/#\\\/schema\\\/logo\\\/image\\\/\"},\"sameAs\":[\"https:\\\/\\\/www.facebook.com\\\/oykajforsblomab\\\/\",\"https:\\\/\\\/www.instagram.com\\\/oykajforsblomab_\\\/?hl=fihttps:\\\/\\\/www.instagram.com\\\/kajforsblom_lost_found\\\/\"]}]}<\/script>\n<!-- \/ Yoast SEO plugin. -->","yoast_head_json":{"title":"Fr\u00e5gor om paketresor - Porvoo Tours - researrang\u00f6r","description":"Skicka din fr\u00e5ga till Kaj Forsblom om paketresor. Du kan ocks\u00e5 ringa. Vi svarar p\u00e5 din fr\u00e5ga s\u00e5 snart vi kan.","robots":{"index":"index","follow":"follow","max-snippet":"max-snippet:-1","max-image-preview":"max-image-preview:large","max-video-preview":"max-video-preview:-1"},"canonical":"https:\/\/www.kajforsblom.fi\/sv\/kontaktuppgifter\/fragor-om-paketresor\/","og_locale":"sv_SE","og_type":"article","og_title":"Fr\u00e5gor om paketresor - Porvoo Tours - researrang\u00f6r","og_description":"Skicka din fr\u00e5ga till Kaj Forsblom om paketresor. Du kan ocks\u00e5 ringa. Vi svarar p\u00e5 din fr\u00e5ga s\u00e5 snart vi kan.","og_url":"https:\/\/www.kajforsblom.fi\/sv\/kontaktuppgifter\/fragor-om-paketresor\/","og_site_name":"Porvoo Tours - researrang\u00f6r","article_publisher":"https:\/\/www.facebook.com\/oykajforsblomab\/","article_modified_time":"2024-01-05T12:48:58+00:00","twitter_card":"summary_large_image","twitter_misc":{"Ber\u00e4knad l\u00e4stid":"1 minut"},"schema":{"@context":"https:\/\/schema.org","@graph":[{"@type":"WebPage","@id":"https:\/\/www.kajforsblom.fi\/sv\/kontaktuppgifter\/fragor-om-paketresor\/","url":"https:\/\/www.kajforsblom.fi\/sv\/kontaktuppgifter\/fragor-om-paketresor\/","name":"Fr\u00e5gor om paketresor - Porvoo Tours - researrang\u00f6r","isPartOf":{"@id":"https:\/\/www.kajforsblom.fi\/#website"},"datePublished":"2022-09-09T05:31:32+00:00","dateModified":"2024-01-05T12:48:58+00:00","description":"Skicka din fr\u00e5ga till Kaj Forsblom om paketresor. Du kan ocks\u00e5 ringa. Vi svarar p\u00e5 din fr\u00e5ga s\u00e5 snart vi kan.","breadcrumb":{"@id":"https:\/\/www.kajforsblom.fi\/sv\/kontaktuppgifter\/fragor-om-paketresor\/#breadcrumb"},"inLanguage":"sv-SE","potentialAction":[{"@type":"ReadAction","target":["https:\/\/www.kajforsblom.fi\/sv\/kontaktuppgifter\/fragor-om-paketresor\/"]}]},{"@type":"BreadcrumbList","@id":"https:\/\/www.kajforsblom.fi\/sv\/kontaktuppgifter\/fragor-om-paketresor\/#breadcrumb","itemListElement":[{"@type":"ListItem","position":1,"name":"Home","item":"https:\/\/www.kajforsblom.fi\/sv\/"},{"@type":"ListItem","position":2,"name":"Kontaktuppgifter","item":"https:\/\/www.kajforsblom.fi\/sv\/kontaktuppgifter\/"},{"@type":"ListItem","position":3,"name":"Fr\u00e5gor om paketresor"}]},{"@type":"WebSite","@id":"https:\/\/www.kajforsblom.fi\/#website","url":"https:\/\/www.kajforsblom.fi\/","name":"tilausbussi Kaj Forsblom best\u00e4llningsbuss","description":"bussi Helsinki, Sipoo, Porvoo, Loviisa - Buss Helsingfors, Sibbo, Borg\u00e5, Lovisa","publisher":{"@id":"https:\/\/www.kajforsblom.fi\/#organization"},"potentialAction":[{"@type":"SearchAction","target":{"@type":"EntryPoint","urlTemplate":"https:\/\/www.kajforsblom.fi\/?s={search_term_string}"},"query-input":{"@type":"PropertyValueSpecification","valueRequired":true,"valueName":"search_term_string"}}],"inLanguage":"sv-SE"},{"@type":"Organization","@id":"https:\/\/www.kajforsblom.fi\/#organization","name":"Kaj Forsblom","url":"https:\/\/www.kajforsblom.fi\/","logo":{"@type":"ImageObject","inLanguage":"sv-SE","@id":"https:\/\/www.kajforsblom.fi\/#\/schema\/logo\/image\/","url":"","contentUrl":"","caption":"Kaj Forsblom"},"image":{"@id":"https:\/\/www.kajforsblom.fi\/#\/schema\/logo\/image\/"},"sameAs":["https:\/\/www.facebook.com\/oykajforsblomab\/","https:\/\/www.instagram.com\/oykajforsblomab_\/?hl=fihttps:\/\/www.instagram.com\/kajforsblom_lost_found\/"]}]}},"_links":{"self":[{"href":"https:\/\/www.kajforsblom.fi\/sv\/wp-json\/wp\/v2\/pages\/19963","targetHints":{"allow":["GET"]}}],"collection":[{"href":"https:\/\/www.kajforsblom.fi\/sv\/wp-json\/wp\/v2\/pages"}],"about":[{"href":"https:\/\/www.kajforsblom.fi\/sv\/wp-json\/wp\/v2\/types\/page"}],"author":[{"embeddable":true,"href":"https:\/\/www.kajforsblom.fi\/sv\/wp-json\/wp\/v2\/users\/1"}],"replies":[{"embeddable":true,"href":"https:\/\/www.kajforsblom.fi\/sv\/wp-json\/wp\/v2\/comments?post=19963"}],"version-history":[{"count":0,"href":"https:\/\/www.kajforsblom.fi\/sv\/wp-json\/wp\/v2\/pages\/19963\/revisions"}],"up":[{"embeddable":true,"href":"https:\/\/www.kajforsblom.fi\/sv\/wp-json\/wp\/v2\/pages\/4426"}],"wp:attachment":[{"href":"https:\/\/www.kajforsblom.fi\/sv\/wp-json\/wp\/v2\/media?parent=19963"}],"curies":[{"name":"wp","href":"https:\/\/api.w.org\/{rel}","templated":true}]}}