{"id":4426,"date":"2019-02-15T06:30:06","date_gmt":"2019-02-15T06:30:06","guid":{"rendered":"https:\/\/www.kajforsblom.fi\/yhteystiedot\/"},"modified":"2024-10-30T12:11:28","modified_gmt":"2024-10-30T10:11:28","slug":"kontaktuppgifter","status":"publish","type":"page","link":"https:\/\/www.kajforsblom.fi\/sv\/kontaktuppgifter\/","title":{"rendered":"Kontaktuppgifter"},"content":{"rendered":"<div id=\"pl-4426\"  class=\"panel-layout\" ><div id=\"pg-4426-0\"  class=\"panel-grid panel-no-style\" ><div id=\"pgc-4426-0-0\"  class=\"panel-grid-cell\" ><div id=\"panel-4426-0-0-0\" class=\"so-panel widget widget_black-studio-tinymce widget_black_studio_tinymce panel-first-child panel-last-child\" data-index=\"0\" ><div class=\"textwidget\"><h1>Oy Kaj Forsblom Ab<\/h1>\n<p>Adlercreutzgatan 17<br \/>\n06100 Borg\u00e5<\/p>\n<h4>Kundtj\u00e4nst<\/h4>\n<p>m\u00e5n-fre kl. 8.30-16.30<br \/>\ntel. <a href=\"tel:+358195243993\">019\u00a0524 3993<\/a><br \/>\n<a href=\"mailto:info@kajforsblom.fi\">info@kajforsblom.fi<\/a><\/p>\n<h4>F\u00f6rs\u00e4ljning och bokningar<\/h4>\n<p><a href=\"mailto:info@kajforsblom.fi\">info@kajforsblom.fi<\/a> (bussbokningar)<\/p>\n<p><a href=\"mailto:booking@kajforsblom.fi\">booking@kajforsblom.fi<\/a> (resor)<\/p>\n<p><a href=\"mailto:taxi@kajforsblom.fi\">taxi@kajforsblom.fi<\/a> (taxibokningar)<\/p>\n<p>&nbsp;<\/p>\n<p>Henrik Forsblom<br \/>\n<strong>Verkst\u00e4llande direkt\u00f6r<\/strong><br \/>\ntel. <a href=\"tel:+358195243993\">019 524 3993<\/a><br \/>\n<a href=\"mailto:henrik.forsblom@kajforsblom.fi\">henrik.forsblom@kajforsblom.fi<\/a> (ej bokningar)<\/p>\n<p>Jill Backman<br \/>\n<strong>F\u00f6rs\u00e4ljning och fakturering<\/strong><br \/>\ntel. <a href=\"tel:+358195243993\">019\u00a0524 3993<\/a><br \/>\n<a href=\"mailto:jill.backman@kajforsblom.fi\">jill.backman@kajforsblom.fi<\/a> (ej bokningar)<\/p>\n<p>Mi Sax\u00e9n<br \/>\n<strong>F\u00f6rs\u00e4ljning och marknadsf\u00f6ring<\/strong><br \/>\ntel. <a href=\"tel:+358195243993\">019\u00a0524 3993<\/a><br \/>\n<a href=\"mailto:mi.saxen@kajforsblom\">mi.saxen@kajforsblom<\/a> (ej bokningar)<\/p>\n<h4>Dejour<\/h4>\n<p>Dejournummer vid problem 0400 492\u00a0146<\/p>\n<h4>FAKTURERING<\/h4>\n<p><strong>N\u00e4tfakturering<\/strong><br \/>\nEDI-kod\u00a0 \u00a0003708228210<br \/>\nOperat\u00f6r\u00a0 003708599126 (OpenText)<\/p>\n<p><strong>E-post fakturor<\/strong><br \/>\n<a href=\"mailto:info@kajforsblom.fi\">info@kajforsblom.fi<\/a><\/p>\n<p><strong>Pappersfakturor<\/strong><br \/>\nOy Kaj Forsblom Ab<br \/>\nAdlercreutzgatan 17<br \/>\n06100 BORG\u00c5<\/p>\n<h4>FO-nummer<\/h4>\n<p>0822821-0<br \/>\n(VAT FI08228210)<\/p>\n<h4>Avbokningsvillkor<\/h4>\n<p>1 vecka f\u00f6re resan10%<br \/>\n48 timmar f\u00f6re resan 50 %<br \/>\n24 timmar f\u00f6re resan 100%<\/p>\n<h4>V\u00e5r resebyr\u00e5 Porvoo Tours<\/h4>\n<p>m\u00e5n\u2013fre kl. 9.00\u201316.00<br \/>\ntel.\u00a0<a href=\"tel:+358195742200\">019 574 2200<\/a><br \/>\n<a href=\"mailto:porvootours@porvootours.fi\">porvootours@porvootours.fi<\/a><br \/>\n<a href=\"http:\/\/www.porvootours.fi\">www.porvootours.fi<\/a><\/p>\n<\/div><\/div><\/div><\/div><div id=\"pg-4426-1\"  class=\"panel-grid panel-no-style\" ><div id=\"pgc-4426-1-0\"  class=\"panel-grid-cell\" ><div id=\"panel-4426-1-0-0\" class=\"so-panel widget widget_black-studio-tinymce widget_black_studio_tinymce panel-first-child panel-last-child\" data-index=\"1\" ><div class=\"textwidget\"><\/div><\/div><\/div><div id=\"pgc-4426-1-1\"  class=\"panel-grid-cell panel-grid-cell-empty panel-grid-cell-mobile-last\" ><\/div><div id=\"pgc-4426-1-2\"  class=\"panel-grid-cell panel-grid-cell-empty\" ><\/div><\/div><\/div>","protected":false},"excerpt":{"rendered":"<p>Oy Kaj Forsblom Ab Adlercreutzgatan 17 06100 Borg\u00e5 Kundtj\u00e4nst m\u00e5n-fre kl. 8.30-16.30 tel. 019\u00a0524 3993 info@kajforsblom.fi F\u00f6rs\u00e4ljning och bokningar info@kajforsblom.fi (bussbokningar) booking@kajforsblom.fi (resor) taxi@kajforsblom.fi (taxibokningar) &nbsp; Henrik Forsblom Verkst\u00e4llande direkt\u00f6r &hellip; <a class=\"kt-excerpt-readmore more-link\" href=\"https:\/\/www.kajforsblom.fi\/sv\/kontaktuppgifter\/\" aria-label=\"Kontaktuppgifter\">\u00bb<\/a><\/p>\n","protected":false},"author":1,"featured_media":0,"parent":0,"menu_order":0,"comment_status":"closed","ping_status":"closed","template":"","meta":{"footnotes":""},"class_list":["post-4426","page","type-page","status-publish","hentry"],"yoast_head":"<!-- This site is optimized with the Yoast SEO plugin v27.3 - https:\/\/yoast.com\/product\/yoast-seo-wordpress\/ -->\n<title>Kontaktuppgifter - Porvoo Tours - researrang\u00f6r<\/title>\n<meta name=\"description\" content=\"Kontaktuppgifter OY KAJ FORSBLOM AB Adlercreutzgatan 17, 06100 Borg\u00e5, Finland Kundbetj\u00e4ning m\u00e5-fre kl. 8.30\u201316.30, tel. 019 524 3993 info@kajforsblom.fi\" \/>\n<meta name=\"robots\" content=\"index, follow, max-snippet:-1, max-image-preview:large, max-video-preview:-1\" \/>\n<link rel=\"canonical\" href=\"https:\/\/www.kajforsblom.fi\/sv\/kontaktuppgifter\/\" \/>\n<meta property=\"og:locale\" content=\"sv_SE\" \/>\n<meta property=\"og:type\" content=\"article\" \/>\n<meta property=\"og:title\" content=\"Kontaktuppgifter - Porvoo Tours - researrang\u00f6r\" \/>\n<meta property=\"og:description\" content=\"Kontaktuppgifter OY KAJ FORSBLOM AB Adlercreutzgatan 17, 06100 Borg\u00e5, Finland Kundbetj\u00e4ning m\u00e5-fre kl. 8.30\u201316.30, tel. 019 524 3993 info@kajforsblom.fi\" \/>\n<meta property=\"og:url\" content=\"https:\/\/www.kajforsblom.fi\/sv\/kontaktuppgifter\/\" \/>\n<meta property=\"og:site_name\" content=\"Porvoo Tours - researrang\u00f6r\" \/>\n<meta property=\"article:publisher\" content=\"https:\/\/www.facebook.com\/oykajforsblomab\/\" \/>\n<meta property=\"article:modified_time\" content=\"2024-10-30T10:11:28+00:00\" \/>\n<meta name=\"twitter:card\" content=\"summary_large_image\" \/>\n<meta name=\"twitter:label1\" content=\"Ber\u00e4knad l\u00e4stid\" \/>\n\t<meta name=\"twitter:data1\" content=\"1 minut\" \/>\n<script type=\"application\/ld+json\" class=\"yoast-schema-graph\">{\"@context\":\"https:\\\/\\\/schema.org\",\"@graph\":[{\"@type\":\"WebPage\",\"@id\":\"https:\\\/\\\/www.kajforsblom.fi\\\/sv\\\/kontaktuppgifter\\\/\",\"url\":\"https:\\\/\\\/www.kajforsblom.fi\\\/sv\\\/kontaktuppgifter\\\/\",\"name\":\"Kontaktuppgifter - Porvoo Tours - researrang\u00f6r\",\"isPartOf\":{\"@id\":\"https:\\\/\\\/www.kajforsblom.fi\\\/#website\"},\"datePublished\":\"2019-02-15T06:30:06+00:00\",\"dateModified\":\"2024-10-30T10:11:28+00:00\",\"description\":\"Kontaktuppgifter OY KAJ FORSBLOM AB Adlercreutzgatan 17, 06100 Borg\u00e5, Finland Kundbetj\u00e4ning m\u00e5-fre kl. 8.30\u201316.30, tel. 019 524 3993 info@kajforsblom.fi\",\"breadcrumb\":{\"@id\":\"https:\\\/\\\/www.kajforsblom.fi\\\/sv\\\/kontaktuppgifter\\\/#breadcrumb\"},\"inLanguage\":\"sv-SE\",\"potentialAction\":[{\"@type\":\"ReadAction\",\"target\":[\"https:\\\/\\\/www.kajforsblom.fi\\\/sv\\\/kontaktuppgifter\\\/\"]}]},{\"@type\":\"BreadcrumbList\",\"@id\":\"https:\\\/\\\/www.kajforsblom.fi\\\/sv\\\/kontaktuppgifter\\\/#breadcrumb\",\"itemListElement\":[{\"@type\":\"ListItem\",\"position\":1,\"name\":\"Home\",\"item\":\"https:\\\/\\\/www.kajforsblom.fi\\\/sv\\\/\"},{\"@type\":\"ListItem\",\"position\":2,\"name\":\"Kontaktuppgifter\"}]},{\"@type\":\"WebSite\",\"@id\":\"https:\\\/\\\/www.kajforsblom.fi\\\/#website\",\"url\":\"https:\\\/\\\/www.kajforsblom.fi\\\/\",\"name\":\"tilausbussi Kaj Forsblom best\u00e4llningsbuss\",\"description\":\"bussi Helsinki, Sipoo, Porvoo, Loviisa - Buss Helsingfors, Sibbo, Borg\u00e5, Lovisa\",\"publisher\":{\"@id\":\"https:\\\/\\\/www.kajforsblom.fi\\\/#organization\"},\"potentialAction\":[{\"@type\":\"SearchAction\",\"target\":{\"@type\":\"EntryPoint\",\"urlTemplate\":\"https:\\\/\\\/www.kajforsblom.fi\\\/?s={search_term_string}\"},\"query-input\":{\"@type\":\"PropertyValueSpecification\",\"valueRequired\":true,\"valueName\":\"search_term_string\"}}],\"inLanguage\":\"sv-SE\"},{\"@type\":\"Organization\",\"@id\":\"https:\\\/\\\/www.kajforsblom.fi\\\/#organization\",\"name\":\"Kaj Forsblom\",\"url\":\"https:\\\/\\\/www.kajforsblom.fi\\\/\",\"logo\":{\"@type\":\"ImageObject\",\"inLanguage\":\"sv-SE\",\"@id\":\"https:\\\/\\\/www.kajforsblom.fi\\\/#\\\/schema\\\/logo\\\/image\\\/\",\"url\":\"\",\"contentUrl\":\"\",\"caption\":\"Kaj Forsblom\"},\"image\":{\"@id\":\"https:\\\/\\\/www.kajforsblom.fi\\\/#\\\/schema\\\/logo\\\/image\\\/\"},\"sameAs\":[\"https:\\\/\\\/www.facebook.com\\\/oykajforsblomab\\\/\",\"https:\\\/\\\/www.instagram.com\\\/oykajforsblomab_\\\/?hl=fihttps:\\\/\\\/www.instagram.com\\\/kajforsblom_lost_found\\\/\"]}]}<\/script>\n<!-- \/ Yoast SEO plugin. -->","yoast_head_json":{"title":"Kontaktuppgifter - Porvoo Tours - researrang\u00f6r","description":"Kontaktuppgifter OY KAJ FORSBLOM AB Adlercreutzgatan 17, 06100 Borg\u00e5, Finland Kundbetj\u00e4ning m\u00e5-fre kl. 8.30\u201316.30, tel. 019 524 3993 info@kajforsblom.fi","robots":{"index":"index","follow":"follow","max-snippet":"max-snippet:-1","max-image-preview":"max-image-preview:large","max-video-preview":"max-video-preview:-1"},"canonical":"https:\/\/www.kajforsblom.fi\/sv\/kontaktuppgifter\/","og_locale":"sv_SE","og_type":"article","og_title":"Kontaktuppgifter - Porvoo Tours - researrang\u00f6r","og_description":"Kontaktuppgifter OY KAJ FORSBLOM AB Adlercreutzgatan 17, 06100 Borg\u00e5, Finland Kundbetj\u00e4ning m\u00e5-fre kl. 8.30\u201316.30, tel. 019 524 3993 info@kajforsblom.fi","og_url":"https:\/\/www.kajforsblom.fi\/sv\/kontaktuppgifter\/","og_site_name":"Porvoo Tours - researrang\u00f6r","article_publisher":"https:\/\/www.facebook.com\/oykajforsblomab\/","article_modified_time":"2024-10-30T10:11:28+00:00","twitter_card":"summary_large_image","twitter_misc":{"Ber\u00e4knad l\u00e4stid":"1 minut"},"schema":{"@context":"https:\/\/schema.org","@graph":[{"@type":"WebPage","@id":"https:\/\/www.kajforsblom.fi\/sv\/kontaktuppgifter\/","url":"https:\/\/www.kajforsblom.fi\/sv\/kontaktuppgifter\/","name":"Kontaktuppgifter - Porvoo Tours - researrang\u00f6r","isPartOf":{"@id":"https:\/\/www.kajforsblom.fi\/#website"},"datePublished":"2019-02-15T06:30:06+00:00","dateModified":"2024-10-30T10:11:28+00:00","description":"Kontaktuppgifter OY KAJ FORSBLOM AB Adlercreutzgatan 17, 06100 Borg\u00e5, Finland Kundbetj\u00e4ning m\u00e5-fre kl. 8.30\u201316.30, tel. 019 524 3993 info@kajforsblom.fi","breadcrumb":{"@id":"https:\/\/www.kajforsblom.fi\/sv\/kontaktuppgifter\/#breadcrumb"},"inLanguage":"sv-SE","potentialAction":[{"@type":"ReadAction","target":["https:\/\/www.kajforsblom.fi\/sv\/kontaktuppgifter\/"]}]},{"@type":"BreadcrumbList","@id":"https:\/\/www.kajforsblom.fi\/sv\/kontaktuppgifter\/#breadcrumb","itemListElement":[{"@type":"ListItem","position":1,"name":"Home","item":"https:\/\/www.kajforsblom.fi\/sv\/"},{"@type":"ListItem","position":2,"name":"Kontaktuppgifter"}]},{"@type":"WebSite","@id":"https:\/\/www.kajforsblom.fi\/#website","url":"https:\/\/www.kajforsblom.fi\/","name":"tilausbussi Kaj Forsblom best\u00e4llningsbuss","description":"bussi Helsinki, Sipoo, Porvoo, Loviisa - Buss Helsingfors, Sibbo, Borg\u00e5, Lovisa","publisher":{"@id":"https:\/\/www.kajforsblom.fi\/#organization"},"potentialAction":[{"@type":"SearchAction","target":{"@type":"EntryPoint","urlTemplate":"https:\/\/www.kajforsblom.fi\/?s={search_term_string}"},"query-input":{"@type":"PropertyValueSpecification","valueRequired":true,"valueName":"search_term_string"}}],"inLanguage":"sv-SE"},{"@type":"Organization","@id":"https:\/\/www.kajforsblom.fi\/#organization","name":"Kaj Forsblom","url":"https:\/\/www.kajforsblom.fi\/","logo":{"@type":"ImageObject","inLanguage":"sv-SE","@id":"https:\/\/www.kajforsblom.fi\/#\/schema\/logo\/image\/","url":"","contentUrl":"","caption":"Kaj Forsblom"},"image":{"@id":"https:\/\/www.kajforsblom.fi\/#\/schema\/logo\/image\/"},"sameAs":["https:\/\/www.facebook.com\/oykajforsblomab\/","https:\/\/www.instagram.com\/oykajforsblomab_\/?hl=fihttps:\/\/www.instagram.com\/kajforsblom_lost_found\/"]}]}},"_links":{"self":[{"href":"https:\/\/www.kajforsblom.fi\/sv\/wp-json\/wp\/v2\/pages\/4426","targetHints":{"allow":["GET"]}}],"collection":[{"href":"https:\/\/www.kajforsblom.fi\/sv\/wp-json\/wp\/v2\/pages"}],"about":[{"href":"https:\/\/www.kajforsblom.fi\/sv\/wp-json\/wp\/v2\/types\/page"}],"author":[{"embeddable":true,"href":"https:\/\/www.kajforsblom.fi\/sv\/wp-json\/wp\/v2\/users\/1"}],"replies":[{"embeddable":true,"href":"https:\/\/www.kajforsblom.fi\/sv\/wp-json\/wp\/v2\/comments?post=4426"}],"version-history":[{"count":0,"href":"https:\/\/www.kajforsblom.fi\/sv\/wp-json\/wp\/v2\/pages\/4426\/revisions"}],"wp:attachment":[{"href":"https:\/\/www.kajforsblom.fi\/sv\/wp-json\/wp\/v2\/media?parent=4426"}],"curies":[{"name":"wp","href":"https:\/\/api.w.org\/{rel}","templated":true}]}}