{"id":5973,"date":"2019-03-20T18:20:45","date_gmt":"2019-03-20T18:20:45","guid":{"rendered":"https:\/\/www.kajforsblom.fi\/yhteistyokumppanit\/"},"modified":"2020-01-24T11:13:55","modified_gmt":"2020-01-24T11:13:55","slug":"samarbetspartner","status":"publish","type":"page","link":"https:\/\/www.kajforsblom.fi\/sv\/om-oss-kaj-forsblom-oy-ab\/samarbetspartner\/","title":{"rendered":"Samarbetspartner"},"content":{"rendered":"<div id=\"pl-5973\"  class=\"panel-layout\" ><div id=\"pg-5973-0\"  class=\"panel-grid panel-no-style\" ><div id=\"pgc-5973-0-0\"  class=\"panel-grid-cell\" >\n\n        <div id=\"panel-5973-0-0-0\" class=\"so-panel widget widget_kadence_calltoaction_widget kadence_calltoaction_widget panel-first-child\" data-index=\"0\" ><div class=\"kt-ctaw clearfix\"><h2 class=\"kt-call-to-action-title\" style=\"color:#333333; font-size:58px; line-height:1; text-align:center; \"  data-max-size=\"58\" data-min-size=\"36\"><B>SAMARBETS<\/B>PARTNER<\/h2><\/div><\/div>\n    <div id=\"panel-5973-0-0-1\" class=\"so-panel widget widget_black-studio-tinymce widget_black_studio_tinymce panel-last-child\" data-index=\"1\" ><div class=\"textwidget\"><\/div><\/div><\/div><\/div><div id=\"pg-5973-1\"  class=\"panel-grid panel-no-style\" ><div id=\"pgc-5973-1-0\"  class=\"panel-grid-cell panel-grid-cell-mobile-last\" >\n                <div id=\"panel-5973-1-0-0\" class=\"so-panel widget widget_kadence_split_content_widget kadence_split_content_widget panel-first-child\" data-index=\"2\" >                \t<!-- Image Split -->\n\t<div class=\"kt-image-split\" id=\"kt-image-split-widget-1-0-0\">\n\t\t  <div class=\"row-no-margin\">\n\t\t\t<div class=\"col-md-6 kt-si-imagecol img-ktsi-left kt-animate-fade-in-\n\t\t\t\t\t\t\t\t\t\t\t\t\t\t\t\t\tright\t\t\t\" style=\"\n\t\t\t\">\n\t\t\t\t  <div class=\"kt-si-table-box\" style=\"height:200px\">\n\t\t\t\t\t  <div class=\"kt-si-cell-box\">\n\t\t\t\t\t\t<img decoding=\"async\" src=\"http:\/\/www.kajforsblom.fi\/wp-content\/uploads\/2019\/12\/porvootours_logo1.jpg\" alt=\"Porvoo Tours logo\" class=\"kt-si-image\" style=\"max-height:200px\">\t\t\t\t\t<\/div>\n\t\t\t\t  <\/div>\n\t\t\t <\/div>\n\t\t\t <div class=\"col-md-6 kt-si-imagecol content-ktsi-left kt-animate-fade-in-left\" \n\t\t\t\t\t\t\t\t\t\t\t\t\t\t\t\t\t\t \t\t\t\t>\n\t\t\t\t  <div class=\"kt-si-table-box\" style=\"height:200px\">\n\t\t\t\t\t  <div class=\"kt-si-cell-box\">\n\t\t\t\t\t\t  <div class=\"kt-si-inner-content\" style=\"  \">\n\t\t\t\t\t\t\t<div class=\"kt_imgsplit_content\" style=\"\">Gruppresor, konferensst\u00e4llen, programservice och n\u00e4rturism i \u00d6stnyland<br>\n<a href=\"https:\/\/www.porvootours.fi\/\" target=\"_blank\">www.porvootours.fi<\/a><\/div>\t\t\t\t\t\t <\/div>\n\t\t\t\t\t<\/div>\n\t\t\t\t  <\/div>\n\t\t\t<\/div>\n\t\t  <\/div>\n\t<\/div>\n\n\t\n                <\/div>\n    \n                <div id=\"panel-5973-1-0-1\" class=\"so-panel widget widget_kadence_split_content_widget kadence_split_content_widget\" data-index=\"3\" >                \t<!-- Image Split -->\n\t<div class=\"kt-image-split\" id=\"kt-image-split-widget-1-0-1\">\n\t\t  <div class=\"row-no-margin\">\n\t\t\t<div class=\"col-md-6 kt-si-imagecol img-ktsi-left kt-animate-fade-in-\n\t\t\t\t\t\t\t\t\t\t\t\t\t\t\t\t\tright\t\t\t\" style=\"\n\t\t\t\">\n\t\t\t\t  <div class=\"kt-si-table-box\" style=\"height:200px\">\n\t\t\t\t\t  <div class=\"kt-si-cell-box\">\n\t\t\t\t\t\t<img decoding=\"async\" src=\"http:\/\/www.kajforsblom.fi\/wp-content\/uploads\/2019\/12\/poukama_logo.jpg\" alt=\"Poukama logo\" class=\"kt-si-image\" style=\"max-height:200px\">\t\t\t\t\t<\/div>\n\t\t\t\t  <\/div>\n\t\t\t <\/div>\n\t\t\t <div class=\"col-md-6 kt-si-imagecol content-ktsi-left kt-animate-fade-in-left\" \n\t\t\t\t\t\t\t\t\t\t\t\t\t\t\t\t\t\t \t\t\t\t>\n\t\t\t\t  <div class=\"kt-si-table-box\" style=\"height:200px\">\n\t\t\t\t\t  <div class=\"kt-si-cell-box\">\n\t\t\t\t\t\t  <div class=\"kt-si-inner-content\" style=\"  \">\n\t\t\t\t\t\t\t<div class=\"kt_imgsplit_content\" style=\"\">M\u00f6tesutrymmen och rekreationsdagar<br>\n<a href=\"https:\/\/kokouspoukama.fi\" target=\"_blank\">www.kokouspoukama.fi<\/a><\/div>\t\t\t\t\t\t <\/div>\n\t\t\t\t\t<\/div>\n\t\t\t\t  <\/div>\n\t\t\t<\/div>\n\t\t  <\/div>\n\t<\/div>\n\n\t\n                <\/div>\n    \n                <div id=\"panel-5973-1-0-2\" class=\"so-panel widget widget_kadence_split_content_widget kadence_split_content_widget\" data-index=\"4\" >                \t<!-- Image Split -->\n\t<div class=\"kt-image-split\" id=\"kt-image-split-widget-1-0-2\">\n\t\t  <div class=\"row-no-margin\">\n\t\t\t<div class=\"col-md-6 kt-si-imagecol img-ktsi-left kt-animate-fade-in-\n\t\t\t\t\t\t\t\t\t\t\t\t\t\t\t\t\tright\t\t\t\" style=\"\n\t\t\t\">\n\t\t\t\t  <div class=\"kt-si-table-box\" style=\"height:200px\">\n\t\t\t\t\t  <div class=\"kt-si-cell-box\">\n\t\t\t\t\t\t<img decoding=\"async\" src=\"http:\/\/www.kajforsblom.fi\/wp-content\/uploads\/2019\/12\/porvooborga.jpg\" alt=\"Porvoo Borg\u00e5 logo\" class=\"kt-si-image\" style=\"max-height:200px\">\t\t\t\t\t<\/div>\n\t\t\t\t  <\/div>\n\t\t\t <\/div>\n\t\t\t <div class=\"col-md-6 kt-si-imagecol content-ktsi-left kt-animate-fade-in-left\" \n\t\t\t\t\t\t\t\t\t\t\t\t\t\t\t\t\t\t \t\t\t\t>\n\t\t\t\t  <div class=\"kt-si-table-box\" style=\"height:200px\">\n\t\t\t\t\t  <div class=\"kt-si-cell-box\">\n\t\t\t\t\t\t  <div class=\"kt-si-inner-content\" style=\"  \">\n\t\t\t\t\t\t\t<div class=\"kt_imgsplit_content\" style=\"\">Borg\u00e5 stads turistbyr\u00e5:<br>\n<a href=\"https:\/\/www.visitporvoo.fi\/\" target=\"_blank\">www.visitporvoo.fi<\/a><\/div>\t\t\t\t\t\t <\/div>\n\t\t\t\t\t<\/div>\n\t\t\t\t  <\/div>\n\t\t\t<\/div>\n\t\t  <\/div>\n\t<\/div>\n\n\t\n                <\/div>\n    \n                <div id=\"panel-5973-1-0-3\" class=\"so-panel widget widget_kadence_split_content_widget kadence_split_content_widget\" data-index=\"5\" >                \t<!-- Image Split -->\n\t<div class=\"kt-image-split\" id=\"kt-image-split-widget-1-0-3\">\n\t\t  <div class=\"row-no-margin\">\n\t\t\t<div class=\"col-md-6 kt-si-imagecol img-ktsi-left kt-animate-fade-in-\n\t\t\t\t\t\t\t\t\t\t\t\t\t\t\t\t\tright\t\t\t\" style=\"\n\t\t\t\">\n\t\t\t\t  <div class=\"kt-si-table-box\" style=\"height:200px\">\n\t\t\t\t\t  <div class=\"kt-si-cell-box\">\n\t\t\t\t\t\t<img decoding=\"async\" src=\"http:\/\/www.kajforsblom.fi\/wp-content\/uploads\/2019\/12\/taidetehdasporvoo2.jpg\" alt=\"Taidetehdas Konstfabriken logo\" class=\"kt-si-image\" style=\"max-height:200px\">\t\t\t\t\t<\/div>\n\t\t\t\t  <\/div>\n\t\t\t <\/div>\n\t\t\t <div class=\"col-md-6 kt-si-imagecol content-ktsi-left kt-animate-fade-in-left\" \n\t\t\t\t\t\t\t\t\t\t\t\t\t\t\t\t\t\t \t\t\t\t>\n\t\t\t\t  <div class=\"kt-si-table-box\" style=\"height:200px\">\n\t\t\t\t\t  <div class=\"kt-si-cell-box\">\n\t\t\t\t\t\t  <div class=\"kt-si-inner-content\" style=\"  \">\n\t\t\t\t\t\t\t<div class=\"kt_imgsplit_content\" style=\"\">Konserter, m\u00f6tesutrymmen, konstutst\u00e4llningar och evenemang<br>\n<a href=\"https:\/\/www.taidetehdas.fi\/\" target=\"_blank\">www.taidetehdas.fi<\/a><\/div>\t\t\t\t\t\t <\/div>\n\t\t\t\t\t<\/div>\n\t\t\t\t  <\/div>\n\t\t\t<\/div>\n\t\t  <\/div>\n\t<\/div>\n\n\t\n                <\/div>\n    \n                <div id=\"panel-5973-1-0-4\" class=\"so-panel widget widget_kadence_split_content_widget kadence_split_content_widget panel-last-child\" data-index=\"6\" >                \t<!-- Image Split -->\n\t<div class=\"kt-image-split\" id=\"kt-image-split-widget-1-0-4\">\n\t\t  <div class=\"row-no-margin\">\n\t\t\t<div class=\"col-md-6 kt-si-imagecol img-ktsi-left kt-animate-fade-in-\n\t\t\t\t\t\t\t\t\t\t\t\t\t\t\t\t\tright\t\t\t\" style=\"\n\t\t\t\">\n\t\t\t\t  <div class=\"kt-si-table-box\" style=\"height:200px\">\n\t\t\t\t\t  <div class=\"kt-si-cell-box\">\n\t\t\t\t\t\t<img decoding=\"async\" src=\"http:\/\/www.kajforsblom.fi\/wp-content\/uploads\/2019\/12\/helsinkieast1.jpg\" alt=\"Helsinki East logo\" class=\"kt-si-image\" style=\"max-height:200px\">\t\t\t\t\t<\/div>\n\t\t\t\t  <\/div>\n\t\t\t <\/div>\n\t\t\t <div class=\"col-md-6 kt-si-imagecol content-ktsi-left kt-animate-fade-in-left\" \n\t\t\t\t\t\t\t\t\t\t\t\t\t\t\t\t\t\t \t\t\t\t>\n\t\t\t\t  <div class=\"kt-si-table-box\" style=\"height:200px\">\n\t\t\t\t\t  <div class=\"kt-si-cell-box\">\n\t\t\t\t\t\t  <div class=\"kt-si-inner-content\" style=\"  \">\n\t\t\t\t\t\t\t<div class=\"kt_imgsplit_content\" style=\"\">Konferensst\u00e4llen, herrg\u00e5rdar, sev\u00e4rdheter och programproducenter<br>\n<a href=\"https:\/\/www.helsinkieast.fi\/\" target=\"_blank\">www.helsinkieast.fi<\/a><\/div>\t\t\t\t\t\t <\/div>\n\t\t\t\t\t<\/div>\n\t\t\t\t  <\/div>\n\t\t\t<\/div>\n\t\t  <\/div>\n\t<\/div>\n\n\t\n                <\/div>\n    <\/div><div id=\"pgc-5973-1-1\"  class=\"panel-grid-cell panel-grid-cell-empty\" ><\/div><\/div><\/div>","protected":false},"excerpt":{"rendered":"<p>SAMARBETSPARTNER Gruppresor, konferensst\u00e4llen, programservice och n\u00e4rturism i \u00d6stnyland www.porvootours.fi M\u00f6tesutrymmen och rekreationsdagar www.kokouspoukama.fi Borg\u00e5 stads turistbyr\u00e5: www.visitporvoo.fi Konserter, m\u00f6tesutrymmen, konstutst\u00e4llningar och evenemang www.taidetehdas.fi Konferensst\u00e4llen, herrg\u00e5rdar, sev\u00e4rdheter och programproducenter www.helsinkieast.fi<\/p>\n","protected":false},"author":1,"featured_media":0,"parent":8570,"menu_order":0,"comment_status":"closed","ping_status":"closed","template":"","meta":{"footnotes":""},"class_list":["post-5973","page","type-page","status-publish","hentry"],"yoast_head":"<!-- This site is optimized with the Yoast SEO plugin v27.3 - https:\/\/yoast.com\/product\/yoast-seo-wordpress\/ -->\n<title>Samarbetspartner - Porvoo Tours - researrang\u00f6r<\/title>\n<meta name=\"robots\" content=\"index, follow, max-snippet:-1, max-image-preview:large, max-video-preview:-1\" \/>\n<link rel=\"canonical\" href=\"https:\/\/www.kajforsblom.fi\/sv\/om-oss-kaj-forsblom-oy-ab\/samarbetspartner\/\" \/>\n<meta property=\"og:locale\" content=\"sv_SE\" \/>\n<meta property=\"og:type\" content=\"article\" \/>\n<meta property=\"og:title\" content=\"Samarbetspartner - Porvoo Tours - researrang\u00f6r\" \/>\n<meta property=\"og:description\" content=\"SAMARBETSPARTNER Gruppresor, konferensst\u00e4llen, programservice och n\u00e4rturism i \u00d6stnyland www.porvootours.fi M\u00f6tesutrymmen och rekreationsdagar www.kokouspoukama.fi Borg\u00e5 stads turistbyr\u00e5: www.visitporvoo.fi Konserter, m\u00f6tesutrymmen, konstutst\u00e4llningar och evenemang www.taidetehdas.fi Konferensst\u00e4llen, herrg\u00e5rdar, sev\u00e4rdheter och programproducenter www.helsinkieast.fi\" \/>\n<meta property=\"og:url\" content=\"https:\/\/www.kajforsblom.fi\/sv\/om-oss-kaj-forsblom-oy-ab\/samarbetspartner\/\" \/>\n<meta property=\"og:site_name\" content=\"Porvoo Tours - researrang\u00f6r\" \/>\n<meta property=\"article:publisher\" content=\"https:\/\/www.facebook.com\/oykajforsblomab\/\" \/>\n<meta property=\"article:modified_time\" content=\"2020-01-24T11:13:55+00:00\" \/>\n<meta name=\"twitter:card\" content=\"summary_large_image\" \/>\n<script type=\"application\/ld+json\" class=\"yoast-schema-graph\">{\"@context\":\"https:\\\/\\\/schema.org\",\"@graph\":[{\"@type\":\"WebPage\",\"@id\":\"https:\\\/\\\/www.kajforsblom.fi\\\/sv\\\/om-oss-kaj-forsblom-oy-ab\\\/samarbetspartner\\\/\",\"url\":\"https:\\\/\\\/www.kajforsblom.fi\\\/sv\\\/om-oss-kaj-forsblom-oy-ab\\\/samarbetspartner\\\/\",\"name\":\"Samarbetspartner - Porvoo Tours - researrang\u00f6r\",\"isPartOf\":{\"@id\":\"https:\\\/\\\/www.kajforsblom.fi\\\/#website\"},\"datePublished\":\"2019-03-20T18:20:45+00:00\",\"dateModified\":\"2020-01-24T11:13:55+00:00\",\"breadcrumb\":{\"@id\":\"https:\\\/\\\/www.kajforsblom.fi\\\/sv\\\/om-oss-kaj-forsblom-oy-ab\\\/samarbetspartner\\\/#breadcrumb\"},\"inLanguage\":\"sv-SE\",\"potentialAction\":[{\"@type\":\"ReadAction\",\"target\":[\"https:\\\/\\\/www.kajforsblom.fi\\\/sv\\\/om-oss-kaj-forsblom-oy-ab\\\/samarbetspartner\\\/\"]}]},{\"@type\":\"BreadcrumbList\",\"@id\":\"https:\\\/\\\/www.kajforsblom.fi\\\/sv\\\/om-oss-kaj-forsblom-oy-ab\\\/samarbetspartner\\\/#breadcrumb\",\"itemListElement\":[{\"@type\":\"ListItem\",\"position\":1,\"name\":\"Home\",\"item\":\"https:\\\/\\\/www.kajforsblom.fi\\\/sv\\\/\"},{\"@type\":\"ListItem\",\"position\":2,\"name\":\"Om oss &#8211; Kaj Forsblom Oy Ab\",\"item\":\"https:\\\/\\\/www.kajforsblom.fi\\\/sv\\\/om-oss-kaj-forsblom-oy-ab\\\/\"},{\"@type\":\"ListItem\",\"position\":3,\"name\":\"Samarbetspartner\"}]},{\"@type\":\"WebSite\",\"@id\":\"https:\\\/\\\/www.kajforsblom.fi\\\/#website\",\"url\":\"https:\\\/\\\/www.kajforsblom.fi\\\/\",\"name\":\"tilausbussi Kaj Forsblom best\u00e4llningsbuss\",\"description\":\"bussi Helsinki, Sipoo, Porvoo, Loviisa - Buss Helsingfors, Sibbo, Borg\u00e5, Lovisa\",\"publisher\":{\"@id\":\"https:\\\/\\\/www.kajforsblom.fi\\\/#organization\"},\"potentialAction\":[{\"@type\":\"SearchAction\",\"target\":{\"@type\":\"EntryPoint\",\"urlTemplate\":\"https:\\\/\\\/www.kajforsblom.fi\\\/?s={search_term_string}\"},\"query-input\":{\"@type\":\"PropertyValueSpecification\",\"valueRequired\":true,\"valueName\":\"search_term_string\"}}],\"inLanguage\":\"sv-SE\"},{\"@type\":\"Organization\",\"@id\":\"https:\\\/\\\/www.kajforsblom.fi\\\/#organization\",\"name\":\"Kaj Forsblom\",\"url\":\"https:\\\/\\\/www.kajforsblom.fi\\\/\",\"logo\":{\"@type\":\"ImageObject\",\"inLanguage\":\"sv-SE\",\"@id\":\"https:\\\/\\\/www.kajforsblom.fi\\\/#\\\/schema\\\/logo\\\/image\\\/\",\"url\":\"\",\"contentUrl\":\"\",\"caption\":\"Kaj Forsblom\"},\"image\":{\"@id\":\"https:\\\/\\\/www.kajforsblom.fi\\\/#\\\/schema\\\/logo\\\/image\\\/\"},\"sameAs\":[\"https:\\\/\\\/www.facebook.com\\\/oykajforsblomab\\\/\",\"https:\\\/\\\/www.instagram.com\\\/oykajforsblomab_\\\/?hl=fihttps:\\\/\\\/www.instagram.com\\\/kajforsblom_lost_found\\\/\"]}]}<\/script>\n<!-- \/ Yoast SEO plugin. -->","yoast_head_json":{"title":"Samarbetspartner - Porvoo Tours - researrang\u00f6r","robots":{"index":"index","follow":"follow","max-snippet":"max-snippet:-1","max-image-preview":"max-image-preview:large","max-video-preview":"max-video-preview:-1"},"canonical":"https:\/\/www.kajforsblom.fi\/sv\/om-oss-kaj-forsblom-oy-ab\/samarbetspartner\/","og_locale":"sv_SE","og_type":"article","og_title":"Samarbetspartner - Porvoo Tours - researrang\u00f6r","og_description":"SAMARBETSPARTNER Gruppresor, konferensst\u00e4llen, programservice och n\u00e4rturism i \u00d6stnyland www.porvootours.fi M\u00f6tesutrymmen och rekreationsdagar www.kokouspoukama.fi Borg\u00e5 stads turistbyr\u00e5: www.visitporvoo.fi Konserter, m\u00f6tesutrymmen, konstutst\u00e4llningar och evenemang www.taidetehdas.fi Konferensst\u00e4llen, herrg\u00e5rdar, sev\u00e4rdheter och programproducenter www.helsinkieast.fi","og_url":"https:\/\/www.kajforsblom.fi\/sv\/om-oss-kaj-forsblom-oy-ab\/samarbetspartner\/","og_site_name":"Porvoo Tours - researrang\u00f6r","article_publisher":"https:\/\/www.facebook.com\/oykajforsblomab\/","article_modified_time":"2020-01-24T11:13:55+00:00","twitter_card":"summary_large_image","schema":{"@context":"https:\/\/schema.org","@graph":[{"@type":"WebPage","@id":"https:\/\/www.kajforsblom.fi\/sv\/om-oss-kaj-forsblom-oy-ab\/samarbetspartner\/","url":"https:\/\/www.kajforsblom.fi\/sv\/om-oss-kaj-forsblom-oy-ab\/samarbetspartner\/","name":"Samarbetspartner - Porvoo Tours - researrang\u00f6r","isPartOf":{"@id":"https:\/\/www.kajforsblom.fi\/#website"},"datePublished":"2019-03-20T18:20:45+00:00","dateModified":"2020-01-24T11:13:55+00:00","breadcrumb":{"@id":"https:\/\/www.kajforsblom.fi\/sv\/om-oss-kaj-forsblom-oy-ab\/samarbetspartner\/#breadcrumb"},"inLanguage":"sv-SE","potentialAction":[{"@type":"ReadAction","target":["https:\/\/www.kajforsblom.fi\/sv\/om-oss-kaj-forsblom-oy-ab\/samarbetspartner\/"]}]},{"@type":"BreadcrumbList","@id":"https:\/\/www.kajforsblom.fi\/sv\/om-oss-kaj-forsblom-oy-ab\/samarbetspartner\/#breadcrumb","itemListElement":[{"@type":"ListItem","position":1,"name":"Home","item":"https:\/\/www.kajforsblom.fi\/sv\/"},{"@type":"ListItem","position":2,"name":"Om oss &#8211; Kaj Forsblom Oy Ab","item":"https:\/\/www.kajforsblom.fi\/sv\/om-oss-kaj-forsblom-oy-ab\/"},{"@type":"ListItem","position":3,"name":"Samarbetspartner"}]},{"@type":"WebSite","@id":"https:\/\/www.kajforsblom.fi\/#website","url":"https:\/\/www.kajforsblom.fi\/","name":"tilausbussi Kaj Forsblom best\u00e4llningsbuss","description":"bussi Helsinki, Sipoo, Porvoo, Loviisa - Buss Helsingfors, Sibbo, Borg\u00e5, Lovisa","publisher":{"@id":"https:\/\/www.kajforsblom.fi\/#organization"},"potentialAction":[{"@type":"SearchAction","target":{"@type":"EntryPoint","urlTemplate":"https:\/\/www.kajforsblom.fi\/?s={search_term_string}"},"query-input":{"@type":"PropertyValueSpecification","valueRequired":true,"valueName":"search_term_string"}}],"inLanguage":"sv-SE"},{"@type":"Organization","@id":"https:\/\/www.kajforsblom.fi\/#organization","name":"Kaj Forsblom","url":"https:\/\/www.kajforsblom.fi\/","logo":{"@type":"ImageObject","inLanguage":"sv-SE","@id":"https:\/\/www.kajforsblom.fi\/#\/schema\/logo\/image\/","url":"","contentUrl":"","caption":"Kaj Forsblom"},"image":{"@id":"https:\/\/www.kajforsblom.fi\/#\/schema\/logo\/image\/"},"sameAs":["https:\/\/www.facebook.com\/oykajforsblomab\/","https:\/\/www.instagram.com\/oykajforsblomab_\/?hl=fihttps:\/\/www.instagram.com\/kajforsblom_lost_found\/"]}]}},"_links":{"self":[{"href":"https:\/\/www.kajforsblom.fi\/sv\/wp-json\/wp\/v2\/pages\/5973","targetHints":{"allow":["GET"]}}],"collection":[{"href":"https:\/\/www.kajforsblom.fi\/sv\/wp-json\/wp\/v2\/pages"}],"about":[{"href":"https:\/\/www.kajforsblom.fi\/sv\/wp-json\/wp\/v2\/types\/page"}],"author":[{"embeddable":true,"href":"https:\/\/www.kajforsblom.fi\/sv\/wp-json\/wp\/v2\/users\/1"}],"replies":[{"embeddable":true,"href":"https:\/\/www.kajforsblom.fi\/sv\/wp-json\/wp\/v2\/comments?post=5973"}],"version-history":[{"count":0,"href":"https:\/\/www.kajforsblom.fi\/sv\/wp-json\/wp\/v2\/pages\/5973\/revisions"}],"up":[{"embeddable":true,"href":"https:\/\/www.kajforsblom.fi\/sv\/wp-json\/wp\/v2\/pages\/8570"}],"wp:attachment":[{"href":"https:\/\/www.kajforsblom.fi\/sv\/wp-json\/wp\/v2\/media?parent=5973"}],"curies":[{"name":"wp","href":"https:\/\/api.w.org\/{rel}","templated":true}]}}