{"id":6036,"date":"2019-04-12T11:34:30","date_gmt":"2019-04-12T11:34:30","guid":{"rendered":"https:\/\/www.kajforsblom.fi\/?page_id=6036"},"modified":"2020-03-13T09:03:27","modified_gmt":"2020-03-13T09:03:27","slug":"offertbegaran-bussresa","status":"publish","type":"page","link":"https:\/\/www.kajforsblom.fi\/sv\/kontaktuppgifter\/offertbegaran-bussresa\/","title":{"rendered":"Beg\u00e4r offert Bussresa"},"content":{"rendered":"<div id=\"pl-6036\"  class=\"panel-layout\" ><div id=\"pg-6036-0\"  class=\"panel-grid panel-no-style\" ><div id=\"pgc-6036-0-0\"  class=\"panel-grid-cell\" >\n\n        <div id=\"panel-6036-0-0-0\" class=\"so-panel widget widget_kadence_calltoaction_widget kadence_calltoaction_widget panel-first-child\" data-index=\"0\" ><div class=\"kt-ctaw clearfix\"><h2 class=\"kt-call-to-action-title\" style=\"color:#333333; font-size:50px; line-height:1; text-align:center; \"  data-max-size=\"50\" data-min-size=\"36\"><B>BEG\u00c4R OFFERT<\/B> BUSSRESA<\/h2><\/div><\/div>\n    <div id=\"panel-6036-0-0-1\" class=\"so-panel widget widget_black-studio-tinymce widget_black_studio_tinymce panel-last-child\" data-index=\"1\" ><div class=\"textwidget\"><p>Kaj Forsbloms professionella och hj\u00e4lpsamma f\u00f6rs\u00e4ljningspersonal hj\u00e4lper dig med planeringen av din resa, vid s\u00e5v\u00e4l privata transportbehov som t.ex. teater- eller sportresor, klassresor och vid st\u00f6rre konferens- och m\u00f6testransporter. Vi planerar \u00e4ven g\u00e4rna l\u00e4ngre resor runt om i Finland, Baltikum, Skandinavien eller i Europa.<br \/>\nVi skr\u00e4ddarsyr ett resepaket helt enligt dina \u00f6nskem\u00e5l; vi planerar tidtabellen, rutterna, pausplatserna och tar \u00e4ven chauff\u00f6rernas lagstadgade k\u00f6r- och vilotider i beaktande.<\/p>\n<h4>Bekanta dig med v\u00e5ra charterbussar<\/h4>\n<p>Till v\u00e5rt f\u00f6rfogande har vi 17 stycken h\u00f6gklassiga charterbussar i olika storlekar, fr\u00e5n 16-platser till 59-platser. Till bussarnas standardutrustning h\u00f6r luftkonditionering, s\u00e4kerhetsb\u00e4lten, alkol\u00e5s, kylsk\u00e5p samt DVD-spelare. I de st\u00f6rre bussarna finns dessutom WC och kaffekokare.<\/p>\n<p>V\u00e5ra turistbussar \u00e4r nya och milj\u00f6v\u00e4nliga. L\u00e4s om <a href=\"https:\/\/www.kajforsblom.fi\/sv\/miljovarderingar-och-krav\/\">v\u00e5ra milj\u00f6v\u00e4rderingar och om EURO-klasserna \u00bb<\/a><br \/>\nBekanta dig med v\u00e5ra <a href=\"https:\/\/www.kajforsblom.fi\/sv\/bussar\/\">bussar \u00bb<\/a><\/p>\n<h4>Tj\u00e4nster f\u00f6r r\u00f6relsehindrade<\/h4>\n<p>Oy Kaj Forsblom Ab har n\u00e5gra l\u00e5ggolvsminibussar som \u00e4r anpassade f\u00f6r best\u00e4llingstrafik av r\u00f6relsehindrade personer, i dem kommer man in med rullstol. F\u00f6r mer information <a href=\"https:\/\/www.kajforsblom.fi\/sv\/kontaktuppgifter\/\">ta kontakt \u00bb<\/a><\/p>\n<h4>Best\u00e4ll f\u00e4rdkost p\u00e5 f\u00f6rhand<\/h4>\n<p>Under resan kan ni njuta av \u00e5ngande kaffe eller te, tillsammans med fylld semla, bulle, \u00f6rfil eller sallad. Laktosfria samt glutenfria alternativ finns att f\u00e5 p\u00e5 beg\u00e4ran. Kaj Forsbloms f\u00e4rdkostp\u00e5sar levereras till bussen f\u00f6re resan b\u00f6rjar. <a href=\"https:\/\/www.kajforsblom.fi\/sv\/bussar-taxi\/bestall-fardkost\/\">Kolla f\u00e4rdkosten \u00bb<\/a><\/p>\n<\/div><\/div><\/div><\/div><div id=\"pg-6036-1\"  class=\"panel-grid panel-no-style\" ><div id=\"pgc-6036-1-0\"  class=\"panel-grid-cell\" ><div id=\"panel-6036-1-0-0\" class=\"so-panel widget widget_black-studio-tinymce widget_black_studio_tinymce panel-first-child\" data-index=\"2\" ><div class=\"textwidget\">\n<div class=\"wpcf7 no-js\" id=\"wpcf7-f6030-o1\" lang=\"fi\" dir=\"ltr\" data-wpcf7-id=\"6030\">\n<div class=\"screen-reader-response\"><p role=\"status\" aria-live=\"polite\" aria-atomic=\"true\"><\/p> <ul><\/ul><\/div>\n<form action=\"\/sv\/wp-json\/wp\/v2\/pages\/6036#wpcf7-f6030-o1\" method=\"post\" class=\"wpcf7-form init\" aria-label=\"Yhteydenottolomake\" novalidate=\"novalidate\" data-status=\"init\">\n<fieldset class=\"hidden-fields-container\"><input type=\"hidden\" name=\"_wpcf7\" value=\"6030\" \/><input type=\"hidden\" name=\"_wpcf7_version\" value=\"6.1.5\" \/><input type=\"hidden\" name=\"_wpcf7_locale\" value=\"fi\" \/><input type=\"hidden\" name=\"_wpcf7_unit_tag\" value=\"wpcf7-f6030-o1\" \/><input type=\"hidden\" name=\"_wpcf7_container_post\" value=\"0\" \/><input type=\"hidden\" name=\"_wpcf7_posted_data_hash\" value=\"\" \/><input type=\"hidden\" name=\"_wpcf7_recaptcha_response\" value=\"\" \/>\n<\/fieldset>\n<h4>Kontaktuppgifter\n<\/h4>\n<p><label> F\u00f6retag eller organisation<br \/>\n<span class=\"wpcf7-form-control-wrap\" data-name=\"text-528\"><input size=\"40\" maxlength=\"400\" class=\"wpcf7-form-control wpcf7-text\" aria-invalid=\"false\" value=\"\" type=\"text\" name=\"text-528\" \/><\/span><\/label>\n<\/p>\n<p><label> Namn (obligatorisk)<br \/>\n<span class=\"wpcf7-form-control-wrap\" data-name=\"your-name\"><input size=\"40\" maxlength=\"400\" class=\"wpcf7-form-control wpcf7-text wpcf7-validates-as-required\" aria-required=\"true\" aria-invalid=\"false\" value=\"\" type=\"text\" name=\"your-name\" \/><\/span> <\/label>\n<\/p>\n<p><label> E-post (obligatorisk)<br \/>\n<span class=\"wpcf7-form-control-wrap\" data-name=\"your-email\"><input size=\"40\" maxlength=\"400\" class=\"wpcf7-form-control wpcf7-email wpcf7-validates-as-required wpcf7-text wpcf7-validates-as-email\" aria-required=\"true\" aria-invalid=\"false\" value=\"\" type=\"email\" name=\"your-email\" \/><\/span> <\/label>\n<\/p>\n<p><label> Telefonnummer (obligatorisk)<br \/>\n<span class=\"wpcf7-form-control-wrap\" data-name=\"tel-82\"><input size=\"40\" maxlength=\"400\" class=\"wpcf7-form-control wpcf7-tel wpcf7-validates-as-required wpcf7-text wpcf7-validates-as-tel\" aria-required=\"true\" aria-invalid=\"false\" value=\"\" type=\"tel\" name=\"tel-82\" \/><\/span> <\/label>\n<\/p>\n<p><label> Gatuadress (obligatorisk)<br \/>\n<span class=\"wpcf7-form-control-wrap\" data-name=\"text-477\"><input size=\"40\" maxlength=\"400\" class=\"wpcf7-form-control wpcf7-text wpcf7-validates-as-required\" aria-required=\"true\" aria-invalid=\"false\" value=\"\" type=\"text\" name=\"text-477\" \/><\/span> <\/label>\n<\/p>\n<p><label> Postnummer och postanstalt (obligatorisk)<br \/>\n<span class=\"wpcf7-form-control-wrap\" data-name=\"text-984\"><input size=\"40\" maxlength=\"400\" class=\"wpcf7-form-control wpcf7-text wpcf7-validates-as-required\" aria-required=\"true\" aria-invalid=\"false\" value=\"\" type=\"text\" name=\"text-984\" \/><\/span> <\/label>\n<\/p>\n<p>&nbsp;\n<\/p>\n<h4>Uppgifter om bussresan och \u00f6vriga \u00f6nskem\u00e5l\n<\/h4>\n<p><label>Startplats<br \/>\n<span class=\"wpcf7-form-control-wrap\" data-name=\"text-252\"><input size=\"40\" maxlength=\"400\" class=\"wpcf7-form-control wpcf7-text\" aria-invalid=\"false\" value=\"\" type=\"text\" name=\"text-252\" \/><\/span><\/label>\n<\/p>\n<p><label>Datum<br \/>\n<span class=\"wpcf7-form-control-wrap\" data-name=\"text-131\"><input size=\"40\" maxlength=\"400\" class=\"wpcf7-form-control wpcf7-text\" aria-invalid=\"false\" value=\"\" type=\"text\" name=\"text-131\" \/><\/span><\/label>\n<\/p>\n<p><label>Klockslag<br \/>\n<span class=\"wpcf7-form-control-wrap\" data-name=\"text-117\"><input size=\"40\" maxlength=\"400\" class=\"wpcf7-form-control wpcf7-text\" aria-invalid=\"false\" value=\"\" type=\"text\" name=\"text-117\" \/><\/span><\/label>\n<\/p>\n<p><label>Returdag<br \/>\n<span class=\"wpcf7-form-control-wrap\" data-name=\"text-445\"><input size=\"40\" maxlength=\"400\" class=\"wpcf7-form-control wpcf7-text\" aria-invalid=\"false\" value=\"\" type=\"text\" name=\"text-445\" \/><\/span><\/label>\n<\/p>\n<p><label>Returtid (\u00e4ven klockslag) - avg\u00e5ngstid fr\u00e5n destinationen<br \/>\n<span class=\"wpcf7-form-control-wrap\" data-name=\"text-24\"><input size=\"40\" maxlength=\"400\" class=\"wpcf7-form-control wpcf7-text\" aria-invalid=\"false\" value=\"\" type=\"text\" name=\"text-24\" \/><\/span><\/label>\n<\/p>\n<p><label>Returtid (\u00e4ven klockslag) - tillbaka till avreseplatsen<br \/>\n<span class=\"wpcf7-form-control-wrap\" data-name=\"text-314\"><input size=\"40\" maxlength=\"400\" class=\"wpcf7-form-control wpcf7-text\" aria-invalid=\"false\" value=\"\" type=\"text\" name=\"text-314\" \/><\/span><\/label>\n<\/p>\n<p><label>Personantal<br \/>\n<span class=\"wpcf7-form-control-wrap\" data-name=\"text-633\"><input size=\"40\" maxlength=\"400\" class=\"wpcf7-form-control wpcf7-text\" aria-invalid=\"false\" value=\"\" type=\"text\" name=\"text-633\" \/><\/span><\/label>\n<\/p>\n<p><label>Destination<br \/>\n<span class=\"wpcf7-form-control-wrap\" data-name=\"your-subject\"><input size=\"40\" maxlength=\"400\" class=\"wpcf7-form-control wpcf7-text\" aria-invalid=\"false\" value=\"\" type=\"text\" name=\"your-subject\" \/><\/span><\/label>\n<\/p>\n<p>Caf\u00e9produkter under resan, se <a href=\"https:\/\/www.kajforsblom.fi\/sv\/bussar-taxi\/bestall-fardkost\/\">meny \u00bb<\/a>\n<\/p>\n<p>Inkvartering<br \/>\n<span class=\"wpcf7-form-control-wrap\" data-name=\"checkbox-331\"><span class=\"wpcf7-form-control wpcf7-checkbox\"><span class=\"wpcf7-list-item first\"><input type=\"checkbox\" name=\"checkbox-331[]\" value=\"Resan \u00e4r utan inkvartering\" \/><span class=\"wpcf7-list-item-label\">Resan \u00e4r utan inkvartering<\/span><\/span><span class=\"wpcf7-list-item\"><input type=\"checkbox\" name=\"checkbox-331[]\" value=\"Kunden bokar inkvarteringen\" \/><span class=\"wpcf7-list-item-label\">Kunden bokar inkvarteringen<\/span><\/span><span class=\"wpcf7-list-item last\"><input type=\"checkbox\" name=\"checkbox-331[]\" value=\"Oy Kaj Forsblom Ab bokar inkvarteringen\" \/><span class=\"wpcf7-list-item-label\">Oy Kaj Forsblom Ab bokar inkvarteringen<\/span><\/span><\/span><\/span>\n<\/p>\n<p><label>Beskriv rutten och \u00f6vriga \u00f6nskem\u00e5l<br \/>\n<span class=\"wpcf7-form-control-wrap\" data-name=\"textarea-582\"><textarea cols=\"40\" rows=\"10\" maxlength=\"2000\" class=\"wpcf7-form-control wpcf7-textarea\" aria-invalid=\"false\" name=\"textarea-582\"><\/textarea><\/span> <\/label>\n<\/p>\n<p><span class=\"wpcf7-form-control-wrap\" data-name=\"checkbox-815\"><span class=\"wpcf7-form-control wpcf7-checkbox\"><span class=\"wpcf7-list-item first\"><input type=\"checkbox\" name=\"checkbox-815[]\" value=\"Vi beh\u00f6ver en tur-retur resa\" \/><span class=\"wpcf7-list-item-label\">Vi beh\u00f6ver en tur-retur resa<\/span><\/span><span class=\"wpcf7-list-item last\"><input type=\"checkbox\" name=\"checkbox-815[]\" value=\"Vi beh\u00f6ver bussen hela tiden\" \/><span class=\"wpcf7-list-item-label\">Vi beh\u00f6ver bussen hela tiden<\/span><\/span><\/span><\/span>\n<\/p>\n<p>Jag \u00f6nskar svar<br \/>\n<span class=\"wpcf7-form-control-wrap\" data-name=\"radio-175\"><span class=\"wpcf7-form-control wpcf7-radio\"><span class=\"wpcf7-list-item first\"><input type=\"radio\" name=\"radio-175\" value=\"Telefon\" checked=\"checked\" \/><span class=\"wpcf7-list-item-label\">Telefon<\/span><\/span><span class=\"wpcf7-list-item last\"><input type=\"radio\" name=\"radio-175\" value=\"E-post\" \/><span class=\"wpcf7-list-item-label\">E-post<\/span><\/span><\/span><\/span>\n<\/p>\n<p>&nbsp;\n<\/p>\n<p>Hur hittade du oss? V\u00e4lj det l\u00e4mpligaste alternativet<br \/>\n<span class=\"wpcf7-form-control-wrap\" data-name=\"radio-183\"><span class=\"wpcf7-form-control wpcf7-radio\"><span class=\"wpcf7-list-item first\"><input type=\"radio\" name=\"radio-183\" value=\"Ert f\u00f6retag var bekant fr\u00e5n tidigare\" checked=\"checked\" \/><span class=\"wpcf7-list-item-label\">Ert f\u00f6retag var bekant fr\u00e5n tidigare<\/span><\/span><span class=\"wpcf7-list-item\"><input type=\"radio\" name=\"radio-183\" value=\"Ett annat f\u00f6retag rekommenderade\" \/><span class=\"wpcf7-list-item-label\">Ett annat f\u00f6retag rekommenderade<\/span><\/span><span class=\"wpcf7-list-item\"><input type=\"radio\" name=\"radio-183\" value=\"En bekant eller arbetskompis rekommenderade\" \/><span class=\"wpcf7-list-item-label\">En bekant eller arbetskompis rekommenderade<\/span><\/span><span class=\"wpcf7-list-item\"><input type=\"radio\" name=\"radio-183\" value=\"S\u00f6ktj\u00e4nst t.ex. Google\" \/><span class=\"wpcf7-list-item-label\">S\u00f6ktj\u00e4nst t.ex. Google<\/span><\/span><span class=\"wpcf7-list-item\"><input type=\"radio\" name=\"radio-183\" value=\"Sociala medier\" \/><span class=\"wpcf7-list-item-label\">Sociala medier<\/span><\/span><span class=\"wpcf7-list-item last\"><input type=\"radio\" name=\"radio-183\" value=\"Tidningsannons\" \/><span class=\"wpcf7-list-item-label\">Tidningsannons<\/span><\/span><\/span><\/span>\n<\/p>\n<p><input class=\"wpcf7-form-control wpcf7-submit has-spinner\" type=\"submit\" value=\"Skicka\" \/>\n<\/p><div class=\"wpcf7-response-output\" aria-hidden=\"true\"><\/div>\n<\/form>\n<\/div>\n\n<\/div><\/div><div id=\"panel-6036-1-0-1\" class=\"so-panel widget widget_black-studio-tinymce widget_black_studio_tinymce panel-last-child\" data-index=\"3\" ><div class=\"textwidget\"><h4>Avbokningsvillkor<\/h4>\n<p>1 vecka f\u00f6re resan10%<br \/>\n48 timmar f\u00f6re resan 50 %<br \/>\n24 timmar f\u00f6re resan 100%<\/p>\n<h4>Kundbetj\u00e4ning<\/h4>\n<p>Oy Kaj Forsblom Ab<br \/>\nm\u00e5n\u2013fre kl. 8.30-16.30<br \/>\ninfo (at) kajforsblom.fi<br \/>\ntel. <a style=\"color: #000000;\" href=\"tel:+358195243993\" target=\"_blank\" rel=\"noopener\">019 524 3993<\/a><\/p>\n<\/div><\/div><\/div><\/div><\/div>","protected":false},"excerpt":{"rendered":"<p>Kaj Forsbloms professionella och hj\u00e4lpsamma f\u00f6rs\u00e4ljningspersonal hj\u00e4lper dig med planeringen av din resa, vid s\u00e5v\u00e4l privata transportbehov som t.ex. teater- eller sportresor, klassresor och vid st\u00f6rre konferens- och m\u00f6testransporter. Vi &hellip; <a class=\"kt-excerpt-readmore more-link\" href=\"https:\/\/www.kajforsblom.fi\/sv\/kontaktuppgifter\/offertbegaran-bussresa\/\" aria-label=\"Beg\u00e4r offert Bussresa\">\u00bb<\/a><\/p>\n","protected":false},"author":1,"featured_media":0,"parent":4426,"menu_order":0,"comment_status":"closed","ping_status":"closed","template":"","meta":{"footnotes":""},"class_list":["post-6036","page","type-page","status-publish","hentry"],"yoast_head":"<!-- This site is optimized with the Yoast SEO plugin v27.3 - https:\/\/yoast.com\/product\/yoast-seo-wordpress\/ -->\n<title>Beg\u00e4r offert Bussresa - Porvoo Tours - researrang\u00f6r<\/title>\n<meta name=\"robots\" content=\"index, follow, max-snippet:-1, max-image-preview:large, max-video-preview:-1\" \/>\n<link rel=\"canonical\" href=\"https:\/\/www.kajforsblom.fi\/sv\/kontaktuppgifter\/offertbegaran-bussresa\/\" \/>\n<meta property=\"og:locale\" content=\"sv_SE\" \/>\n<meta property=\"og:type\" content=\"article\" \/>\n<meta property=\"og:title\" content=\"Beg\u00e4r offert Bussresa - Porvoo Tours - researrang\u00f6r\" \/>\n<meta property=\"og:description\" content=\"Kaj Forsbloms professionella och hj\u00e4lpsamma f\u00f6rs\u00e4ljningspersonal hj\u00e4lper dig med planeringen av din resa, vid s\u00e5v\u00e4l privata transportbehov som t.ex. teater- eller sportresor, klassresor och vid st\u00f6rre konferens- och m\u00f6testransporter. Vi &hellip; \u00bb\" \/>\n<meta property=\"og:url\" content=\"https:\/\/www.kajforsblom.fi\/sv\/kontaktuppgifter\/offertbegaran-bussresa\/\" \/>\n<meta property=\"og:site_name\" content=\"Porvoo Tours - researrang\u00f6r\" \/>\n<meta property=\"article:publisher\" content=\"https:\/\/www.facebook.com\/oykajforsblomab\/\" \/>\n<meta property=\"article:modified_time\" content=\"2020-03-13T09:03:27+00:00\" \/>\n<meta name=\"twitter:card\" content=\"summary_large_image\" \/>\n<meta name=\"twitter:label1\" content=\"Ber\u00e4knad l\u00e4stid\" \/>\n\t<meta name=\"twitter:data1\" content=\"2 minuter\" \/>\n<script type=\"application\/ld+json\" class=\"yoast-schema-graph\">{\"@context\":\"https:\\\/\\\/schema.org\",\"@graph\":[{\"@type\":\"WebPage\",\"@id\":\"https:\\\/\\\/www.kajforsblom.fi\\\/sv\\\/kontaktuppgifter\\\/offertbegaran-bussresa\\\/\",\"url\":\"https:\\\/\\\/www.kajforsblom.fi\\\/sv\\\/kontaktuppgifter\\\/offertbegaran-bussresa\\\/\",\"name\":\"Beg\u00e4r offert Bussresa - Porvoo Tours - researrang\u00f6r\",\"isPartOf\":{\"@id\":\"https:\\\/\\\/www.kajforsblom.fi\\\/#website\"},\"datePublished\":\"2019-04-12T11:34:30+00:00\",\"dateModified\":\"2020-03-13T09:03:27+00:00\",\"breadcrumb\":{\"@id\":\"https:\\\/\\\/www.kajforsblom.fi\\\/sv\\\/kontaktuppgifter\\\/offertbegaran-bussresa\\\/#breadcrumb\"},\"inLanguage\":\"sv-SE\",\"potentialAction\":[{\"@type\":\"ReadAction\",\"target\":[\"https:\\\/\\\/www.kajforsblom.fi\\\/sv\\\/kontaktuppgifter\\\/offertbegaran-bussresa\\\/\"]}]},{\"@type\":\"BreadcrumbList\",\"@id\":\"https:\\\/\\\/www.kajforsblom.fi\\\/sv\\\/kontaktuppgifter\\\/offertbegaran-bussresa\\\/#breadcrumb\",\"itemListElement\":[{\"@type\":\"ListItem\",\"position\":1,\"name\":\"Home\",\"item\":\"https:\\\/\\\/www.kajforsblom.fi\\\/sv\\\/\"},{\"@type\":\"ListItem\",\"position\":2,\"name\":\"Kontaktuppgifter\",\"item\":\"https:\\\/\\\/www.kajforsblom.fi\\\/sv\\\/kontaktuppgifter\\\/\"},{\"@type\":\"ListItem\",\"position\":3,\"name\":\"Beg\u00e4r offert Bussresa\"}]},{\"@type\":\"WebSite\",\"@id\":\"https:\\\/\\\/www.kajforsblom.fi\\\/#website\",\"url\":\"https:\\\/\\\/www.kajforsblom.fi\\\/\",\"name\":\"tilausbussi Kaj Forsblom best\u00e4llningsbuss\",\"description\":\"bussi Helsinki, Sipoo, Porvoo, Loviisa - Buss Helsingfors, Sibbo, Borg\u00e5, Lovisa\",\"publisher\":{\"@id\":\"https:\\\/\\\/www.kajforsblom.fi\\\/#organization\"},\"potentialAction\":[{\"@type\":\"SearchAction\",\"target\":{\"@type\":\"EntryPoint\",\"urlTemplate\":\"https:\\\/\\\/www.kajforsblom.fi\\\/?s={search_term_string}\"},\"query-input\":{\"@type\":\"PropertyValueSpecification\",\"valueRequired\":true,\"valueName\":\"search_term_string\"}}],\"inLanguage\":\"sv-SE\"},{\"@type\":\"Organization\",\"@id\":\"https:\\\/\\\/www.kajforsblom.fi\\\/#organization\",\"name\":\"Kaj Forsblom\",\"url\":\"https:\\\/\\\/www.kajforsblom.fi\\\/\",\"logo\":{\"@type\":\"ImageObject\",\"inLanguage\":\"sv-SE\",\"@id\":\"https:\\\/\\\/www.kajforsblom.fi\\\/#\\\/schema\\\/logo\\\/image\\\/\",\"url\":\"\",\"contentUrl\":\"\",\"caption\":\"Kaj Forsblom\"},\"image\":{\"@id\":\"https:\\\/\\\/www.kajforsblom.fi\\\/#\\\/schema\\\/logo\\\/image\\\/\"},\"sameAs\":[\"https:\\\/\\\/www.facebook.com\\\/oykajforsblomab\\\/\",\"https:\\\/\\\/www.instagram.com\\\/oykajforsblomab_\\\/?hl=fihttps:\\\/\\\/www.instagram.com\\\/kajforsblom_lost_found\\\/\"]}]}<\/script>\n<!-- \/ Yoast SEO plugin. -->","yoast_head_json":{"title":"Beg\u00e4r offert Bussresa - Porvoo Tours - researrang\u00f6r","robots":{"index":"index","follow":"follow","max-snippet":"max-snippet:-1","max-image-preview":"max-image-preview:large","max-video-preview":"max-video-preview:-1"},"canonical":"https:\/\/www.kajforsblom.fi\/sv\/kontaktuppgifter\/offertbegaran-bussresa\/","og_locale":"sv_SE","og_type":"article","og_title":"Beg\u00e4r offert Bussresa - Porvoo Tours - researrang\u00f6r","og_description":"Kaj Forsbloms professionella och hj\u00e4lpsamma f\u00f6rs\u00e4ljningspersonal hj\u00e4lper dig med planeringen av din resa, vid s\u00e5v\u00e4l privata transportbehov som t.ex. teater- eller sportresor, klassresor och vid st\u00f6rre konferens- och m\u00f6testransporter. Vi &hellip; \u00bb","og_url":"https:\/\/www.kajforsblom.fi\/sv\/kontaktuppgifter\/offertbegaran-bussresa\/","og_site_name":"Porvoo Tours - researrang\u00f6r","article_publisher":"https:\/\/www.facebook.com\/oykajforsblomab\/","article_modified_time":"2020-03-13T09:03:27+00:00","twitter_card":"summary_large_image","twitter_misc":{"Ber\u00e4knad l\u00e4stid":"2 minuter"},"schema":{"@context":"https:\/\/schema.org","@graph":[{"@type":"WebPage","@id":"https:\/\/www.kajforsblom.fi\/sv\/kontaktuppgifter\/offertbegaran-bussresa\/","url":"https:\/\/www.kajforsblom.fi\/sv\/kontaktuppgifter\/offertbegaran-bussresa\/","name":"Beg\u00e4r offert Bussresa - Porvoo Tours - researrang\u00f6r","isPartOf":{"@id":"https:\/\/www.kajforsblom.fi\/#website"},"datePublished":"2019-04-12T11:34:30+00:00","dateModified":"2020-03-13T09:03:27+00:00","breadcrumb":{"@id":"https:\/\/www.kajforsblom.fi\/sv\/kontaktuppgifter\/offertbegaran-bussresa\/#breadcrumb"},"inLanguage":"sv-SE","potentialAction":[{"@type":"ReadAction","target":["https:\/\/www.kajforsblom.fi\/sv\/kontaktuppgifter\/offertbegaran-bussresa\/"]}]},{"@type":"BreadcrumbList","@id":"https:\/\/www.kajforsblom.fi\/sv\/kontaktuppgifter\/offertbegaran-bussresa\/#breadcrumb","itemListElement":[{"@type":"ListItem","position":1,"name":"Home","item":"https:\/\/www.kajforsblom.fi\/sv\/"},{"@type":"ListItem","position":2,"name":"Kontaktuppgifter","item":"https:\/\/www.kajforsblom.fi\/sv\/kontaktuppgifter\/"},{"@type":"ListItem","position":3,"name":"Beg\u00e4r offert Bussresa"}]},{"@type":"WebSite","@id":"https:\/\/www.kajforsblom.fi\/#website","url":"https:\/\/www.kajforsblom.fi\/","name":"tilausbussi Kaj Forsblom best\u00e4llningsbuss","description":"bussi Helsinki, Sipoo, Porvoo, Loviisa - Buss Helsingfors, Sibbo, Borg\u00e5, Lovisa","publisher":{"@id":"https:\/\/www.kajforsblom.fi\/#organization"},"potentialAction":[{"@type":"SearchAction","target":{"@type":"EntryPoint","urlTemplate":"https:\/\/www.kajforsblom.fi\/?s={search_term_string}"},"query-input":{"@type":"PropertyValueSpecification","valueRequired":true,"valueName":"search_term_string"}}],"inLanguage":"sv-SE"},{"@type":"Organization","@id":"https:\/\/www.kajforsblom.fi\/#organization","name":"Kaj Forsblom","url":"https:\/\/www.kajforsblom.fi\/","logo":{"@type":"ImageObject","inLanguage":"sv-SE","@id":"https:\/\/www.kajforsblom.fi\/#\/schema\/logo\/image\/","url":"","contentUrl":"","caption":"Kaj Forsblom"},"image":{"@id":"https:\/\/www.kajforsblom.fi\/#\/schema\/logo\/image\/"},"sameAs":["https:\/\/www.facebook.com\/oykajforsblomab\/","https:\/\/www.instagram.com\/oykajforsblomab_\/?hl=fihttps:\/\/www.instagram.com\/kajforsblom_lost_found\/"]}]}},"_links":{"self":[{"href":"https:\/\/www.kajforsblom.fi\/sv\/wp-json\/wp\/v2\/pages\/6036","targetHints":{"allow":["GET"]}}],"collection":[{"href":"https:\/\/www.kajforsblom.fi\/sv\/wp-json\/wp\/v2\/pages"}],"about":[{"href":"https:\/\/www.kajforsblom.fi\/sv\/wp-json\/wp\/v2\/types\/page"}],"author":[{"embeddable":true,"href":"https:\/\/www.kajforsblom.fi\/sv\/wp-json\/wp\/v2\/users\/1"}],"replies":[{"embeddable":true,"href":"https:\/\/www.kajforsblom.fi\/sv\/wp-json\/wp\/v2\/comments?post=6036"}],"version-history":[{"count":0,"href":"https:\/\/www.kajforsblom.fi\/sv\/wp-json\/wp\/v2\/pages\/6036\/revisions"}],"up":[{"embeddable":true,"href":"https:\/\/www.kajforsblom.fi\/sv\/wp-json\/wp\/v2\/pages\/4426"}],"wp:attachment":[{"href":"https:\/\/www.kajforsblom.fi\/sv\/wp-json\/wp\/v2\/media?parent=6036"}],"curies":[{"name":"wp","href":"https:\/\/api.w.org\/{rel}","templated":true}]}}