{"id":7318,"date":"2019-12-18T11:21:03","date_gmt":"2019-12-18T11:21:03","guid":{"rendered":"https:\/\/www.kajforsblom.fi\/?page_id=7318"},"modified":"2024-03-01T12:29:48","modified_gmt":"2024-03-01T10:29:48","slug":"hittegods","status":"publish","type":"page","link":"https:\/\/www.kajforsblom.fi\/sv\/kontaktuppgifter\/hittegods\/","title":{"rendered":"Hittegods"},"content":{"rendered":"<div id=\"pl-7318\"  class=\"panel-layout\" ><div id=\"pg-7318-0\"  class=\"panel-grid panel-no-style\" ><div id=\"pgc-7318-0-0\"  class=\"panel-grid-cell\" >\n\n        <div id=\"panel-7318-0-0-0\" class=\"so-panel widget widget_kadence_calltoaction_widget kadence_calltoaction_widget panel-first-child panel-last-child\" data-index=\"0\" ><div class=\"kt-ctaw clearfix\"><h2 class=\"kt-call-to-action-title\" style=\" font-size:50px; line-height:1; text-align:center; \"  data-max-size=\"50\" data-min-size=\"36\"><B>HITTE<\/B>GODS<\/h2><\/div><\/div>\n    <\/div><\/div><div id=\"pg-7318-1\"  class=\"panel-grid panel-no-style\" ><div id=\"pgc-7318-1-0\"  class=\"panel-grid-cell\" ><div id=\"panel-7318-1-0-0\" class=\"so-panel widget widget_black-studio-tinymce widget_black_studio_tinymce panel-first-child panel-last-child\" data-index=\"1\" ><div class=\"textwidget\"><p>Vi bevarar hittegodsen i 3 m\u00e5nader, varefter vi sk\u00e4nker dem till v\u00e4lg\u00f6renhet.<br \/>\nDyrbara hittegods som \u00e4garen inte avh\u00e4mtar fr\u00e5n v\u00e5rt kontor innom 3 m\u00e5nader, f\u00f6r vi till Borg\u00e5 polisstation.<\/p>\n<h4>Kundbetj\u00e4ning<\/h4>\n<p>m\u00e5\u2013fre kl. 8.30\u201316.30<br \/>\ntel.\u00a0<a href=\"tel:+358195243993\">019 524 3993<\/a><br \/>\n<a href=\"mailto:info@kajforsblom.fi\">info@kajforsblom.fi<\/a><\/p>\n<h4>Avh\u00e4mtning<\/h4>\n<p>Adlercreutzgatan 17, Borg\u00e5<br \/>\nIng\u00e5ngen p\u00e5 g\u00e5rdssidan. Vi \u00e4r p\u00e5 2 v\u00e5ningen. P\u00e5 d\u00f6rren st\u00e5r Kaj Forsblom\/Porvoo Tours<br \/>\nVi \u00e4r p\u00e5 plats mellan 8.30-16.30.<\/p>\n<p><strong>Ring g\u00e4rna innan du kommer, s\u00e5 vi hinner ta fram din sak.<\/strong><\/p>\n<p><a href=\"https:\/\/www.kajforsblom.fi\/wp-content\/uploads\/2024\/03\/lost-and-found.png\"><img decoding=\"async\" class=\"alignnone size-medium wp-image-23134\" src=\"https:\/\/www.kajforsblom.fi\/wp-content\/uploads\/2024\/03\/lost-and-found-300x200.png\" alt=\"\" width=\"300\" height=\"200\" srcset=\"https:\/\/www.kajforsblom.fi\/wp-content\/uploads\/2024\/03\/lost-and-found-300x200.png 300w, https:\/\/www.kajforsblom.fi\/wp-content\/uploads\/2024\/03\/lost-and-found-272x182.png 272w, https:\/\/www.kajforsblom.fi\/wp-content\/uploads\/2024\/03\/lost-and-found.png 768w\" sizes=\"(max-width: 300px) 100vw, 300px\" \/><\/a><\/p>\n<\/div><\/div><\/div><\/div><\/div>","protected":false},"excerpt":{"rendered":"<p>Vi bevarar hittegodsen i 3 m\u00e5nader, varefter vi sk\u00e4nker dem till v\u00e4lg\u00f6renhet. Dyrbara hittegods som \u00e4garen inte avh\u00e4mtar fr\u00e5n v\u00e5rt kontor innom 3 m\u00e5nader, f\u00f6r vi till Borg\u00e5 polisstation. Kundbetj\u00e4ning &hellip; <a class=\"kt-excerpt-readmore more-link\" href=\"https:\/\/www.kajforsblom.fi\/sv\/kontaktuppgifter\/hittegods\/\" aria-label=\"Hittegods\">\u00bb<\/a><\/p>\n","protected":false},"author":1,"featured_media":0,"parent":4426,"menu_order":0,"comment_status":"closed","ping_status":"closed","template":"","meta":{"footnotes":""},"class_list":["post-7318","page","type-page","status-publish","hentry"],"yoast_head":"<!-- This site is optimized with the Yoast SEO plugin v27.3 - https:\/\/yoast.com\/product\/yoast-seo-wordpress\/ -->\n<title>Hittegods - Porvoo Tours - researrang\u00f6r<\/title>\n<meta name=\"description\" content=\"Hittegods f\u00f6rvaras hos oss i 3 m\u00e5nader, varefter de ges till v\u00e4lg\u00f6renhet. V\u00e4rdefulla hittegods f\u00f6rs till Borg\u00e5 Polisstation.\" \/>\n<meta name=\"robots\" content=\"index, follow, max-snippet:-1, max-image-preview:large, max-video-preview:-1\" \/>\n<link rel=\"canonical\" href=\"https:\/\/www.kajforsblom.fi\/sv\/kontaktuppgifter\/hittegods\/\" \/>\n<meta property=\"og:locale\" content=\"sv_SE\" \/>\n<meta property=\"og:type\" content=\"article\" \/>\n<meta property=\"og:title\" content=\"Hittegods - Porvoo Tours - researrang\u00f6r\" \/>\n<meta property=\"og:description\" content=\"Hittegods f\u00f6rvaras hos oss i 3 m\u00e5nader, varefter de ges till v\u00e4lg\u00f6renhet. V\u00e4rdefulla hittegods f\u00f6rs till Borg\u00e5 Polisstation.\" \/>\n<meta property=\"og:url\" content=\"https:\/\/www.kajforsblom.fi\/sv\/kontaktuppgifter\/hittegods\/\" \/>\n<meta property=\"og:site_name\" content=\"Porvoo Tours - researrang\u00f6r\" \/>\n<meta property=\"article:publisher\" content=\"https:\/\/www.facebook.com\/oykajforsblomab\/\" \/>\n<meta property=\"article:modified_time\" content=\"2024-03-01T10:29:48+00:00\" \/>\n<meta property=\"og:image\" content=\"https:\/\/www.kajforsblom.fi\/wp-content\/uploads\/2024\/03\/lost-and-found-300x200.png\" \/>\n<meta name=\"twitter:card\" content=\"summary_large_image\" \/>\n<meta name=\"twitter:label1\" content=\"Ber\u00e4knad l\u00e4stid\" \/>\n\t<meta name=\"twitter:data1\" content=\"1 minut\" \/>\n<script type=\"application\/ld+json\" class=\"yoast-schema-graph\">{\"@context\":\"https:\\\/\\\/schema.org\",\"@graph\":[{\"@type\":\"WebPage\",\"@id\":\"https:\\\/\\\/www.kajforsblom.fi\\\/sv\\\/kontaktuppgifter\\\/hittegods\\\/\",\"url\":\"https:\\\/\\\/www.kajforsblom.fi\\\/sv\\\/kontaktuppgifter\\\/hittegods\\\/\",\"name\":\"Hittegods - Porvoo Tours - researrang\u00f6r\",\"isPartOf\":{\"@id\":\"https:\\\/\\\/www.kajforsblom.fi\\\/#website\"},\"primaryImageOfPage\":{\"@id\":\"https:\\\/\\\/www.kajforsblom.fi\\\/sv\\\/kontaktuppgifter\\\/hittegods\\\/#primaryimage\"},\"image\":{\"@id\":\"https:\\\/\\\/www.kajforsblom.fi\\\/sv\\\/kontaktuppgifter\\\/hittegods\\\/#primaryimage\"},\"thumbnailUrl\":\"https:\\\/\\\/www.kajforsblom.fi\\\/wp-content\\\/uploads\\\/2024\\\/03\\\/lost-and-found-300x200.png\",\"datePublished\":\"2019-12-18T11:21:03+00:00\",\"dateModified\":\"2024-03-01T10:29:48+00:00\",\"description\":\"Hittegods f\u00f6rvaras hos oss i 3 m\u00e5nader, varefter de ges till v\u00e4lg\u00f6renhet. V\u00e4rdefulla hittegods f\u00f6rs till Borg\u00e5 Polisstation.\",\"breadcrumb\":{\"@id\":\"https:\\\/\\\/www.kajforsblom.fi\\\/sv\\\/kontaktuppgifter\\\/hittegods\\\/#breadcrumb\"},\"inLanguage\":\"sv-SE\",\"potentialAction\":[{\"@type\":\"ReadAction\",\"target\":[\"https:\\\/\\\/www.kajforsblom.fi\\\/sv\\\/kontaktuppgifter\\\/hittegods\\\/\"]}]},{\"@type\":\"ImageObject\",\"inLanguage\":\"sv-SE\",\"@id\":\"https:\\\/\\\/www.kajforsblom.fi\\\/sv\\\/kontaktuppgifter\\\/hittegods\\\/#primaryimage\",\"url\":\"https:\\\/\\\/www.kajforsblom.fi\\\/wp-content\\\/uploads\\\/2024\\\/03\\\/lost-and-found-300x200.png\",\"contentUrl\":\"https:\\\/\\\/www.kajforsblom.fi\\\/wp-content\\\/uploads\\\/2024\\\/03\\\/lost-and-found-300x200.png\"},{\"@type\":\"BreadcrumbList\",\"@id\":\"https:\\\/\\\/www.kajforsblom.fi\\\/sv\\\/kontaktuppgifter\\\/hittegods\\\/#breadcrumb\",\"itemListElement\":[{\"@type\":\"ListItem\",\"position\":1,\"name\":\"Home\",\"item\":\"https:\\\/\\\/www.kajforsblom.fi\\\/sv\\\/\"},{\"@type\":\"ListItem\",\"position\":2,\"name\":\"Kontaktuppgifter\",\"item\":\"https:\\\/\\\/www.kajforsblom.fi\\\/sv\\\/kontaktuppgifter\\\/\"},{\"@type\":\"ListItem\",\"position\":3,\"name\":\"Hittegods\"}]},{\"@type\":\"WebSite\",\"@id\":\"https:\\\/\\\/www.kajforsblom.fi\\\/#website\",\"url\":\"https:\\\/\\\/www.kajforsblom.fi\\\/\",\"name\":\"tilausbussi Kaj Forsblom best\u00e4llningsbuss\",\"description\":\"bussi Helsinki, Sipoo, Porvoo, Loviisa - Buss Helsingfors, Sibbo, Borg\u00e5, Lovisa\",\"publisher\":{\"@id\":\"https:\\\/\\\/www.kajforsblom.fi\\\/#organization\"},\"potentialAction\":[{\"@type\":\"SearchAction\",\"target\":{\"@type\":\"EntryPoint\",\"urlTemplate\":\"https:\\\/\\\/www.kajforsblom.fi\\\/?s={search_term_string}\"},\"query-input\":{\"@type\":\"PropertyValueSpecification\",\"valueRequired\":true,\"valueName\":\"search_term_string\"}}],\"inLanguage\":\"sv-SE\"},{\"@type\":\"Organization\",\"@id\":\"https:\\\/\\\/www.kajforsblom.fi\\\/#organization\",\"name\":\"Kaj Forsblom\",\"url\":\"https:\\\/\\\/www.kajforsblom.fi\\\/\",\"logo\":{\"@type\":\"ImageObject\",\"inLanguage\":\"sv-SE\",\"@id\":\"https:\\\/\\\/www.kajforsblom.fi\\\/#\\\/schema\\\/logo\\\/image\\\/\",\"url\":\"\",\"contentUrl\":\"\",\"caption\":\"Kaj Forsblom\"},\"image\":{\"@id\":\"https:\\\/\\\/www.kajforsblom.fi\\\/#\\\/schema\\\/logo\\\/image\\\/\"},\"sameAs\":[\"https:\\\/\\\/www.facebook.com\\\/oykajforsblomab\\\/\",\"https:\\\/\\\/www.instagram.com\\\/oykajforsblomab_\\\/?hl=fihttps:\\\/\\\/www.instagram.com\\\/kajforsblom_lost_found\\\/\"]}]}<\/script>\n<!-- \/ Yoast SEO plugin. -->","yoast_head_json":{"title":"Hittegods - Porvoo Tours - researrang\u00f6r","description":"Hittegods f\u00f6rvaras hos oss i 3 m\u00e5nader, varefter de ges till v\u00e4lg\u00f6renhet. V\u00e4rdefulla hittegods f\u00f6rs till Borg\u00e5 Polisstation.","robots":{"index":"index","follow":"follow","max-snippet":"max-snippet:-1","max-image-preview":"max-image-preview:large","max-video-preview":"max-video-preview:-1"},"canonical":"https:\/\/www.kajforsblom.fi\/sv\/kontaktuppgifter\/hittegods\/","og_locale":"sv_SE","og_type":"article","og_title":"Hittegods - Porvoo Tours - researrang\u00f6r","og_description":"Hittegods f\u00f6rvaras hos oss i 3 m\u00e5nader, varefter de ges till v\u00e4lg\u00f6renhet. V\u00e4rdefulla hittegods f\u00f6rs till Borg\u00e5 Polisstation.","og_url":"https:\/\/www.kajforsblom.fi\/sv\/kontaktuppgifter\/hittegods\/","og_site_name":"Porvoo Tours - researrang\u00f6r","article_publisher":"https:\/\/www.facebook.com\/oykajforsblomab\/","article_modified_time":"2024-03-01T10:29:48+00:00","og_image":[{"url":"https:\/\/www.kajforsblom.fi\/wp-content\/uploads\/2024\/03\/lost-and-found-300x200.png","type":"","width":"","height":""}],"twitter_card":"summary_large_image","twitter_misc":{"Ber\u00e4knad l\u00e4stid":"1 minut"},"schema":{"@context":"https:\/\/schema.org","@graph":[{"@type":"WebPage","@id":"https:\/\/www.kajforsblom.fi\/sv\/kontaktuppgifter\/hittegods\/","url":"https:\/\/www.kajforsblom.fi\/sv\/kontaktuppgifter\/hittegods\/","name":"Hittegods - Porvoo Tours - researrang\u00f6r","isPartOf":{"@id":"https:\/\/www.kajforsblom.fi\/#website"},"primaryImageOfPage":{"@id":"https:\/\/www.kajforsblom.fi\/sv\/kontaktuppgifter\/hittegods\/#primaryimage"},"image":{"@id":"https:\/\/www.kajforsblom.fi\/sv\/kontaktuppgifter\/hittegods\/#primaryimage"},"thumbnailUrl":"https:\/\/www.kajforsblom.fi\/wp-content\/uploads\/2024\/03\/lost-and-found-300x200.png","datePublished":"2019-12-18T11:21:03+00:00","dateModified":"2024-03-01T10:29:48+00:00","description":"Hittegods f\u00f6rvaras hos oss i 3 m\u00e5nader, varefter de ges till v\u00e4lg\u00f6renhet. V\u00e4rdefulla hittegods f\u00f6rs till Borg\u00e5 Polisstation.","breadcrumb":{"@id":"https:\/\/www.kajforsblom.fi\/sv\/kontaktuppgifter\/hittegods\/#breadcrumb"},"inLanguage":"sv-SE","potentialAction":[{"@type":"ReadAction","target":["https:\/\/www.kajforsblom.fi\/sv\/kontaktuppgifter\/hittegods\/"]}]},{"@type":"ImageObject","inLanguage":"sv-SE","@id":"https:\/\/www.kajforsblom.fi\/sv\/kontaktuppgifter\/hittegods\/#primaryimage","url":"https:\/\/www.kajforsblom.fi\/wp-content\/uploads\/2024\/03\/lost-and-found-300x200.png","contentUrl":"https:\/\/www.kajforsblom.fi\/wp-content\/uploads\/2024\/03\/lost-and-found-300x200.png"},{"@type":"BreadcrumbList","@id":"https:\/\/www.kajforsblom.fi\/sv\/kontaktuppgifter\/hittegods\/#breadcrumb","itemListElement":[{"@type":"ListItem","position":1,"name":"Home","item":"https:\/\/www.kajforsblom.fi\/sv\/"},{"@type":"ListItem","position":2,"name":"Kontaktuppgifter","item":"https:\/\/www.kajforsblom.fi\/sv\/kontaktuppgifter\/"},{"@type":"ListItem","position":3,"name":"Hittegods"}]},{"@type":"WebSite","@id":"https:\/\/www.kajforsblom.fi\/#website","url":"https:\/\/www.kajforsblom.fi\/","name":"tilausbussi Kaj Forsblom best\u00e4llningsbuss","description":"bussi Helsinki, Sipoo, Porvoo, Loviisa - Buss Helsingfors, Sibbo, Borg\u00e5, Lovisa","publisher":{"@id":"https:\/\/www.kajforsblom.fi\/#organization"},"potentialAction":[{"@type":"SearchAction","target":{"@type":"EntryPoint","urlTemplate":"https:\/\/www.kajforsblom.fi\/?s={search_term_string}"},"query-input":{"@type":"PropertyValueSpecification","valueRequired":true,"valueName":"search_term_string"}}],"inLanguage":"sv-SE"},{"@type":"Organization","@id":"https:\/\/www.kajforsblom.fi\/#organization","name":"Kaj Forsblom","url":"https:\/\/www.kajforsblom.fi\/","logo":{"@type":"ImageObject","inLanguage":"sv-SE","@id":"https:\/\/www.kajforsblom.fi\/#\/schema\/logo\/image\/","url":"","contentUrl":"","caption":"Kaj Forsblom"},"image":{"@id":"https:\/\/www.kajforsblom.fi\/#\/schema\/logo\/image\/"},"sameAs":["https:\/\/www.facebook.com\/oykajforsblomab\/","https:\/\/www.instagram.com\/oykajforsblomab_\/?hl=fihttps:\/\/www.instagram.com\/kajforsblom_lost_found\/"]}]}},"_links":{"self":[{"href":"https:\/\/www.kajforsblom.fi\/sv\/wp-json\/wp\/v2\/pages\/7318","targetHints":{"allow":["GET"]}}],"collection":[{"href":"https:\/\/www.kajforsblom.fi\/sv\/wp-json\/wp\/v2\/pages"}],"about":[{"href":"https:\/\/www.kajforsblom.fi\/sv\/wp-json\/wp\/v2\/types\/page"}],"author":[{"embeddable":true,"href":"https:\/\/www.kajforsblom.fi\/sv\/wp-json\/wp\/v2\/users\/1"}],"replies":[{"embeddable":true,"href":"https:\/\/www.kajforsblom.fi\/sv\/wp-json\/wp\/v2\/comments?post=7318"}],"version-history":[{"count":0,"href":"https:\/\/www.kajforsblom.fi\/sv\/wp-json\/wp\/v2\/pages\/7318\/revisions"}],"up":[{"embeddable":true,"href":"https:\/\/www.kajforsblom.fi\/sv\/wp-json\/wp\/v2\/pages\/4426"}],"wp:attachment":[{"href":"https:\/\/www.kajforsblom.fi\/sv\/wp-json\/wp\/v2\/media?parent=7318"}],"curies":[{"name":"wp","href":"https:\/\/api.w.org\/{rel}","templated":true}]}}