{"id":7366,"date":"2019-12-30T18:17:03","date_gmt":"2019-12-30T18:17:03","guid":{"rendered":"https:\/\/www.kajforsblom.fi\/?page_id=7366"},"modified":"2024-10-25T11:50:28","modified_gmt":"2024-10-25T09:50:28","slug":"miljovarderingar-och-krav","status":"publish","type":"page","link":"https:\/\/www.kajforsblom.fi\/sv\/om-oss-kaj-forsblom-oy-ab\/miljovarderingar-och-krav\/","title":{"rendered":"Milj\u00f6v\u00e4rderingar och krav"},"content":{"rendered":"<div id=\"pl-7366\"  class=\"panel-layout\" ><div id=\"pg-7366-0\"  class=\"panel-grid panel-no-style\" ><div id=\"pgc-7366-0-0\"  class=\"panel-grid-cell\" ><div id=\"panel-7366-0-0-0\" class=\"so-panel widget widget_black-studio-tinymce widget_black_studio_tinymce panel-first-child panel-last-child\" data-index=\"0\" ><div class=\"textwidget\"><h1>Milj\u00f6v\u00e4rderingar och krav<\/h1>\n<p>Att h\u00e5lla naturen ren \u00e4r viktigt f\u00f6r oss. D\u00e4rf\u00f6r uppfyller redan \u00f6ver 90 % av v\u00e5ra bussar Euro 5 och 6-kraven.<br \/>\nGenom att investera i moderna bussar f\u00f6rsedda med milj\u00f6v\u00e4nliga motorer minimerar vi v\u00e5ra bussars partikel-, kolmonoxid- och kv\u00e4veoxidutsl\u00e4pp. Tabellen nedan visar hur utsl\u00e4ppen reducerats i de modernare motorerna.<\/p>\n<p>De olika Europeiska utsl\u00e4ppsnormerna som g\u00e4ller f\u00f6r bussar \u00e4r:<\/p>\n<p><a href=\"http:\/\/www.kajforsblom.fi\/wp-content\/uploads\/2020\/01\/bussarnas_utslappsnorm.jpg\"><img decoding=\"async\" class=\"alignnone wp-image-9456 size-medium\" src=\"http:\/\/www.kajforsblom.fi\/wp-content\/uploads\/2020\/01\/bussarnas_utslappsnorm-300x241.jpg\" alt=\"\" width=\"300\" height=\"241\" srcset=\"https:\/\/www.kajforsblom.fi\/wp-content\/uploads\/2020\/01\/bussarnas_utslappsnorm-300x241.jpg 300w, https:\/\/www.kajforsblom.fi\/wp-content\/uploads\/2020\/01\/bussarnas_utslappsnorm.jpg 650w\" sizes=\"(max-width: 300px) 100vw, 300px\" \/><\/a><\/p>\n<hr \/>\n<p>&nbsp;<\/p>\n<p><img decoding=\"async\" src=\"https:\/\/www.kajforsblom.fi\/wp-content\/uploads\/2024\/10\/Borga-klimatpartner-logo-300x177.jpg\" \/><\/p>\n<p>Vi \u00e4r med och utvecklar en mer klimatv\u00e4nlig milj\u00f6 i Borg\u00e5 och Finland.<\/p>\n<p>Genom att vara Borg\u00e5s klimatpartner \u00e4r vi med i ett banbrytande n\u00e4tverk som staden st\u00f6djer i utvecklingen av gr\u00f6nt och h\u00e5llbart f\u00f6retagande. I partnerskapet ing\u00e5r ocks\u00e5 aktuellt kunnande och tillg\u00e5ng till information samt att bygga upp en egen klimat- och milj\u00f6image.<\/p>\n<p>Genom att st\u00e4ndigt f\u00f6rnya v\u00e5r bussflotta k\u00f6r vi inte bara med de s\u00e4kraste bussarna, utan minskar ocks\u00e5 m\u00e4ngden utsl\u00e4pp till naturen.<\/p>\n<p>S\u00e5 du reser gr\u00f6nare med oss!<\/p>\n<\/div><\/div><\/div><\/div><div id=\"pg-7366-1\"  class=\"panel-grid panel-no-style\" ><div id=\"pgc-7366-1-0\"  class=\"panel-grid-cell\" ><div id=\"panel-7366-1-0-0\" class=\"so-panel widget widget_black-studio-tinymce widget_black_studio_tinymce panel-first-child panel-last-child\" data-index=\"1\" ><div class=\"textwidget\"><\/div><\/div><\/div><div id=\"pgc-7366-1-1\"  class=\"panel-grid-cell panel-grid-cell-empty panel-grid-cell-mobile-last\" ><\/div><div id=\"pgc-7366-1-2\"  class=\"panel-grid-cell panel-grid-cell-empty\" ><\/div><\/div><\/div>","protected":false},"excerpt":{"rendered":"<p>Milj\u00f6v\u00e4rderingar och krav Att h\u00e5lla naturen ren \u00e4r viktigt f\u00f6r oss. D\u00e4rf\u00f6r uppfyller redan \u00f6ver 90 % av v\u00e5ra bussar Euro 5 och 6-kraven. Genom att investera i moderna bussar &hellip; <a class=\"kt-excerpt-readmore more-link\" href=\"https:\/\/www.kajforsblom.fi\/sv\/om-oss-kaj-forsblom-oy-ab\/miljovarderingar-och-krav\/\" aria-label=\"Milj\u00f6v\u00e4rderingar och krav\">\u00bb<\/a><\/p>\n","protected":false},"author":1,"featured_media":0,"parent":8570,"menu_order":0,"comment_status":"closed","ping_status":"closed","template":"","meta":{"footnotes":""},"class_list":["post-7366","page","type-page","status-publish","hentry"],"yoast_head":"<!-- This site is optimized with the Yoast SEO plugin v27.3 - https:\/\/yoast.com\/product\/yoast-seo-wordpress\/ -->\n<title>Milj\u00f6v\u00e4rderingar och krav - Porvoo Tours - researrang\u00f6r<\/title>\n<meta name=\"description\" content=\"Till v\u00e5ra milj\u00f6v\u00e4rderingar p\u00e5 v\u00e5rt bussbolaget h\u00f6r att h\u00e5lla naturen ren. D\u00e4rf\u00f6r uppfyller redan \u00f6ver 90 % av v\u00e5ra bussar Euro 5 och Euro 6 kraven.\" \/>\n<meta name=\"robots\" content=\"index, follow, max-snippet:-1, max-image-preview:large, max-video-preview:-1\" \/>\n<link rel=\"canonical\" href=\"https:\/\/www.kajforsblom.fi\/sv\/om-oss-kaj-forsblom-oy-ab\/miljovarderingar-och-krav\/\" \/>\n<meta property=\"og:locale\" content=\"sv_SE\" \/>\n<meta property=\"og:type\" content=\"article\" \/>\n<meta property=\"og:title\" content=\"Milj\u00f6v\u00e4rderingar och krav - Porvoo Tours - researrang\u00f6r\" \/>\n<meta property=\"og:description\" content=\"Till v\u00e5ra milj\u00f6v\u00e4rderingar p\u00e5 v\u00e5rt bussbolaget h\u00f6r att h\u00e5lla naturen ren. D\u00e4rf\u00f6r uppfyller redan \u00f6ver 90 % av v\u00e5ra bussar Euro 5 och Euro 6 kraven.\" \/>\n<meta property=\"og:url\" content=\"https:\/\/www.kajforsblom.fi\/sv\/om-oss-kaj-forsblom-oy-ab\/miljovarderingar-och-krav\/\" \/>\n<meta property=\"og:site_name\" content=\"Porvoo Tours - researrang\u00f6r\" \/>\n<meta property=\"article:publisher\" content=\"https:\/\/www.facebook.com\/oykajforsblomab\/\" \/>\n<meta property=\"article:modified_time\" content=\"2024-10-25T09:50:28+00:00\" \/>\n<meta property=\"og:image\" content=\"http:\/\/www.kajforsblom.fi\/wp-content\/uploads\/2020\/01\/bussarnas_utslappsnorm-300x241.jpg\" \/>\n<meta name=\"twitter:card\" content=\"summary_large_image\" \/>\n<meta name=\"twitter:label1\" content=\"Ber\u00e4knad l\u00e4stid\" \/>\n\t<meta name=\"twitter:data1\" content=\"1 minut\" \/>\n<script type=\"application\/ld+json\" class=\"yoast-schema-graph\">{\"@context\":\"https:\\\/\\\/schema.org\",\"@graph\":[{\"@type\":\"WebPage\",\"@id\":\"https:\\\/\\\/www.kajforsblom.fi\\\/sv\\\/om-oss-kaj-forsblom-oy-ab\\\/miljovarderingar-och-krav\\\/\",\"url\":\"https:\\\/\\\/www.kajforsblom.fi\\\/sv\\\/om-oss-kaj-forsblom-oy-ab\\\/miljovarderingar-och-krav\\\/\",\"name\":\"Milj\u00f6v\u00e4rderingar och krav - Porvoo Tours - researrang\u00f6r\",\"isPartOf\":{\"@id\":\"https:\\\/\\\/www.kajforsblom.fi\\\/#website\"},\"primaryImageOfPage\":{\"@id\":\"https:\\\/\\\/www.kajforsblom.fi\\\/sv\\\/om-oss-kaj-forsblom-oy-ab\\\/miljovarderingar-och-krav\\\/#primaryimage\"},\"image\":{\"@id\":\"https:\\\/\\\/www.kajforsblom.fi\\\/sv\\\/om-oss-kaj-forsblom-oy-ab\\\/miljovarderingar-och-krav\\\/#primaryimage\"},\"thumbnailUrl\":\"http:\\\/\\\/www.kajforsblom.fi\\\/wp-content\\\/uploads\\\/2020\\\/01\\\/bussarnas_utslappsnorm-300x241.jpg\",\"datePublished\":\"2019-12-30T18:17:03+00:00\",\"dateModified\":\"2024-10-25T09:50:28+00:00\",\"description\":\"Till v\u00e5ra milj\u00f6v\u00e4rderingar p\u00e5 v\u00e5rt bussbolaget h\u00f6r att h\u00e5lla naturen ren. D\u00e4rf\u00f6r uppfyller redan \u00f6ver 90 % av v\u00e5ra bussar Euro 5 och Euro 6 kraven.\",\"breadcrumb\":{\"@id\":\"https:\\\/\\\/www.kajforsblom.fi\\\/sv\\\/om-oss-kaj-forsblom-oy-ab\\\/miljovarderingar-och-krav\\\/#breadcrumb\"},\"inLanguage\":\"sv-SE\",\"potentialAction\":[{\"@type\":\"ReadAction\",\"target\":[\"https:\\\/\\\/www.kajforsblom.fi\\\/sv\\\/om-oss-kaj-forsblom-oy-ab\\\/miljovarderingar-och-krav\\\/\"]}]},{\"@type\":\"ImageObject\",\"inLanguage\":\"sv-SE\",\"@id\":\"https:\\\/\\\/www.kajforsblom.fi\\\/sv\\\/om-oss-kaj-forsblom-oy-ab\\\/miljovarderingar-och-krav\\\/#primaryimage\",\"url\":\"http:\\\/\\\/www.kajforsblom.fi\\\/wp-content\\\/uploads\\\/2020\\\/01\\\/bussarnas_utslappsnorm-300x241.jpg\",\"contentUrl\":\"http:\\\/\\\/www.kajforsblom.fi\\\/wp-content\\\/uploads\\\/2020\\\/01\\\/bussarnas_utslappsnorm-300x241.jpg\"},{\"@type\":\"BreadcrumbList\",\"@id\":\"https:\\\/\\\/www.kajforsblom.fi\\\/sv\\\/om-oss-kaj-forsblom-oy-ab\\\/miljovarderingar-och-krav\\\/#breadcrumb\",\"itemListElement\":[{\"@type\":\"ListItem\",\"position\":1,\"name\":\"Home\",\"item\":\"https:\\\/\\\/www.kajforsblom.fi\\\/sv\\\/\"},{\"@type\":\"ListItem\",\"position\":2,\"name\":\"Om oss &#8211; Kaj Forsblom Oy Ab\",\"item\":\"https:\\\/\\\/www.kajforsblom.fi\\\/sv\\\/om-oss-kaj-forsblom-oy-ab\\\/\"},{\"@type\":\"ListItem\",\"position\":3,\"name\":\"Milj\u00f6v\u00e4rderingar och krav\"}]},{\"@type\":\"WebSite\",\"@id\":\"https:\\\/\\\/www.kajforsblom.fi\\\/#website\",\"url\":\"https:\\\/\\\/www.kajforsblom.fi\\\/\",\"name\":\"tilausbussi Kaj Forsblom best\u00e4llningsbuss\",\"description\":\"bussi Helsinki, Sipoo, Porvoo, Loviisa - Buss Helsingfors, Sibbo, Borg\u00e5, Lovisa\",\"publisher\":{\"@id\":\"https:\\\/\\\/www.kajforsblom.fi\\\/#organization\"},\"potentialAction\":[{\"@type\":\"SearchAction\",\"target\":{\"@type\":\"EntryPoint\",\"urlTemplate\":\"https:\\\/\\\/www.kajforsblom.fi\\\/?s={search_term_string}\"},\"query-input\":{\"@type\":\"PropertyValueSpecification\",\"valueRequired\":true,\"valueName\":\"search_term_string\"}}],\"inLanguage\":\"sv-SE\"},{\"@type\":\"Organization\",\"@id\":\"https:\\\/\\\/www.kajforsblom.fi\\\/#organization\",\"name\":\"Kaj Forsblom\",\"url\":\"https:\\\/\\\/www.kajforsblom.fi\\\/\",\"logo\":{\"@type\":\"ImageObject\",\"inLanguage\":\"sv-SE\",\"@id\":\"https:\\\/\\\/www.kajforsblom.fi\\\/#\\\/schema\\\/logo\\\/image\\\/\",\"url\":\"\",\"contentUrl\":\"\",\"caption\":\"Kaj Forsblom\"},\"image\":{\"@id\":\"https:\\\/\\\/www.kajforsblom.fi\\\/#\\\/schema\\\/logo\\\/image\\\/\"},\"sameAs\":[\"https:\\\/\\\/www.facebook.com\\\/oykajforsblomab\\\/\",\"https:\\\/\\\/www.instagram.com\\\/oykajforsblomab_\\\/?hl=fihttps:\\\/\\\/www.instagram.com\\\/kajforsblom_lost_found\\\/\"]}]}<\/script>\n<!-- \/ Yoast SEO plugin. -->","yoast_head_json":{"title":"Milj\u00f6v\u00e4rderingar och krav - Porvoo Tours - researrang\u00f6r","description":"Till v\u00e5ra milj\u00f6v\u00e4rderingar p\u00e5 v\u00e5rt bussbolaget h\u00f6r att h\u00e5lla naturen ren. D\u00e4rf\u00f6r uppfyller redan \u00f6ver 90 % av v\u00e5ra bussar Euro 5 och Euro 6 kraven.","robots":{"index":"index","follow":"follow","max-snippet":"max-snippet:-1","max-image-preview":"max-image-preview:large","max-video-preview":"max-video-preview:-1"},"canonical":"https:\/\/www.kajforsblom.fi\/sv\/om-oss-kaj-forsblom-oy-ab\/miljovarderingar-och-krav\/","og_locale":"sv_SE","og_type":"article","og_title":"Milj\u00f6v\u00e4rderingar och krav - Porvoo Tours - researrang\u00f6r","og_description":"Till v\u00e5ra milj\u00f6v\u00e4rderingar p\u00e5 v\u00e5rt bussbolaget h\u00f6r att h\u00e5lla naturen ren. D\u00e4rf\u00f6r uppfyller redan \u00f6ver 90 % av v\u00e5ra bussar Euro 5 och Euro 6 kraven.","og_url":"https:\/\/www.kajforsblom.fi\/sv\/om-oss-kaj-forsblom-oy-ab\/miljovarderingar-och-krav\/","og_site_name":"Porvoo Tours - researrang\u00f6r","article_publisher":"https:\/\/www.facebook.com\/oykajforsblomab\/","article_modified_time":"2024-10-25T09:50:28+00:00","og_image":[{"url":"http:\/\/www.kajforsblom.fi\/wp-content\/uploads\/2020\/01\/bussarnas_utslappsnorm-300x241.jpg","type":"","width":"","height":""}],"twitter_card":"summary_large_image","twitter_misc":{"Ber\u00e4knad l\u00e4stid":"1 minut"},"schema":{"@context":"https:\/\/schema.org","@graph":[{"@type":"WebPage","@id":"https:\/\/www.kajforsblom.fi\/sv\/om-oss-kaj-forsblom-oy-ab\/miljovarderingar-och-krav\/","url":"https:\/\/www.kajforsblom.fi\/sv\/om-oss-kaj-forsblom-oy-ab\/miljovarderingar-och-krav\/","name":"Milj\u00f6v\u00e4rderingar och krav - Porvoo Tours - researrang\u00f6r","isPartOf":{"@id":"https:\/\/www.kajforsblom.fi\/#website"},"primaryImageOfPage":{"@id":"https:\/\/www.kajforsblom.fi\/sv\/om-oss-kaj-forsblom-oy-ab\/miljovarderingar-och-krav\/#primaryimage"},"image":{"@id":"https:\/\/www.kajforsblom.fi\/sv\/om-oss-kaj-forsblom-oy-ab\/miljovarderingar-och-krav\/#primaryimage"},"thumbnailUrl":"http:\/\/www.kajforsblom.fi\/wp-content\/uploads\/2020\/01\/bussarnas_utslappsnorm-300x241.jpg","datePublished":"2019-12-30T18:17:03+00:00","dateModified":"2024-10-25T09:50:28+00:00","description":"Till v\u00e5ra milj\u00f6v\u00e4rderingar p\u00e5 v\u00e5rt bussbolaget h\u00f6r att h\u00e5lla naturen ren. D\u00e4rf\u00f6r uppfyller redan \u00f6ver 90 % av v\u00e5ra bussar Euro 5 och Euro 6 kraven.","breadcrumb":{"@id":"https:\/\/www.kajforsblom.fi\/sv\/om-oss-kaj-forsblom-oy-ab\/miljovarderingar-och-krav\/#breadcrumb"},"inLanguage":"sv-SE","potentialAction":[{"@type":"ReadAction","target":["https:\/\/www.kajforsblom.fi\/sv\/om-oss-kaj-forsblom-oy-ab\/miljovarderingar-och-krav\/"]}]},{"@type":"ImageObject","inLanguage":"sv-SE","@id":"https:\/\/www.kajforsblom.fi\/sv\/om-oss-kaj-forsblom-oy-ab\/miljovarderingar-och-krav\/#primaryimage","url":"http:\/\/www.kajforsblom.fi\/wp-content\/uploads\/2020\/01\/bussarnas_utslappsnorm-300x241.jpg","contentUrl":"http:\/\/www.kajforsblom.fi\/wp-content\/uploads\/2020\/01\/bussarnas_utslappsnorm-300x241.jpg"},{"@type":"BreadcrumbList","@id":"https:\/\/www.kajforsblom.fi\/sv\/om-oss-kaj-forsblom-oy-ab\/miljovarderingar-och-krav\/#breadcrumb","itemListElement":[{"@type":"ListItem","position":1,"name":"Home","item":"https:\/\/www.kajforsblom.fi\/sv\/"},{"@type":"ListItem","position":2,"name":"Om oss &#8211; Kaj Forsblom Oy Ab","item":"https:\/\/www.kajforsblom.fi\/sv\/om-oss-kaj-forsblom-oy-ab\/"},{"@type":"ListItem","position":3,"name":"Milj\u00f6v\u00e4rderingar och krav"}]},{"@type":"WebSite","@id":"https:\/\/www.kajforsblom.fi\/#website","url":"https:\/\/www.kajforsblom.fi\/","name":"tilausbussi Kaj Forsblom best\u00e4llningsbuss","description":"bussi Helsinki, Sipoo, Porvoo, Loviisa - Buss Helsingfors, Sibbo, Borg\u00e5, Lovisa","publisher":{"@id":"https:\/\/www.kajforsblom.fi\/#organization"},"potentialAction":[{"@type":"SearchAction","target":{"@type":"EntryPoint","urlTemplate":"https:\/\/www.kajforsblom.fi\/?s={search_term_string}"},"query-input":{"@type":"PropertyValueSpecification","valueRequired":true,"valueName":"search_term_string"}}],"inLanguage":"sv-SE"},{"@type":"Organization","@id":"https:\/\/www.kajforsblom.fi\/#organization","name":"Kaj Forsblom","url":"https:\/\/www.kajforsblom.fi\/","logo":{"@type":"ImageObject","inLanguage":"sv-SE","@id":"https:\/\/www.kajforsblom.fi\/#\/schema\/logo\/image\/","url":"","contentUrl":"","caption":"Kaj Forsblom"},"image":{"@id":"https:\/\/www.kajforsblom.fi\/#\/schema\/logo\/image\/"},"sameAs":["https:\/\/www.facebook.com\/oykajforsblomab\/","https:\/\/www.instagram.com\/oykajforsblomab_\/?hl=fihttps:\/\/www.instagram.com\/kajforsblom_lost_found\/"]}]}},"_links":{"self":[{"href":"https:\/\/www.kajforsblom.fi\/sv\/wp-json\/wp\/v2\/pages\/7366","targetHints":{"allow":["GET"]}}],"collection":[{"href":"https:\/\/www.kajforsblom.fi\/sv\/wp-json\/wp\/v2\/pages"}],"about":[{"href":"https:\/\/www.kajforsblom.fi\/sv\/wp-json\/wp\/v2\/types\/page"}],"author":[{"embeddable":true,"href":"https:\/\/www.kajforsblom.fi\/sv\/wp-json\/wp\/v2\/users\/1"}],"replies":[{"embeddable":true,"href":"https:\/\/www.kajforsblom.fi\/sv\/wp-json\/wp\/v2\/comments?post=7366"}],"version-history":[{"count":0,"href":"https:\/\/www.kajforsblom.fi\/sv\/wp-json\/wp\/v2\/pages\/7366\/revisions"}],"up":[{"embeddable":true,"href":"https:\/\/www.kajforsblom.fi\/sv\/wp-json\/wp\/v2\/pages\/8570"}],"wp:attachment":[{"href":"https:\/\/www.kajforsblom.fi\/sv\/wp-json\/wp\/v2\/media?parent=7366"}],"curies":[{"name":"wp","href":"https:\/\/api.w.org\/{rel}","templated":true}]}}