{"id":7474,"date":"2019-12-30T19:36:04","date_gmt":"2019-12-30T19:36:04","guid":{"rendered":"https:\/\/www.kajforsblom.fi\/busstidtabeller\/porvoo-krako-vesso\/"},"modified":"2024-06-03T12:16:40","modified_gmt":"2024-06-03T10:16:40","slug":"borga-krako-vesso","status":"publish","type":"page","link":"https:\/\/www.kajforsblom.fi\/sv\/busstidtabeller\/borga-krako-vesso\/","title":{"rendered":"Borg\u00e5 &#8211; Kr\u00e5k\u00f6 &#8211; Vess\u00f6"},"content":{"rendered":"<div id=\"pl-7474\"  class=\"panel-layout\" ><div id=\"pg-7474-0\"  class=\"panel-grid panel-no-style\" ><div id=\"pgc-7474-0-0\"  class=\"panel-grid-cell\" ><div id=\"panel-7474-0-0-0\" class=\"so-panel widget widget_black-studio-tinymce widget_black_studio_tinymce panel-first-child\" data-index=\"0\" ><div class=\"textwidget\"><h1>Borg\u00e5 - Kr\u00e5k\u00f6 - Vess\u00f6 - Borg\u00e5<\/h1>\n<h4><strong>Tidtabeller: <a href=\"https:\/\/www.matkahuolto.fi\/sv\">matkahuolto.sv<\/a><\/strong><\/h4>\n<h4>Biljetter<\/h4>\n<p>F\u00f6r mer information v\u00e4nligen kontakta v\u00e5rt kontor<a href=\"https:\/\/www.kajforsblom.fi\/sv\/kontaktuppgifter\/\"> h\u00e4r<\/a><\/p>\n<h4>Betalningsmedel<\/h4>\n<p>I linjetrafikbussarna fungerar betalningen med resekort, bankkort eller kontanter. Best\u00e4llningstrafiken kan betalas med kreditkort, kontanter eller p\u00e5 faktura. Betalningss\u00e4ttet fastst\u00e4lls i samband med reservationen.<\/p>\n<h4>Information om tj\u00e4nsterna samt \u00e4ndringar i dessa<\/h4>\n<p>Aktuell information om tidtabellerna samt m\u00f6jliga \u00e4ndringar f\u00e5s ur Oy Matkahuolto Ab:s tidtabellssystem samt p\u00e5 servicenumret 0200-4000.\u00a0<a href=\"https:\/\/www.matkahuolto.fi\/\" target=\"_blank\" rel=\"noopener\">Matkahuolto<\/a>\u00a0\u00bb<\/p>\n<p>Vid m\u00f6jliga st\u00f6rningssituationer kan man ringa v\u00e5r 24 h dejourtelefon 0400 492\u00a0146.<\/p>\n<\/div><\/div><div id=\"panel-7474-0-0-1\" class=\"so-panel widget widget_kadence_about_with_image kadence_about_with_image panel-last-child\" data-index=\"1\" ><div class=\"kad_img_upload_widget kt-shape-type-kt-image-shape-standard kt-image-align-left kt-image-widget-widget-0-0-1\"><a href=\"https:\/\/www.matkahuolto.fi\" target=\"_blank\"><div class=\"kt-image-contain kt-image-shadow-none kt-image-shape-standard\"><div class=\"kt-image-inner-contain\"><img decoding=\"async\" src=\"https:\/\/www.kajforsblom.fi\/wp-content\/uploads\/2019\/12\/matkahuolto_logo-200x135.jpg\" width=\"200\" height=\"135\" srcset=\"https:\/\/www.kajforsblom.fi\/wp-content\/uploads\/2019\/12\/matkahuolto_logo-200x135.jpg 200w, https:\/\/www.kajforsblom.fi\/wp-content\/uploads\/2019\/12\/matkahuolto_logo-300x203.jpg 300w, https:\/\/www.kajforsblom.fi\/wp-content\/uploads\/2019\/12\/matkahuolto_logo-272x182.jpg 272w, https:\/\/www.kajforsblom.fi\/wp-content\/uploads\/2019\/12\/matkahuolto_logo-400x270.jpg 400w, https:\/\/www.kajforsblom.fi\/wp-content\/uploads\/2019\/12\/matkahuolto_logo.jpg 579w\" sizes=\"(max-width: 200px) 100vw, 200px\" class=\"\" itemprop=\"contentUrl\" alt=\"Matkahuolto\"><\/div><\/div><\/a><\/div><\/div><\/div><\/div><\/div>","protected":false},"excerpt":{"rendered":"<p>Borg\u00e5 &#8211; Kr\u00e5k\u00f6 &#8211; Vess\u00f6 &#8211; Borg\u00e5 Tidtabeller: matkahuolto.sv Biljetter F\u00f6r mer information v\u00e4nligen kontakta v\u00e5rt kontor h\u00e4r Betalningsmedel I linjetrafikbussarna fungerar betalningen med resekort, bankkort eller kontanter. Best\u00e4llningstrafiken kan &hellip; <a class=\"kt-excerpt-readmore more-link\" href=\"https:\/\/www.kajforsblom.fi\/sv\/busstidtabeller\/borga-krako-vesso\/\" aria-label=\"Borg\u00e5 &#8211; Kr\u00e5k\u00f6 &#8211; Vess\u00f6\">\u00bb<\/a><\/p>\n","protected":false},"author":1,"featured_media":0,"parent":7464,"menu_order":0,"comment_status":"closed","ping_status":"closed","template":"","meta":{"footnotes":""},"class_list":["post-7474","page","type-page","status-publish","hentry"],"yoast_head":"<!-- This site is optimized with the Yoast SEO plugin v27.3 - https:\/\/yoast.com\/product\/yoast-seo-wordpress\/ -->\n<title>Borg\u00e5 - Kr\u00e5k\u00f6 - Vess\u00f6 - Porvoo Tours - researrang\u00f6r<\/title>\n<meta name=\"robots\" content=\"index, follow, max-snippet:-1, max-image-preview:large, max-video-preview:-1\" \/>\n<link rel=\"canonical\" href=\"https:\/\/www.kajforsblom.fi\/sv\/busstidtabeller\/borga-krako-vesso\/\" \/>\n<meta property=\"og:locale\" content=\"sv_SE\" \/>\n<meta property=\"og:type\" content=\"article\" \/>\n<meta property=\"og:title\" content=\"Borg\u00e5 - Kr\u00e5k\u00f6 - Vess\u00f6 - Porvoo Tours - researrang\u00f6r\" \/>\n<meta property=\"og:description\" content=\"Borg\u00e5 - Kr\u00e5k\u00f6 - Vess\u00f6 - Borg\u00e5 Tidtabeller: matkahuolto.sv Biljetter F\u00f6r mer information v\u00e4nligen kontakta v\u00e5rt kontor h\u00e4r Betalningsmedel I linjetrafikbussarna fungerar betalningen med resekort, bankkort eller kontanter. Best\u00e4llningstrafiken kan &hellip; \u00bb\" \/>\n<meta property=\"og:url\" content=\"https:\/\/www.kajforsblom.fi\/sv\/busstidtabeller\/borga-krako-vesso\/\" \/>\n<meta property=\"og:site_name\" content=\"Porvoo Tours - researrang\u00f6r\" \/>\n<meta property=\"article:publisher\" content=\"https:\/\/www.facebook.com\/oykajforsblomab\/\" \/>\n<meta property=\"article:modified_time\" content=\"2024-06-03T10:16:40+00:00\" \/>\n<meta name=\"twitter:card\" content=\"summary_large_image\" \/>\n<meta name=\"twitter:label1\" content=\"Ber\u00e4knad l\u00e4stid\" \/>\n\t<meta name=\"twitter:data1\" content=\"1 minut\" \/>\n<script type=\"application\/ld+json\" class=\"yoast-schema-graph\">{\"@context\":\"https:\\\/\\\/schema.org\",\"@graph\":[{\"@type\":\"WebPage\",\"@id\":\"https:\\\/\\\/www.kajforsblom.fi\\\/sv\\\/busstidtabeller\\\/borga-krako-vesso\\\/\",\"url\":\"https:\\\/\\\/www.kajforsblom.fi\\\/sv\\\/busstidtabeller\\\/borga-krako-vesso\\\/\",\"name\":\"Borg\u00e5 - Kr\u00e5k\u00f6 - Vess\u00f6 - Porvoo Tours - researrang\u00f6r\",\"isPartOf\":{\"@id\":\"https:\\\/\\\/www.kajforsblom.fi\\\/#website\"},\"datePublished\":\"2019-12-30T19:36:04+00:00\",\"dateModified\":\"2024-06-03T10:16:40+00:00\",\"breadcrumb\":{\"@id\":\"https:\\\/\\\/www.kajforsblom.fi\\\/sv\\\/busstidtabeller\\\/borga-krako-vesso\\\/#breadcrumb\"},\"inLanguage\":\"sv-SE\",\"potentialAction\":[{\"@type\":\"ReadAction\",\"target\":[\"https:\\\/\\\/www.kajforsblom.fi\\\/sv\\\/busstidtabeller\\\/borga-krako-vesso\\\/\"]}]},{\"@type\":\"BreadcrumbList\",\"@id\":\"https:\\\/\\\/www.kajforsblom.fi\\\/sv\\\/busstidtabeller\\\/borga-krako-vesso\\\/#breadcrumb\",\"itemListElement\":[{\"@type\":\"ListItem\",\"position\":1,\"name\":\"Home\",\"item\":\"https:\\\/\\\/www.kajforsblom.fi\\\/sv\\\/\"},{\"@type\":\"ListItem\",\"position\":2,\"name\":\"Busstidtabeller\",\"item\":\"https:\\\/\\\/www.kajforsblom.fi\\\/sv\\\/busstidtabeller\\\/\"},{\"@type\":\"ListItem\",\"position\":3,\"name\":\"Borg\u00e5 &#8211; Kr\u00e5k\u00f6 &#8211; Vess\u00f6\"}]},{\"@type\":\"WebSite\",\"@id\":\"https:\\\/\\\/www.kajforsblom.fi\\\/#website\",\"url\":\"https:\\\/\\\/www.kajforsblom.fi\\\/\",\"name\":\"tilausbussi Kaj Forsblom best\u00e4llningsbuss\",\"description\":\"bussi Helsinki, Sipoo, Porvoo, Loviisa - Buss Helsingfors, Sibbo, Borg\u00e5, Lovisa\",\"publisher\":{\"@id\":\"https:\\\/\\\/www.kajforsblom.fi\\\/#organization\"},\"potentialAction\":[{\"@type\":\"SearchAction\",\"target\":{\"@type\":\"EntryPoint\",\"urlTemplate\":\"https:\\\/\\\/www.kajforsblom.fi\\\/?s={search_term_string}\"},\"query-input\":{\"@type\":\"PropertyValueSpecification\",\"valueRequired\":true,\"valueName\":\"search_term_string\"}}],\"inLanguage\":\"sv-SE\"},{\"@type\":\"Organization\",\"@id\":\"https:\\\/\\\/www.kajforsblom.fi\\\/#organization\",\"name\":\"Kaj Forsblom\",\"url\":\"https:\\\/\\\/www.kajforsblom.fi\\\/\",\"logo\":{\"@type\":\"ImageObject\",\"inLanguage\":\"sv-SE\",\"@id\":\"https:\\\/\\\/www.kajforsblom.fi\\\/#\\\/schema\\\/logo\\\/image\\\/\",\"url\":\"\",\"contentUrl\":\"\",\"caption\":\"Kaj Forsblom\"},\"image\":{\"@id\":\"https:\\\/\\\/www.kajforsblom.fi\\\/#\\\/schema\\\/logo\\\/image\\\/\"},\"sameAs\":[\"https:\\\/\\\/www.facebook.com\\\/oykajforsblomab\\\/\",\"https:\\\/\\\/www.instagram.com\\\/oykajforsblomab_\\\/?hl=fihttps:\\\/\\\/www.instagram.com\\\/kajforsblom_lost_found\\\/\"]}]}<\/script>\n<!-- \/ Yoast SEO plugin. -->","yoast_head_json":{"title":"Borg\u00e5 - Kr\u00e5k\u00f6 - Vess\u00f6 - Porvoo Tours - researrang\u00f6r","robots":{"index":"index","follow":"follow","max-snippet":"max-snippet:-1","max-image-preview":"max-image-preview:large","max-video-preview":"max-video-preview:-1"},"canonical":"https:\/\/www.kajforsblom.fi\/sv\/busstidtabeller\/borga-krako-vesso\/","og_locale":"sv_SE","og_type":"article","og_title":"Borg\u00e5 - Kr\u00e5k\u00f6 - Vess\u00f6 - Porvoo Tours - researrang\u00f6r","og_description":"Borg\u00e5 - Kr\u00e5k\u00f6 - Vess\u00f6 - Borg\u00e5 Tidtabeller: matkahuolto.sv Biljetter F\u00f6r mer information v\u00e4nligen kontakta v\u00e5rt kontor h\u00e4r Betalningsmedel I linjetrafikbussarna fungerar betalningen med resekort, bankkort eller kontanter. Best\u00e4llningstrafiken kan &hellip; \u00bb","og_url":"https:\/\/www.kajforsblom.fi\/sv\/busstidtabeller\/borga-krako-vesso\/","og_site_name":"Porvoo Tours - researrang\u00f6r","article_publisher":"https:\/\/www.facebook.com\/oykajforsblomab\/","article_modified_time":"2024-06-03T10:16:40+00:00","twitter_card":"summary_large_image","twitter_misc":{"Ber\u00e4knad l\u00e4stid":"1 minut"},"schema":{"@context":"https:\/\/schema.org","@graph":[{"@type":"WebPage","@id":"https:\/\/www.kajforsblom.fi\/sv\/busstidtabeller\/borga-krako-vesso\/","url":"https:\/\/www.kajforsblom.fi\/sv\/busstidtabeller\/borga-krako-vesso\/","name":"Borg\u00e5 - Kr\u00e5k\u00f6 - Vess\u00f6 - Porvoo Tours - researrang\u00f6r","isPartOf":{"@id":"https:\/\/www.kajforsblom.fi\/#website"},"datePublished":"2019-12-30T19:36:04+00:00","dateModified":"2024-06-03T10:16:40+00:00","breadcrumb":{"@id":"https:\/\/www.kajforsblom.fi\/sv\/busstidtabeller\/borga-krako-vesso\/#breadcrumb"},"inLanguage":"sv-SE","potentialAction":[{"@type":"ReadAction","target":["https:\/\/www.kajforsblom.fi\/sv\/busstidtabeller\/borga-krako-vesso\/"]}]},{"@type":"BreadcrumbList","@id":"https:\/\/www.kajforsblom.fi\/sv\/busstidtabeller\/borga-krako-vesso\/#breadcrumb","itemListElement":[{"@type":"ListItem","position":1,"name":"Home","item":"https:\/\/www.kajforsblom.fi\/sv\/"},{"@type":"ListItem","position":2,"name":"Busstidtabeller","item":"https:\/\/www.kajforsblom.fi\/sv\/busstidtabeller\/"},{"@type":"ListItem","position":3,"name":"Borg\u00e5 &#8211; Kr\u00e5k\u00f6 &#8211; Vess\u00f6"}]},{"@type":"WebSite","@id":"https:\/\/www.kajforsblom.fi\/#website","url":"https:\/\/www.kajforsblom.fi\/","name":"tilausbussi Kaj Forsblom best\u00e4llningsbuss","description":"bussi Helsinki, Sipoo, Porvoo, Loviisa - Buss Helsingfors, Sibbo, Borg\u00e5, Lovisa","publisher":{"@id":"https:\/\/www.kajforsblom.fi\/#organization"},"potentialAction":[{"@type":"SearchAction","target":{"@type":"EntryPoint","urlTemplate":"https:\/\/www.kajforsblom.fi\/?s={search_term_string}"},"query-input":{"@type":"PropertyValueSpecification","valueRequired":true,"valueName":"search_term_string"}}],"inLanguage":"sv-SE"},{"@type":"Organization","@id":"https:\/\/www.kajforsblom.fi\/#organization","name":"Kaj Forsblom","url":"https:\/\/www.kajforsblom.fi\/","logo":{"@type":"ImageObject","inLanguage":"sv-SE","@id":"https:\/\/www.kajforsblom.fi\/#\/schema\/logo\/image\/","url":"","contentUrl":"","caption":"Kaj Forsblom"},"image":{"@id":"https:\/\/www.kajforsblom.fi\/#\/schema\/logo\/image\/"},"sameAs":["https:\/\/www.facebook.com\/oykajforsblomab\/","https:\/\/www.instagram.com\/oykajforsblomab_\/?hl=fihttps:\/\/www.instagram.com\/kajforsblom_lost_found\/"]}]}},"_links":{"self":[{"href":"https:\/\/www.kajforsblom.fi\/sv\/wp-json\/wp\/v2\/pages\/7474","targetHints":{"allow":["GET"]}}],"collection":[{"href":"https:\/\/www.kajforsblom.fi\/sv\/wp-json\/wp\/v2\/pages"}],"about":[{"href":"https:\/\/www.kajforsblom.fi\/sv\/wp-json\/wp\/v2\/types\/page"}],"author":[{"embeddable":true,"href":"https:\/\/www.kajforsblom.fi\/sv\/wp-json\/wp\/v2\/users\/1"}],"replies":[{"embeddable":true,"href":"https:\/\/www.kajforsblom.fi\/sv\/wp-json\/wp\/v2\/comments?post=7474"}],"version-history":[{"count":0,"href":"https:\/\/www.kajforsblom.fi\/sv\/wp-json\/wp\/v2\/pages\/7474\/revisions"}],"up":[{"embeddable":true,"href":"https:\/\/www.kajforsblom.fi\/sv\/wp-json\/wp\/v2\/pages\/7464"}],"wp:attachment":[{"href":"https:\/\/www.kajforsblom.fi\/sv\/wp-json\/wp\/v2\/media?parent=7474"}],"curies":[{"name":"wp","href":"https:\/\/api.w.org\/{rel}","templated":true}]}}