{"id":8371,"date":"2020-01-06T18:33:03","date_gmt":"2020-01-06T18:33:03","guid":{"rendered":"https:\/\/www.kajforsblom.fi\/mote-program__trashed\/tilaa-matkaevaat\/"},"modified":"2020-01-22T10:04:03","modified_gmt":"2020-01-22T10:04:03","slug":"bestall-fardkost","status":"publish","type":"page","link":"https:\/\/www.kajforsblom.fi\/sv\/bussar\/bestall-fardkost\/","title":{"rendered":"Best\u00e4ll f\u00e4rdkost"},"content":{"rendered":"<div id=\"pl-8371\"  class=\"panel-layout\" ><div id=\"pg-8371-0\"  class=\"panel-grid panel-no-style\" ><div id=\"pgc-8371-0-0\"  class=\"panel-grid-cell\" >\n\n        <div id=\"panel-8371-0-0-0\" class=\"so-panel widget widget_kadence_calltoaction_widget kadence_calltoaction_widget panel-first-child panel-last-child\" data-index=\"0\" ><div class=\"kt-ctaw clearfix\"><h2 class=\"kt-call-to-action-title\" style=\"color:#333333; font-size:50px; line-height:1; text-align:center; \"  data-max-size=\"50\" data-min-size=\"36\"><B>BEST\u00c4LL<\/B> F\u00c4RDKOST<\/h2><\/div><\/div>\n    <\/div><\/div><div id=\"pg-8371-1\"  class=\"panel-grid panel-no-style\" ><div id=\"pgc-8371-1-0\"  class=\"panel-grid-cell\" ><div id=\"panel-8371-1-0-0\" class=\"so-panel widget widget_black-studio-tinymce widget_black_studio_tinymce panel-first-child panel-last-child\" data-index=\"1\" ><div class=\"textwidget\"><p>Under resan kan ni njuta av \u00e5ngande kaffe eller te, tillsammans med fylld semla, bulle, \u00f6rfil eller sallad. Laktosfria samt glutenfria alternativ finns att f\u00e5 p\u00e5 beg\u00e4ran. Kaj Forsbloms f\u00e4rdkostp\u00e5sar levereras till bussen f\u00f6re resans start.<\/p>\n<p>&nbsp;<\/p>\n<h4>OBS! Best\u00e4llningar senast 3 vardagar f\u00f6re resans start.<\/h4>\n\n<div class=\"wpcf7 no-js\" id=\"wpcf7-f8369-o1\" lang=\"fi\" dir=\"ltr\" data-wpcf7-id=\"8369\">\n<div class=\"screen-reader-response\"><p role=\"status\" aria-live=\"polite\" aria-atomic=\"true\"><\/p> <ul><\/ul><\/div>\n<form action=\"\/sv\/wp-json\/wp\/v2\/pages\/8371#wpcf7-f8369-o1\" method=\"post\" class=\"wpcf7-form init\" aria-label=\"Yhteydenottolomake\" novalidate=\"novalidate\" data-status=\"init\">\n<fieldset class=\"hidden-fields-container\"><input type=\"hidden\" name=\"_wpcf7\" value=\"8369\" \/><input type=\"hidden\" name=\"_wpcf7_version\" value=\"6.1.5\" \/><input type=\"hidden\" name=\"_wpcf7_locale\" value=\"fi\" \/><input type=\"hidden\" name=\"_wpcf7_unit_tag\" value=\"wpcf7-f8369-o1\" \/><input type=\"hidden\" name=\"_wpcf7_container_post\" value=\"0\" \/><input type=\"hidden\" name=\"_wpcf7_posted_data_hash\" value=\"\" \/><input type=\"hidden\" name=\"_wpcf7_recaptcha_response\" value=\"\" \/>\n<\/fieldset>\n<h4>Kontaktuppgifter\n<\/h4>\n<p><label> F\u00f6retag eller organisation<br \/>\n<span class=\"wpcf7-form-control-wrap\" data-name=\"text-528\"><input size=\"40\" maxlength=\"400\" class=\"wpcf7-form-control wpcf7-text\" aria-invalid=\"false\" value=\"\" type=\"text\" name=\"text-528\" \/><\/span><\/label>\n<\/p>\n<p><label> Namn (obligatorisk)<br \/>\n<span class=\"wpcf7-form-control-wrap\" data-name=\"your-name\"><input size=\"40\" maxlength=\"400\" class=\"wpcf7-form-control wpcf7-text wpcf7-validates-as-required\" aria-required=\"true\" aria-invalid=\"false\" value=\"\" type=\"text\" name=\"your-name\" \/><\/span> <\/label>\n<\/p>\n<p><label> E-post (obligatorisk)<br \/>\n<span class=\"wpcf7-form-control-wrap\" data-name=\"your-email\"><input size=\"40\" maxlength=\"400\" class=\"wpcf7-form-control wpcf7-email wpcf7-validates-as-required wpcf7-text wpcf7-validates-as-email\" aria-required=\"true\" aria-invalid=\"false\" value=\"\" type=\"email\" name=\"your-email\" \/><\/span> <\/label>\n<\/p>\n<p><label> Telefonnummer (obligatorisk)<br \/>\n<span class=\"wpcf7-form-control-wrap\" data-name=\"tel-82\"><input size=\"40\" maxlength=\"400\" class=\"wpcf7-form-control wpcf7-tel wpcf7-validates-as-required wpcf7-text wpcf7-validates-as-tel\" aria-required=\"true\" aria-invalid=\"false\" value=\"\" type=\"tel\" name=\"tel-82\" \/><\/span> <\/label>\n<\/p>\n<p><label> Gatuadress (obligatorisk)<br \/>\n<span class=\"wpcf7-form-control-wrap\" data-name=\"text-477\"><input size=\"40\" maxlength=\"400\" class=\"wpcf7-form-control wpcf7-text wpcf7-validates-as-required\" aria-required=\"true\" aria-invalid=\"false\" value=\"\" type=\"text\" name=\"text-477\" \/><\/span> <\/label>\n<\/p>\n<p><label> Postnummer och postanstalt (obligatorisk)<br \/>\n<span class=\"wpcf7-form-control-wrap\" data-name=\"text-984\"><input size=\"40\" maxlength=\"400\" class=\"wpcf7-form-control wpcf7-text wpcf7-validates-as-required\" aria-required=\"true\" aria-invalid=\"false\" value=\"\" type=\"text\" name=\"text-984\" \/><\/span> <\/label>\n<\/p>\n<p><label> Resereservation (obligatorisk)<br \/>\n<span class=\"wpcf7-form-control-wrap\" data-name=\"text-405\"><input size=\"40\" maxlength=\"400\" class=\"wpcf7-form-control wpcf7-text wpcf7-validates-as-required\" aria-required=\"true\" aria-invalid=\"false\" value=\"\" type=\"text\" name=\"text-405\" \/><\/span> <\/label>\n<\/p>\n<p>&nbsp;\n<\/p>\n<p><img decoding=\"async\" src=\"http:\/\/www.kajforsblom.fi\/wp-content\/uploads\/2020\/01\/juomat.jpg\" \/>\n<\/p>\n<h4>Jag best\u00e4ller drycker enligt f\u00f6ljande\n<\/h4>\n<p><label> Kaffe (antal)<br \/>\n<span class=\"wpcf7-form-control-wrap\" data-name=\"text-975\"><input size=\"40\" maxlength=\"400\" class=\"wpcf7-form-control wpcf7-text\" id=\"kahvi\" aria-invalid=\"false\" value=\"\" type=\"text\" name=\"text-975\" \/><\/span> <\/label>\n<\/p>\n<p><label> Te (antal)<br \/>\n<span class=\"wpcf7-form-control-wrap\" data-name=\"text-153\"><input size=\"40\" maxlength=\"400\" class=\"wpcf7-form-control wpcf7-text\" id=\"tee\" aria-invalid=\"false\" value=\"\" type=\"text\" name=\"text-153\" \/><\/span><\/label>\n<\/p>\n<p><label> Frezza kaffedryck (antal)<br \/>\n<span class=\"wpcf7-form-control-wrap\" data-name=\"text-912\"><input size=\"40\" maxlength=\"400\" class=\"wpcf7-form-control wpcf7-text\" id=\"frezza\" aria-invalid=\"false\" value=\"\" type=\"text\" name=\"text-912\" \/><\/span><\/label>\n<\/p>\n<p><label> \u00c4ppelsaft (antal)<br \/>\n<span class=\"wpcf7-form-control-wrap\" data-name=\"text-556\"><input size=\"40\" maxlength=\"400\" class=\"wpcf7-form-control wpcf7-text\" id=\"omenamehu\" aria-invalid=\"false\" value=\"\" type=\"text\" name=\"text-556\" \/><\/span><\/label>\n<\/p>\n<p><label> Apelsinsaft (antal)<br \/>\n<span class=\"wpcf7-form-control-wrap\" data-name=\"text-161\"><input size=\"40\" maxlength=\"400\" class=\"wpcf7-form-control wpcf7-text\" id=\"appelsiinimehu\" aria-invalid=\"false\" value=\"\" type=\"text\" name=\"text-161\" \/><\/span><\/label>\n<\/p>\n<p><label> Vattenflaska (antal)<br \/>\n<span class=\"wpcf7-form-control-wrap\" data-name=\"text-268\"><input size=\"40\" maxlength=\"400\" class=\"wpcf7-form-control wpcf7-text\" id=\"vesipullo\" aria-invalid=\"false\" value=\"\" type=\"text\" name=\"text-268\" \/><\/span><\/label>\n<\/p>\n<p>&nbsp;\n<\/p>\n<p><img decoding=\"async\" src=\"http:\/\/www.kajforsblom.fi\/wp-content\/uploads\/2020\/01\/sampylat.jpg\" \/>\n<\/p>\n<h4>Jag best\u00e4ller semlor med f\u00f6ljande fyllningar (finns \u00e4ven r\u00e5gbr\u00f6d, skriv \u00f6nskem\u00e5l i f\u00e4ltet)\n<\/h4>\n<p><label> Skink-ost (antal)<br \/>\n<span class=\"wpcf7-form-control-wrap\" data-name=\"text-61\"><input size=\"40\" maxlength=\"400\" class=\"wpcf7-form-control wpcf7-text\" id=\"kinkku-juusto\" aria-invalid=\"false\" value=\"\" type=\"text\" name=\"text-61\" \/><\/span><\/label>\n<\/p>\n<p><label> Skinka (antal)<br \/>\n<span class=\"wpcf7-form-control-wrap\" data-name=\"text-918\"><input size=\"40\" maxlength=\"400\" class=\"wpcf7-form-control wpcf7-text\" id=\"kinkku\" aria-invalid=\"false\" value=\"\" type=\"text\" name=\"text-918\" \/><\/span><\/label>\n<\/p>\n<p><label> Ost (antal)<br \/>\n<span class=\"wpcf7-form-control-wrap\" data-name=\"text-433\"><input size=\"40\" maxlength=\"400\" class=\"wpcf7-form-control wpcf7-text\" id=\"juusto\" aria-invalid=\"false\" value=\"\" type=\"text\" name=\"text-433\" \/><\/span><\/label>\n<\/p>\n<p><label> Annan fyllning (antal samt \u00f6nskad fyllning)<br \/>\n<span class=\"wpcf7-form-control-wrap\" data-name=\"text-761\"><input size=\"40\" maxlength=\"400\" class=\"wpcf7-form-control wpcf7-text\" id=\"muutyte\" aria-invalid=\"false\" value=\"\" type=\"text\" name=\"text-761\" \/><\/span><\/label>\n<\/p>\n<p>&nbsp;\n<\/p>\n<p><img decoding=\"async\" src=\"http:\/\/www.kajforsblom.fi\/wp-content\/uploads\/2020\/01\/korvapuusti.jpg\" \/>\n<\/p>\n<h4>Jag best\u00e4ller bullar enligt f\u00f6ljande\n<\/h4>\n<p><label> Bulle med sm\u00f6r\u00f6ga (antal)<br \/>\n<span class=\"wpcf7-form-control-wrap\" data-name=\"text-300\"><input size=\"40\" maxlength=\"400\" class=\"wpcf7-form-control wpcf7-text\" id=\"voisilm\" aria-invalid=\"false\" value=\"\" type=\"text\" name=\"text-300\" \/><\/span><\/label>\n<\/p>\n<p><label> Kanelbulle (finlandssvenska \u00f6rfilsbulle) (antal)<br \/>\n<span class=\"wpcf7-form-control-wrap\" data-name=\"text-641\"><input size=\"40\" maxlength=\"400\" class=\"wpcf7-form-control wpcf7-text\" id=\"korvapuusti\" aria-invalid=\"false\" value=\"\" type=\"text\" name=\"text-641\" \/><\/span><\/label>\n<\/p>\n<p>&nbsp;\n<\/p>\n<p><label>\u00d6vriga \u00f6nskem\u00e5l, matallergier etc:<br \/>\n<span class=\"wpcf7-form-control-wrap\" data-name=\"your-message\"><textarea cols=\"40\" rows=\"10\" maxlength=\"2000\" class=\"wpcf7-form-control wpcf7-textarea\" aria-invalid=\"false\" name=\"your-message\"><\/textarea><\/span> <\/label>\n<\/p>\n<p><input class=\"wpcf7-form-control wpcf7-submit has-spinner\" type=\"submit\" value=\"Skicka\" \/>\n<\/p><div class=\"wpcf7-response-output\" aria-hidden=\"true\"><\/div>\n<\/form>\n<\/div>\n\n<\/div><\/div><\/div><\/div><\/div>","protected":false},"excerpt":{"rendered":"<p>Under resan kan ni njuta av \u00e5ngande kaffe eller te, tillsammans med fylld semla, bulle, \u00f6rfil eller sallad. Laktosfria samt glutenfria alternativ finns att f\u00e5 p\u00e5 beg\u00e4ran. Kaj Forsbloms f\u00e4rdkostp\u00e5sar &hellip; <a class=\"kt-excerpt-readmore more-link\" href=\"https:\/\/www.kajforsblom.fi\/sv\/bussar\/bestall-fardkost\/\" aria-label=\"Best\u00e4ll f\u00e4rdkost\">\u00bb<\/a><\/p>\n","protected":false},"author":1,"featured_media":0,"parent":8391,"menu_order":0,"comment_status":"closed","ping_status":"closed","template":"","meta":{"footnotes":""},"class_list":["post-8371","page","type-page","status-publish","hentry"],"yoast_head":"<!-- This site is optimized with the Yoast SEO plugin v27.3 - https:\/\/yoast.com\/product\/yoast-seo-wordpress\/ -->\n<title>Best\u00e4ll f\u00e4rdkost - Porvoo Tours - researrang\u00f6r<\/title>\n<meta name=\"description\" content=\"Tilaa matkaev\u00e4\u00e4t bussimatkaanne.\" \/>\n<meta name=\"robots\" content=\"index, follow, max-snippet:-1, max-image-preview:large, max-video-preview:-1\" \/>\n<link rel=\"canonical\" href=\"https:\/\/www.kajforsblom.fi\/sv\/bussar\/bestall-fardkost\/\" \/>\n<meta property=\"og:locale\" content=\"sv_SE\" \/>\n<meta property=\"og:type\" content=\"article\" \/>\n<meta property=\"og:title\" content=\"Best\u00e4ll f\u00e4rdkost - Porvoo Tours - researrang\u00f6r\" \/>\n<meta property=\"og:description\" content=\"Tilaa matkaev\u00e4\u00e4t bussimatkaanne.\" \/>\n<meta property=\"og:url\" content=\"https:\/\/www.kajforsblom.fi\/sv\/bussar\/bestall-fardkost\/\" \/>\n<meta property=\"og:site_name\" content=\"Porvoo Tours - researrang\u00f6r\" \/>\n<meta property=\"article:publisher\" content=\"https:\/\/www.facebook.com\/oykajforsblomab\/\" \/>\n<meta property=\"article:modified_time\" content=\"2020-01-22T10:04:03+00:00\" \/>\n<meta property=\"og:image\" content=\"http:\/\/www.kajforsblom.fi\/wp-content\/uploads\/2020\/01\/juomat.jpg\" \/>\n<meta name=\"twitter:card\" content=\"summary_large_image\" \/>\n<meta name=\"twitter:label1\" content=\"Ber\u00e4knad l\u00e4stid\" \/>\n\t<meta name=\"twitter:data1\" content=\"1 minut\" \/>\n<script type=\"application\/ld+json\" class=\"yoast-schema-graph\">{\"@context\":\"https:\\\/\\\/schema.org\",\"@graph\":[{\"@type\":\"WebPage\",\"@id\":\"https:\\\/\\\/www.kajforsblom.fi\\\/sv\\\/bussar\\\/bestall-fardkost\\\/\",\"url\":\"https:\\\/\\\/www.kajforsblom.fi\\\/sv\\\/bussar\\\/bestall-fardkost\\\/\",\"name\":\"Best\u00e4ll f\u00e4rdkost - Porvoo Tours - researrang\u00f6r\",\"isPartOf\":{\"@id\":\"https:\\\/\\\/www.kajforsblom.fi\\\/#website\"},\"primaryImageOfPage\":{\"@id\":\"https:\\\/\\\/www.kajforsblom.fi\\\/sv\\\/bussar\\\/bestall-fardkost\\\/#primaryimage\"},\"image\":{\"@id\":\"https:\\\/\\\/www.kajforsblom.fi\\\/sv\\\/bussar\\\/bestall-fardkost\\\/#primaryimage\"},\"thumbnailUrl\":\"http:\\\/\\\/www.kajforsblom.fi\\\/wp-content\\\/uploads\\\/2020\\\/01\\\/juomat.jpg\",\"datePublished\":\"2020-01-06T18:33:03+00:00\",\"dateModified\":\"2020-01-22T10:04:03+00:00\",\"description\":\"Tilaa matkaev\u00e4\u00e4t bussimatkaanne.\",\"breadcrumb\":{\"@id\":\"https:\\\/\\\/www.kajforsblom.fi\\\/sv\\\/bussar\\\/bestall-fardkost\\\/#breadcrumb\"},\"inLanguage\":\"sv-SE\",\"potentialAction\":[{\"@type\":\"ReadAction\",\"target\":[\"https:\\\/\\\/www.kajforsblom.fi\\\/sv\\\/bussar\\\/bestall-fardkost\\\/\"]}]},{\"@type\":\"ImageObject\",\"inLanguage\":\"sv-SE\",\"@id\":\"https:\\\/\\\/www.kajforsblom.fi\\\/sv\\\/bussar\\\/bestall-fardkost\\\/#primaryimage\",\"url\":\"http:\\\/\\\/www.kajforsblom.fi\\\/wp-content\\\/uploads\\\/2020\\\/01\\\/juomat.jpg\",\"contentUrl\":\"http:\\\/\\\/www.kajforsblom.fi\\\/wp-content\\\/uploads\\\/2020\\\/01\\\/juomat.jpg\"},{\"@type\":\"BreadcrumbList\",\"@id\":\"https:\\\/\\\/www.kajforsblom.fi\\\/sv\\\/bussar\\\/bestall-fardkost\\\/#breadcrumb\",\"itemListElement\":[{\"@type\":\"ListItem\",\"position\":1,\"name\":\"Home\",\"item\":\"https:\\\/\\\/www.kajforsblom.fi\\\/sv\\\/\"},{\"@type\":\"ListItem\",\"position\":2,\"name\":\"Bussar\",\"item\":\"https:\\\/\\\/www.kajforsblom.fi\\\/sv\\\/bussar\\\/\"},{\"@type\":\"ListItem\",\"position\":3,\"name\":\"Best\u00e4ll f\u00e4rdkost\"}]},{\"@type\":\"WebSite\",\"@id\":\"https:\\\/\\\/www.kajforsblom.fi\\\/#website\",\"url\":\"https:\\\/\\\/www.kajforsblom.fi\\\/\",\"name\":\"tilausbussi Kaj Forsblom best\u00e4llningsbuss\",\"description\":\"bussi Helsinki, Sipoo, Porvoo, Loviisa - Buss Helsingfors, Sibbo, Borg\u00e5, Lovisa\",\"publisher\":{\"@id\":\"https:\\\/\\\/www.kajforsblom.fi\\\/#organization\"},\"potentialAction\":[{\"@type\":\"SearchAction\",\"target\":{\"@type\":\"EntryPoint\",\"urlTemplate\":\"https:\\\/\\\/www.kajforsblom.fi\\\/?s={search_term_string}\"},\"query-input\":{\"@type\":\"PropertyValueSpecification\",\"valueRequired\":true,\"valueName\":\"search_term_string\"}}],\"inLanguage\":\"sv-SE\"},{\"@type\":\"Organization\",\"@id\":\"https:\\\/\\\/www.kajforsblom.fi\\\/#organization\",\"name\":\"Kaj Forsblom\",\"url\":\"https:\\\/\\\/www.kajforsblom.fi\\\/\",\"logo\":{\"@type\":\"ImageObject\",\"inLanguage\":\"sv-SE\",\"@id\":\"https:\\\/\\\/www.kajforsblom.fi\\\/#\\\/schema\\\/logo\\\/image\\\/\",\"url\":\"\",\"contentUrl\":\"\",\"caption\":\"Kaj Forsblom\"},\"image\":{\"@id\":\"https:\\\/\\\/www.kajforsblom.fi\\\/#\\\/schema\\\/logo\\\/image\\\/\"},\"sameAs\":[\"https:\\\/\\\/www.facebook.com\\\/oykajforsblomab\\\/\",\"https:\\\/\\\/www.instagram.com\\\/oykajforsblomab_\\\/?hl=fihttps:\\\/\\\/www.instagram.com\\\/kajforsblom_lost_found\\\/\"]}]}<\/script>\n<!-- \/ Yoast SEO plugin. -->","yoast_head_json":{"title":"Best\u00e4ll f\u00e4rdkost - Porvoo Tours - researrang\u00f6r","description":"Tilaa matkaev\u00e4\u00e4t bussimatkaanne.","robots":{"index":"index","follow":"follow","max-snippet":"max-snippet:-1","max-image-preview":"max-image-preview:large","max-video-preview":"max-video-preview:-1"},"canonical":"https:\/\/www.kajforsblom.fi\/sv\/bussar\/bestall-fardkost\/","og_locale":"sv_SE","og_type":"article","og_title":"Best\u00e4ll f\u00e4rdkost - Porvoo Tours - researrang\u00f6r","og_description":"Tilaa matkaev\u00e4\u00e4t bussimatkaanne.","og_url":"https:\/\/www.kajforsblom.fi\/sv\/bussar\/bestall-fardkost\/","og_site_name":"Porvoo Tours - researrang\u00f6r","article_publisher":"https:\/\/www.facebook.com\/oykajforsblomab\/","article_modified_time":"2020-01-22T10:04:03+00:00","og_image":[{"url":"http:\/\/www.kajforsblom.fi\/wp-content\/uploads\/2020\/01\/juomat.jpg","type":"","width":"","height":""}],"twitter_card":"summary_large_image","twitter_misc":{"Ber\u00e4knad l\u00e4stid":"1 minut"},"schema":{"@context":"https:\/\/schema.org","@graph":[{"@type":"WebPage","@id":"https:\/\/www.kajforsblom.fi\/sv\/bussar\/bestall-fardkost\/","url":"https:\/\/www.kajforsblom.fi\/sv\/bussar\/bestall-fardkost\/","name":"Best\u00e4ll f\u00e4rdkost - Porvoo Tours - researrang\u00f6r","isPartOf":{"@id":"https:\/\/www.kajforsblom.fi\/#website"},"primaryImageOfPage":{"@id":"https:\/\/www.kajforsblom.fi\/sv\/bussar\/bestall-fardkost\/#primaryimage"},"image":{"@id":"https:\/\/www.kajforsblom.fi\/sv\/bussar\/bestall-fardkost\/#primaryimage"},"thumbnailUrl":"http:\/\/www.kajforsblom.fi\/wp-content\/uploads\/2020\/01\/juomat.jpg","datePublished":"2020-01-06T18:33:03+00:00","dateModified":"2020-01-22T10:04:03+00:00","description":"Tilaa matkaev\u00e4\u00e4t bussimatkaanne.","breadcrumb":{"@id":"https:\/\/www.kajforsblom.fi\/sv\/bussar\/bestall-fardkost\/#breadcrumb"},"inLanguage":"sv-SE","potentialAction":[{"@type":"ReadAction","target":["https:\/\/www.kajforsblom.fi\/sv\/bussar\/bestall-fardkost\/"]}]},{"@type":"ImageObject","inLanguage":"sv-SE","@id":"https:\/\/www.kajforsblom.fi\/sv\/bussar\/bestall-fardkost\/#primaryimage","url":"http:\/\/www.kajforsblom.fi\/wp-content\/uploads\/2020\/01\/juomat.jpg","contentUrl":"http:\/\/www.kajforsblom.fi\/wp-content\/uploads\/2020\/01\/juomat.jpg"},{"@type":"BreadcrumbList","@id":"https:\/\/www.kajforsblom.fi\/sv\/bussar\/bestall-fardkost\/#breadcrumb","itemListElement":[{"@type":"ListItem","position":1,"name":"Home","item":"https:\/\/www.kajforsblom.fi\/sv\/"},{"@type":"ListItem","position":2,"name":"Bussar","item":"https:\/\/www.kajforsblom.fi\/sv\/bussar\/"},{"@type":"ListItem","position":3,"name":"Best\u00e4ll f\u00e4rdkost"}]},{"@type":"WebSite","@id":"https:\/\/www.kajforsblom.fi\/#website","url":"https:\/\/www.kajforsblom.fi\/","name":"tilausbussi Kaj Forsblom best\u00e4llningsbuss","description":"bussi Helsinki, Sipoo, Porvoo, Loviisa - Buss Helsingfors, Sibbo, Borg\u00e5, Lovisa","publisher":{"@id":"https:\/\/www.kajforsblom.fi\/#organization"},"potentialAction":[{"@type":"SearchAction","target":{"@type":"EntryPoint","urlTemplate":"https:\/\/www.kajforsblom.fi\/?s={search_term_string}"},"query-input":{"@type":"PropertyValueSpecification","valueRequired":true,"valueName":"search_term_string"}}],"inLanguage":"sv-SE"},{"@type":"Organization","@id":"https:\/\/www.kajforsblom.fi\/#organization","name":"Kaj Forsblom","url":"https:\/\/www.kajforsblom.fi\/","logo":{"@type":"ImageObject","inLanguage":"sv-SE","@id":"https:\/\/www.kajforsblom.fi\/#\/schema\/logo\/image\/","url":"","contentUrl":"","caption":"Kaj Forsblom"},"image":{"@id":"https:\/\/www.kajforsblom.fi\/#\/schema\/logo\/image\/"},"sameAs":["https:\/\/www.facebook.com\/oykajforsblomab\/","https:\/\/www.instagram.com\/oykajforsblomab_\/?hl=fihttps:\/\/www.instagram.com\/kajforsblom_lost_found\/"]}]}},"_links":{"self":[{"href":"https:\/\/www.kajforsblom.fi\/sv\/wp-json\/wp\/v2\/pages\/8371","targetHints":{"allow":["GET"]}}],"collection":[{"href":"https:\/\/www.kajforsblom.fi\/sv\/wp-json\/wp\/v2\/pages"}],"about":[{"href":"https:\/\/www.kajforsblom.fi\/sv\/wp-json\/wp\/v2\/types\/page"}],"author":[{"embeddable":true,"href":"https:\/\/www.kajforsblom.fi\/sv\/wp-json\/wp\/v2\/users\/1"}],"replies":[{"embeddable":true,"href":"https:\/\/www.kajforsblom.fi\/sv\/wp-json\/wp\/v2\/comments?post=8371"}],"version-history":[{"count":0,"href":"https:\/\/www.kajforsblom.fi\/sv\/wp-json\/wp\/v2\/pages\/8371\/revisions"}],"up":[{"embeddable":true,"href":"https:\/\/www.kajforsblom.fi\/sv\/wp-json\/wp\/v2\/pages\/8391"}],"wp:attachment":[{"href":"https:\/\/www.kajforsblom.fi\/sv\/wp-json\/wp\/v2\/media?parent=8371"}],"curies":[{"name":"wp","href":"https:\/\/api.w.org\/{rel}","templated":true}]}}