{"id":8570,"date":"2019-02-14T19:52:44","date_gmt":"2019-02-14T19:52:44","guid":{"rendered":"https:\/\/www.kajforsblom.fi\/meista-kaj-forsblom-oy-ab\/"},"modified":"2024-09-16T13:56:09","modified_gmt":"2024-09-16T11:56:09","slug":"om-oss-kaj-forsblom-oy-ab","status":"publish","type":"page","link":"https:\/\/www.kajforsblom.fi\/sv\/om-oss-kaj-forsblom-oy-ab\/","title":{"rendered":"Om oss &#8211; Kaj Forsblom Oy Ab"},"content":{"rendered":"<div id=\"pl-8570\"  class=\"panel-layout\" ><div id=\"pg-8570-0\"  class=\"panel-grid panel-no-style\" ><div id=\"pgc-8570-0-0\"  class=\"panel-grid-cell\" >\n\n        <div id=\"panel-8570-0-0-0\" class=\"so-panel widget widget_kadence_calltoaction_widget kadence_calltoaction_widget panel-first-child panel-last-child\" data-index=\"0\" ><div class=\"kt-ctaw clearfix\"><h2 class=\"kt-call-to-action-title\" style=\"color:#333333; font-size:50px; line-height:1; text-align:center; \"  data-max-size=\"50\" data-min-size=\"36\">KAJ <B>FORSBLOM<\/B><\/h2><\/div><\/div>\n    <\/div><\/div><div id=\"pg-8570-1\"  class=\"panel-grid panel-no-style\" ><div id=\"pgc-8570-1-0\"  class=\"panel-grid-cell\" ><div id=\"panel-8570-1-0-0\" class=\"so-panel widget widget_black-studio-tinymce widget_black_studio_tinymce panel-first-child panel-last-child\" data-index=\"1\" ><div class=\"textwidget\"><p>Oy Kaj Forsblom Ab \u00e4r ett familje\u00e4gt bussbolag med l\u00e5nga anor. Startskottet gick \u00e5r 1922, d\u00e5 Werner Henriksson som jobbade som droskf\u00f6rare \u00e5t sin far August k\u00f6pte en Harley Davidson motorcykel med sidovagn. Redan f\u00f6ljande \u00e5r skaffade han en N.A.G. personbil f\u00f6r taxibruk. Den f\u00f6rsta bussen k\u00f6ptes \u00e5r 1931 f\u00f6r linjetrafik mellan Borg\u00e5 och Vess\u00f6. Efter det expanderade verksamheten stadigt och d\u00e5 bolaget var som st\u00f6rst i slutet av 1980-talet sk\u00f6ttes trafiken med \u00f6ver 20 bussar. Werners sv\u00e4rson Kaj Forsblom kom med i f\u00f6retaget p\u00e5 1960-talet och blev efter Werners bortg\u00e5ng \u00e5r 1977 VD f\u00f6r bolaget Oy Werner Henriksson Ab. \u00c5r 1990 grundade Kaj Forsblom ett eget bussbolag som i dag har elva bussar och leds av sonen Henrik Forsblom.<\/p>\n<h4>Med Finland och Europa som arbetsf\u00e4lt<\/h4>\n<p>Vi \u00e4r specialiserade p\u00e5 best\u00e4llningstrafik och har gedigen erfarenhet av att ordna bussresor i Finland men ocks\u00e5 i de \u00f6vriga nordiska l\u00e4nderna, Baltikum och Europa. Vi str\u00e4var efter att ge varje kund personlig och h\u00f6gklassig service redan under resans planeringsskede. En lyckad resa \u00e4r skr\u00e4ddarsydd enligt gruppens \u00f6nskem\u00e5l och h\u00e5ller m\u00e5ttet fr\u00e5n avresa till ankomst!<\/p>\n<h4>L\u00e4tt att leva upp till v\u00e5r kvalitetspolicy<\/h4>\n<p>V\u00e5ra k\u00e4rnv\u00e4rden \u00e4r kvalitet, p\u00e5litlighet och s\u00e4kerhet. Vi vill ocks\u00e5 v\u00e4rna om milj\u00f6n och \u00e4r stolta \u00f6ver att kunna st\u00e5 till tj\u00e4nst med nya, moderna bussar som uppfyller de senaste milj\u00f6- och s\u00e4kerhetskraven.<\/p>\n<p>&nbsp;<\/p>\n<\/div><\/div><\/div><div id=\"pgc-8570-1-1\"  class=\"panel-grid-cell\" ><div id=\"panel-8570-1-1-0\" class=\"so-panel widget widget_kadence_about_with_image kadence_about_with_image panel-first-child\" data-index=\"2\" ><div class=\"kad_img_upload_widget kt-shape-type-kt-image-shape-standard kt-image-align-left kt-image-widget-widget-1-1-0\"><a href=\"http:\/\/www.kajforsblom.fi\/wp-content\/uploads\/2020\/01\/forsblom_historik_02.jpg\" rel=\"lightbox\"><div class=\"kt-image-contain kt-image-shadow-none kt-image-shape-standard\"><div class=\"kt-image-inner-contain\"><img decoding=\"async\" width=\"380\" height=\"292\" src=\"https:\/\/www.kajforsblom.fi\/wp-content\/uploads\/2020\/01\/forsblom_historik_02.jpg\" class=\"attachment-full size-full\" alt=\"Kaj Forsblom moottoripy\u00f6r\u00e4 sivuvaunulla\" srcset=\"https:\/\/www.kajforsblom.fi\/wp-content\/uploads\/2020\/01\/forsblom_historik_02.jpg 380w, https:\/\/www.kajforsblom.fi\/wp-content\/uploads\/2020\/01\/forsblom_historik_02-300x231.jpg 300w\" sizes=\"(max-width: 380px) 100vw, 380px\" \/><\/div><\/div><\/a><\/div><\/div><div id=\"panel-8570-1-1-1\" class=\"so-panel widget widget_kadence_about_with_image kadence_about_with_image\" data-index=\"3\" ><div class=\"kad_img_upload_widget kt-shape-type-kt-image-shape-standard kt-image-align-left kt-image-widget-widget-1-1-1\"><a href=\"http:\/\/www.kajforsblom.fi\/wp-content\/uploads\/2020\/01\/forsblom_historik_07.jpg\" rel=\"lightbox\"><div class=\"kt-image-contain kt-image-shadow-none kt-image-shape-standard\"><div class=\"kt-image-inner-contain\"><img decoding=\"async\" width=\"380\" height=\"244\" src=\"https:\/\/www.kajforsblom.fi\/wp-content\/uploads\/2020\/01\/forsblom_historik_07.jpg\" class=\"attachment-full size-full\" alt=\"Kaj Forsblom arkistokuva\" srcset=\"https:\/\/www.kajforsblom.fi\/wp-content\/uploads\/2020\/01\/forsblom_historik_07.jpg 380w, https:\/\/www.kajforsblom.fi\/wp-content\/uploads\/2020\/01\/forsblom_historik_07-300x193.jpg 300w\" sizes=\"(max-width: 380px) 100vw, 380px\" \/><\/div><\/div><\/a><\/div><\/div><div id=\"panel-8570-1-1-2\" class=\"so-panel widget widget_kadence_about_with_image kadence_about_with_image panel-last-child\" data-index=\"4\" ><div class=\"kad_img_upload_widget kt-shape-type-kt-image-shape-standard kt-image-align-left kt-image-widget-widget-1-1-2\"><a href=\"http:\/\/www.kajforsblom.fi\/wp-content\/uploads\/2020\/01\/forsblom_historik_08.jpg\" rel=\"lightbox\"><div class=\"kt-image-contain kt-image-shadow-none kt-image-shape-standard\"><div class=\"kt-image-inner-contain\"><img decoding=\"async\" width=\"380\" height=\"259\" src=\"https:\/\/www.kajforsblom.fi\/wp-content\/uploads\/2020\/01\/forsblom_historik_08.jpg\" class=\"attachment-full size-full\" alt=\"Kaj Forsblom vanha bussi arkistokuva\" srcset=\"https:\/\/www.kajforsblom.fi\/wp-content\/uploads\/2020\/01\/forsblom_historik_08.jpg 380w, https:\/\/www.kajforsblom.fi\/wp-content\/uploads\/2020\/01\/forsblom_historik_08-300x204.jpg 300w\" sizes=\"(max-width: 380px) 100vw, 380px\" \/><\/div><\/div><\/a><\/div><\/div><\/div><\/div><\/div>","protected":false},"excerpt":{"rendered":"<p>Oy Kaj Forsblom Ab \u00e4r ett familje\u00e4gt bussbolag med l\u00e5nga anor. Startskottet gick \u00e5r 1922, d\u00e5 Werner Henriksson som jobbade som droskf\u00f6rare \u00e5t sin far August k\u00f6pte en Harley Davidson &hellip; <a class=\"kt-excerpt-readmore more-link\" href=\"https:\/\/www.kajforsblom.fi\/sv\/om-oss-kaj-forsblom-oy-ab\/\" aria-label=\"Om oss &#8211; Kaj Forsblom Oy Ab\">\u00bb<\/a><\/p>\n","protected":false},"author":1,"featured_media":0,"parent":0,"menu_order":0,"comment_status":"closed","ping_status":"closed","template":"","meta":{"footnotes":""},"class_list":["post-8570","page","type-page","status-publish","hentry"],"yoast_head":"<!-- This site is optimized with the Yoast SEO plugin v27.3 - https:\/\/yoast.com\/product\/yoast-seo-wordpress\/ -->\n<title>Om oss - Kaj Forsblom Oy Ab - Porvoo Tours - researrang\u00f6r<\/title>\n<meta name=\"description\" content=\"Kaj Forsblom Oy Ab har l\u00e5ng erfarenhet att arrangera bussresor i Finland, Norden, Baltiska l\u00e4nder och i \u00f6vriga Europa. V\u00e5ra bussar \u00e4r moderna och trygga.\" \/>\n<meta name=\"robots\" content=\"index, follow, max-snippet:-1, max-image-preview:large, max-video-preview:-1\" \/>\n<link rel=\"canonical\" href=\"https:\/\/www.kajforsblom.fi\/sv\/om-oss-kaj-forsblom-oy-ab\/\" \/>\n<meta property=\"og:locale\" content=\"sv_SE\" \/>\n<meta property=\"og:type\" content=\"article\" \/>\n<meta property=\"og:title\" content=\"Om oss - Kaj Forsblom Oy Ab - Porvoo Tours - researrang\u00f6r\" \/>\n<meta property=\"og:description\" content=\"Kaj Forsblom Oy Ab har l\u00e5ng erfarenhet att arrangera bussresor i Finland, Norden, Baltiska l\u00e4nder och i \u00f6vriga Europa. V\u00e5ra bussar \u00e4r moderna och trygga.\" \/>\n<meta property=\"og:url\" content=\"https:\/\/www.kajforsblom.fi\/sv\/om-oss-kaj-forsblom-oy-ab\/\" \/>\n<meta property=\"og:site_name\" content=\"Porvoo Tours - researrang\u00f6r\" \/>\n<meta property=\"article:publisher\" content=\"https:\/\/www.facebook.com\/oykajforsblomab\/\" \/>\n<meta property=\"article:modified_time\" content=\"2024-09-16T11:56:09+00:00\" \/>\n<meta name=\"twitter:card\" content=\"summary_large_image\" \/>\n<meta name=\"twitter:label1\" content=\"Ber\u00e4knad l\u00e4stid\" \/>\n\t<meta name=\"twitter:data1\" content=\"2 minuter\" \/>\n<script type=\"application\/ld+json\" class=\"yoast-schema-graph\">{\"@context\":\"https:\\\/\\\/schema.org\",\"@graph\":[{\"@type\":\"WebPage\",\"@id\":\"https:\\\/\\\/www.kajforsblom.fi\\\/sv\\\/om-oss-kaj-forsblom-oy-ab\\\/\",\"url\":\"https:\\\/\\\/www.kajforsblom.fi\\\/sv\\\/om-oss-kaj-forsblom-oy-ab\\\/\",\"name\":\"Om oss - Kaj Forsblom Oy Ab - Porvoo Tours - researrang\u00f6r\",\"isPartOf\":{\"@id\":\"https:\\\/\\\/www.kajforsblom.fi\\\/#website\"},\"datePublished\":\"2019-02-14T19:52:44+00:00\",\"dateModified\":\"2024-09-16T11:56:09+00:00\",\"description\":\"Kaj Forsblom Oy Ab har l\u00e5ng erfarenhet att arrangera bussresor i Finland, Norden, Baltiska l\u00e4nder och i \u00f6vriga Europa. V\u00e5ra bussar \u00e4r moderna och trygga.\",\"breadcrumb\":{\"@id\":\"https:\\\/\\\/www.kajforsblom.fi\\\/sv\\\/om-oss-kaj-forsblom-oy-ab\\\/#breadcrumb\"},\"inLanguage\":\"sv-SE\",\"potentialAction\":[{\"@type\":\"ReadAction\",\"target\":[\"https:\\\/\\\/www.kajforsblom.fi\\\/sv\\\/om-oss-kaj-forsblom-oy-ab\\\/\"]}]},{\"@type\":\"BreadcrumbList\",\"@id\":\"https:\\\/\\\/www.kajforsblom.fi\\\/sv\\\/om-oss-kaj-forsblom-oy-ab\\\/#breadcrumb\",\"itemListElement\":[{\"@type\":\"ListItem\",\"position\":1,\"name\":\"Home\",\"item\":\"https:\\\/\\\/www.kajforsblom.fi\\\/sv\\\/\"},{\"@type\":\"ListItem\",\"position\":2,\"name\":\"Om oss &#8211; Kaj Forsblom Oy Ab\"}]},{\"@type\":\"WebSite\",\"@id\":\"https:\\\/\\\/www.kajforsblom.fi\\\/#website\",\"url\":\"https:\\\/\\\/www.kajforsblom.fi\\\/\",\"name\":\"tilausbussi Kaj Forsblom best\u00e4llningsbuss\",\"description\":\"bussi Helsinki, Sipoo, Porvoo, Loviisa - Buss Helsingfors, Sibbo, Borg\u00e5, Lovisa\",\"publisher\":{\"@id\":\"https:\\\/\\\/www.kajforsblom.fi\\\/#organization\"},\"potentialAction\":[{\"@type\":\"SearchAction\",\"target\":{\"@type\":\"EntryPoint\",\"urlTemplate\":\"https:\\\/\\\/www.kajforsblom.fi\\\/?s={search_term_string}\"},\"query-input\":{\"@type\":\"PropertyValueSpecification\",\"valueRequired\":true,\"valueName\":\"search_term_string\"}}],\"inLanguage\":\"sv-SE\"},{\"@type\":\"Organization\",\"@id\":\"https:\\\/\\\/www.kajforsblom.fi\\\/#organization\",\"name\":\"Kaj Forsblom\",\"url\":\"https:\\\/\\\/www.kajforsblom.fi\\\/\",\"logo\":{\"@type\":\"ImageObject\",\"inLanguage\":\"sv-SE\",\"@id\":\"https:\\\/\\\/www.kajforsblom.fi\\\/#\\\/schema\\\/logo\\\/image\\\/\",\"url\":\"\",\"contentUrl\":\"\",\"caption\":\"Kaj Forsblom\"},\"image\":{\"@id\":\"https:\\\/\\\/www.kajforsblom.fi\\\/#\\\/schema\\\/logo\\\/image\\\/\"},\"sameAs\":[\"https:\\\/\\\/www.facebook.com\\\/oykajforsblomab\\\/\",\"https:\\\/\\\/www.instagram.com\\\/oykajforsblomab_\\\/?hl=fihttps:\\\/\\\/www.instagram.com\\\/kajforsblom_lost_found\\\/\"]}]}<\/script>\n<!-- \/ Yoast SEO plugin. -->","yoast_head_json":{"title":"Om oss - Kaj Forsblom Oy Ab - Porvoo Tours - researrang\u00f6r","description":"Kaj Forsblom Oy Ab har l\u00e5ng erfarenhet att arrangera bussresor i Finland, Norden, Baltiska l\u00e4nder och i \u00f6vriga Europa. V\u00e5ra bussar \u00e4r moderna och trygga.","robots":{"index":"index","follow":"follow","max-snippet":"max-snippet:-1","max-image-preview":"max-image-preview:large","max-video-preview":"max-video-preview:-1"},"canonical":"https:\/\/www.kajforsblom.fi\/sv\/om-oss-kaj-forsblom-oy-ab\/","og_locale":"sv_SE","og_type":"article","og_title":"Om oss - Kaj Forsblom Oy Ab - Porvoo Tours - researrang\u00f6r","og_description":"Kaj Forsblom Oy Ab har l\u00e5ng erfarenhet att arrangera bussresor i Finland, Norden, Baltiska l\u00e4nder och i \u00f6vriga Europa. V\u00e5ra bussar \u00e4r moderna och trygga.","og_url":"https:\/\/www.kajforsblom.fi\/sv\/om-oss-kaj-forsblom-oy-ab\/","og_site_name":"Porvoo Tours - researrang\u00f6r","article_publisher":"https:\/\/www.facebook.com\/oykajforsblomab\/","article_modified_time":"2024-09-16T11:56:09+00:00","twitter_card":"summary_large_image","twitter_misc":{"Ber\u00e4knad l\u00e4stid":"2 minuter"},"schema":{"@context":"https:\/\/schema.org","@graph":[{"@type":"WebPage","@id":"https:\/\/www.kajforsblom.fi\/sv\/om-oss-kaj-forsblom-oy-ab\/","url":"https:\/\/www.kajforsblom.fi\/sv\/om-oss-kaj-forsblom-oy-ab\/","name":"Om oss - Kaj Forsblom Oy Ab - Porvoo Tours - researrang\u00f6r","isPartOf":{"@id":"https:\/\/www.kajforsblom.fi\/#website"},"datePublished":"2019-02-14T19:52:44+00:00","dateModified":"2024-09-16T11:56:09+00:00","description":"Kaj Forsblom Oy Ab har l\u00e5ng erfarenhet att arrangera bussresor i Finland, Norden, Baltiska l\u00e4nder och i \u00f6vriga Europa. V\u00e5ra bussar \u00e4r moderna och trygga.","breadcrumb":{"@id":"https:\/\/www.kajforsblom.fi\/sv\/om-oss-kaj-forsblom-oy-ab\/#breadcrumb"},"inLanguage":"sv-SE","potentialAction":[{"@type":"ReadAction","target":["https:\/\/www.kajforsblom.fi\/sv\/om-oss-kaj-forsblom-oy-ab\/"]}]},{"@type":"BreadcrumbList","@id":"https:\/\/www.kajforsblom.fi\/sv\/om-oss-kaj-forsblom-oy-ab\/#breadcrumb","itemListElement":[{"@type":"ListItem","position":1,"name":"Home","item":"https:\/\/www.kajforsblom.fi\/sv\/"},{"@type":"ListItem","position":2,"name":"Om oss &#8211; Kaj Forsblom Oy Ab"}]},{"@type":"WebSite","@id":"https:\/\/www.kajforsblom.fi\/#website","url":"https:\/\/www.kajforsblom.fi\/","name":"tilausbussi Kaj Forsblom best\u00e4llningsbuss","description":"bussi Helsinki, Sipoo, Porvoo, Loviisa - Buss Helsingfors, Sibbo, Borg\u00e5, Lovisa","publisher":{"@id":"https:\/\/www.kajforsblom.fi\/#organization"},"potentialAction":[{"@type":"SearchAction","target":{"@type":"EntryPoint","urlTemplate":"https:\/\/www.kajforsblom.fi\/?s={search_term_string}"},"query-input":{"@type":"PropertyValueSpecification","valueRequired":true,"valueName":"search_term_string"}}],"inLanguage":"sv-SE"},{"@type":"Organization","@id":"https:\/\/www.kajforsblom.fi\/#organization","name":"Kaj Forsblom","url":"https:\/\/www.kajforsblom.fi\/","logo":{"@type":"ImageObject","inLanguage":"sv-SE","@id":"https:\/\/www.kajforsblom.fi\/#\/schema\/logo\/image\/","url":"","contentUrl":"","caption":"Kaj Forsblom"},"image":{"@id":"https:\/\/www.kajforsblom.fi\/#\/schema\/logo\/image\/"},"sameAs":["https:\/\/www.facebook.com\/oykajforsblomab\/","https:\/\/www.instagram.com\/oykajforsblomab_\/?hl=fihttps:\/\/www.instagram.com\/kajforsblom_lost_found\/"]}]}},"_links":{"self":[{"href":"https:\/\/www.kajforsblom.fi\/sv\/wp-json\/wp\/v2\/pages\/8570","targetHints":{"allow":["GET"]}}],"collection":[{"href":"https:\/\/www.kajforsblom.fi\/sv\/wp-json\/wp\/v2\/pages"}],"about":[{"href":"https:\/\/www.kajforsblom.fi\/sv\/wp-json\/wp\/v2\/types\/page"}],"author":[{"embeddable":true,"href":"https:\/\/www.kajforsblom.fi\/sv\/wp-json\/wp\/v2\/users\/1"}],"replies":[{"embeddable":true,"href":"https:\/\/www.kajforsblom.fi\/sv\/wp-json\/wp\/v2\/comments?post=8570"}],"version-history":[{"count":0,"href":"https:\/\/www.kajforsblom.fi\/sv\/wp-json\/wp\/v2\/pages\/8570\/revisions"}],"wp:attachment":[{"href":"https:\/\/www.kajforsblom.fi\/sv\/wp-json\/wp\/v2\/media?parent=8570"}],"curies":[{"name":"wp","href":"https:\/\/api.w.org\/{rel}","templated":true}]}}