{"id":17559,"date":"2021-12-17T14:58:41","date_gmt":"2021-08-25T09:32:41","guid":{"rendered":"https:\/\/www.kajforsblom.fi\/?post_type=product&#038;p=17559"},"modified":"2024-10-15T14:41:38","modified_gmt":"2024-10-15T12:41:38","slug":"tasting-och-stamningsfulla-borga","status":"publish","type":"product","link":"https:\/\/www.kajforsblom.fi\/sv\/produkt\/tasting-och-stamningsfulla-borga\/","title":{"rendered":"Tasting och st\u00e4mningsfulla Borg\u00e5!"},"content":{"rendered":"<p><strong>Tidtabell f\u00f6rslag:<\/strong><br \/>\nGruppen anl\u00e4nder till Borg\u00e5<br \/>\nkl 12.00 Fritid i Borg\u00e5 gamla stan, shopping och lunch (guidning g\u00e5r att boka som till\u00e4ggsprogram)<br \/>\nkl 16.00 Start utanf\u00f6r RUNO hotellet till Kr\u00e5k\u00f6 Bryggeri<br \/>\nkl 16.30 Bryggeribes\u00f6k och tasting p\u00e5 Kr\u00e5k\u00f6 Bryggeri<br \/>\nkl 18.30 Returtransporten b\u00f6rjar<\/p>\n<p><strong><a href=\"https:\/\/www.porvootours.fi\/sv\/offertbegaran\/begar-offert-gruppresa\/\" target=\"_blank\" rel=\"noopener\">Be om offert<\/a><\/strong><\/p>\n<p>R\u00e4tt till \u00e4ndringar i resans program eller pris f\u00f6rbeh\u00e5lls.<\/p>\n","protected":false},"excerpt":{"rendered":"<h5>Roligt grupp-program f\u00f6r lillajulsfesten,TYKY dagar eller med kompisg\u00e4nget!<\/h5>\n<p>&nbsp;<\/p>\n<p>Njut av en st\u00e4mningsfull dag i Borg\u00e5 och g\u00f6r g\u00e5vo- och delikatessfynd att ta med hem!<\/p>\n<p>Tillbringa en trevlig dag i Borg\u00e5 genom att bekanta dig med gamla stan, njuta av god mat och g\u00f6r uppk\u00f6p i stadens sm\u00e5 mysiga butiker. Som till\u00e4ggsprogram kan du boka en guidning, vilket \u00e4r ett roligt s\u00e4tt att bekanta sig med stadens historia. Guidningen tar 1-1,5 h. Vi rekommenderar ocks\u00e5 g\u00e4rna ett trevligt matst\u00e4lle samt g\u00f6r vid behov bordsbokningar. Dagen kronas av ett bes\u00f6k p\u00e5 Kr\u00e5k\u00f6 bryggeri var vi bekantar oss med \u00f6lbryggeriet,\u00a0 smakar p\u00e5 bryggeriets egna \u00f6l samt njuter av bryggeriets snackfyllda tasting-tallrik.<\/p>\n<p>&nbsp;<\/p>\n<p><strong>Under tastingen:<\/strong><\/p>\n<ul>\n<li>Bryggerirunda samt \u00f6lskola<\/li>\n<li>bekantar vi oss med r\u00e5varorna som anv\u00e4nds vid framst\u00e4llning av \u00f6l<\/li>\n<li>s\u00e4tter oss in i tillverkningsprocessen<\/li>\n<li>l\u00e4r oss hur man bed\u00f6mer \u00f6l<\/li>\n<li>smakar p\u00e5 olika \u00f6lsorter (6 st)<\/li>\n<li>g\u00f6r v\u00e5ra smakpreferenser k\u00e4nsligare med att f\u00f6rena salt och s\u00f6tt<\/li>\n<li>tid ca 2 h<\/li>\n<\/ul>\n<p>Efter bryggeribes\u00f6ket b\u00f6rjar hemresan<\/p>\n<p>Programmet g\u00e5r att f\u00f6rverkligas \u00e5ret runt!<\/p>\n<p>&nbsp;<\/p>\n<p>&nbsp;&hellip; <a class=\"kt-excerpt-readmore more-link\" href=\"https:\/\/www.kajforsblom.fi\/sv\/produkt\/tasting-och-stamningsfulla-borga\/\" aria-label=\"Tasting och st\u00e4mningsfulla Borg\u00e5!\">\u00bb<\/a><\/p>\n","protected":false},"featured_media":24718,"template":"","meta":[],"product_brand":[],"product_cat":[2251,2476,1690],"product_tag":[1795,2150,2164,2165],"class_list":{"0":"post-17559","1":"product","2":"type-product","3":"status-publish","4":"has-post-thumbnail","6":"product_cat-andra-resor","7":"product_cat-dagsresa","8":"product_cat-resa","9":"product_tag-bussresa","10":"product_tag-bussresa-borga","11":"product_tag-krako-bryggeri-sv","12":"product_tag-panimo-porvoo-sv","14":"first","15":"instock","16":"taxable","17":"shipping-taxable","18":"product-type-simple"},"yoast_head":"<!-- This site is optimized with the Yoast SEO plugin v27.3 - https:\/\/yoast.com\/product\/yoast-seo-wordpress\/ -->\n<title>Tasting och st\u00e4mningsfulla Borg\u00e5! - Porvoo Tours - researrang\u00f6r %<\/title>\n<meta name=\"description\" content=\"Upplev Borg\u00e5s idylliska gamla stad med sina sm\u00e5 butiker och restauranger samt \u00f6ltasting p\u00e5 Kr\u00e5k\u00f6. Perfekt program f\u00f6r lillajulsfest, Tykydagar eller komppisg\u00e4ng!\" \/>\n<meta name=\"robots\" content=\"index, follow, max-snippet:-1, max-image-preview:large, max-video-preview:-1\" \/>\n<link rel=\"canonical\" href=\"https:\/\/www.kajforsblom.fi\/sv\/produkt\/tasting-och-stamningsfulla-borga\/\" \/>\n<meta property=\"og:locale\" content=\"sv_SE\" \/>\n<meta property=\"og:type\" content=\"article\" \/>\n<meta property=\"og:title\" content=\"Tasting och st\u00e4mningsfulla Borg\u00e5! - Porvoo Tours - researrang\u00f6r %\" \/>\n<meta property=\"og:description\" content=\"Upplev Borg\u00e5s idylliska gamla stad med sina sm\u00e5 butiker och restauranger samt \u00f6ltasting p\u00e5 Kr\u00e5k\u00f6. Perfekt program f\u00f6r lillajulsfest, Tykydagar eller komppisg\u00e4ng!\" \/>\n<meta property=\"og:url\" content=\"https:\/\/www.kajforsblom.fi\/sv\/produkt\/tasting-och-stamningsfulla-borga\/\" \/>\n<meta property=\"og:site_name\" content=\"Porvoo Tours - researrang\u00f6r\" \/>\n<meta property=\"article:publisher\" content=\"https:\/\/www.facebook.com\/oykajforsblomab\/\" \/>\n<meta property=\"article:modified_time\" content=\"2024-10-15T12:41:38+00:00\" \/>\n<meta property=\"og:image\" content=\"https:\/\/www.kajforsblom.fi\/wp-content\/uploads\/2021\/12\/stadsbild-768x513-1.jpg\" \/>\n\t<meta property=\"og:image:width\" content=\"768\" \/>\n\t<meta property=\"og:image:height\" content=\"513\" \/>\n\t<meta property=\"og:image:type\" content=\"image\/jpeg\" \/>\n<meta name=\"twitter:card\" content=\"summary_large_image\" \/>\n<meta name=\"twitter:label1\" content=\"Ber\u00e4knad l\u00e4stid\" \/>\n\t<meta name=\"twitter:data1\" content=\"1 minut\" \/>\n<script type=\"application\/ld+json\" class=\"yoast-schema-graph\">{\"@context\":\"https:\\\/\\\/schema.org\",\"@graph\":[{\"@type\":\"WebPage\",\"@id\":\"https:\\\/\\\/www.kajforsblom.fi\\\/sv\\\/produkt\\\/tasting-och-stamningsfulla-borga\\\/\",\"url\":\"https:\\\/\\\/www.kajforsblom.fi\\\/sv\\\/produkt\\\/tasting-och-stamningsfulla-borga\\\/\",\"name\":\"Tasting och st\u00e4mningsfulla Borg\u00e5! - Porvoo Tours - researrang\u00f6r %\",\"isPartOf\":{\"@id\":\"https:\\\/\\\/www.kajforsblom.fi\\\/#website\"},\"primaryImageOfPage\":{\"@id\":\"https:\\\/\\\/www.kajforsblom.fi\\\/sv\\\/produkt\\\/tasting-och-stamningsfulla-borga\\\/#primaryimage\"},\"image\":{\"@id\":\"https:\\\/\\\/www.kajforsblom.fi\\\/sv\\\/produkt\\\/tasting-och-stamningsfulla-borga\\\/#primaryimage\"},\"thumbnailUrl\":\"https:\\\/\\\/www.kajforsblom.fi\\\/wp-content\\\/uploads\\\/2021\\\/12\\\/stadsbild-768x513-1.jpg\",\"datePublished\":\"2021-08-25T09:32:41+00:00\",\"dateModified\":\"2024-10-15T12:41:38+00:00\",\"description\":\"Upplev Borg\u00e5s idylliska gamla stad med sina sm\u00e5 butiker och restauranger samt \u00f6ltasting p\u00e5 Kr\u00e5k\u00f6. Perfekt program f\u00f6r lillajulsfest, Tykydagar eller komppisg\u00e4ng!\",\"breadcrumb\":{\"@id\":\"https:\\\/\\\/www.kajforsblom.fi\\\/sv\\\/produkt\\\/tasting-och-stamningsfulla-borga\\\/#breadcrumb\"},\"inLanguage\":\"sv-SE\",\"potentialAction\":[{\"@type\":\"ReadAction\",\"target\":[\"https:\\\/\\\/www.kajforsblom.fi\\\/sv\\\/produkt\\\/tasting-och-stamningsfulla-borga\\\/\"]}]},{\"@type\":\"ImageObject\",\"inLanguage\":\"sv-SE\",\"@id\":\"https:\\\/\\\/www.kajforsblom.fi\\\/sv\\\/produkt\\\/tasting-och-stamningsfulla-borga\\\/#primaryimage\",\"url\":\"https:\\\/\\\/www.kajforsblom.fi\\\/wp-content\\\/uploads\\\/2021\\\/12\\\/stadsbild-768x513-1.jpg\",\"contentUrl\":\"https:\\\/\\\/www.kajforsblom.fi\\\/wp-content\\\/uploads\\\/2021\\\/12\\\/stadsbild-768x513-1.jpg\",\"width\":768,\"height\":513},{\"@type\":\"BreadcrumbList\",\"@id\":\"https:\\\/\\\/www.kajforsblom.fi\\\/sv\\\/produkt\\\/tasting-och-stamningsfulla-borga\\\/#breadcrumb\",\"itemListElement\":[{\"@type\":\"ListItem\",\"position\":1,\"name\":\"Home\",\"item\":\"https:\\\/\\\/www.kajforsblom.fi\\\/sv\\\/\"},{\"@type\":\"ListItem\",\"position\":2,\"name\":\"Kauppa\",\"item\":\"https:\\\/\\\/www.kajforsblom.fi\\\/sv\\\/butik\\\/\"},{\"@type\":\"ListItem\",\"position\":3,\"name\":\"Tasting och st\u00e4mningsfulla Borg\u00e5!\"}]},{\"@type\":\"WebSite\",\"@id\":\"https:\\\/\\\/www.kajforsblom.fi\\\/#website\",\"url\":\"https:\\\/\\\/www.kajforsblom.fi\\\/\",\"name\":\"tilausbussi Kaj Forsblom best\u00e4llningsbuss\",\"description\":\"bussi Helsinki, Sipoo, Porvoo, Loviisa - Buss Helsingfors, Sibbo, Borg\u00e5, Lovisa\",\"publisher\":{\"@id\":\"https:\\\/\\\/www.kajforsblom.fi\\\/#organization\"},\"potentialAction\":[{\"@type\":\"SearchAction\",\"target\":{\"@type\":\"EntryPoint\",\"urlTemplate\":\"https:\\\/\\\/www.kajforsblom.fi\\\/?s={search_term_string}\"},\"query-input\":{\"@type\":\"PropertyValueSpecification\",\"valueRequired\":true,\"valueName\":\"search_term_string\"}}],\"inLanguage\":\"sv-SE\"},{\"@type\":\"Organization\",\"@id\":\"https:\\\/\\\/www.kajforsblom.fi\\\/#organization\",\"name\":\"Kaj Forsblom\",\"url\":\"https:\\\/\\\/www.kajforsblom.fi\\\/\",\"logo\":{\"@type\":\"ImageObject\",\"inLanguage\":\"sv-SE\",\"@id\":\"https:\\\/\\\/www.kajforsblom.fi\\\/#\\\/schema\\\/logo\\\/image\\\/\",\"url\":\"\",\"contentUrl\":\"\",\"caption\":\"Kaj Forsblom\"},\"image\":{\"@id\":\"https:\\\/\\\/www.kajforsblom.fi\\\/#\\\/schema\\\/logo\\\/image\\\/\"},\"sameAs\":[\"https:\\\/\\\/www.facebook.com\\\/oykajforsblomab\\\/\",\"https:\\\/\\\/www.instagram.com\\\/oykajforsblomab_\\\/?hl=fihttps:\\\/\\\/www.instagram.com\\\/kajforsblom_lost_found\\\/\"]}]}<\/script>\n<!-- \/ Yoast SEO plugin. -->","yoast_head_json":{"title":"Tasting och st\u00e4mningsfulla Borg\u00e5! - Porvoo Tours - researrang\u00f6r %","description":"Upplev Borg\u00e5s idylliska gamla stad med sina sm\u00e5 butiker och restauranger samt \u00f6ltasting p\u00e5 Kr\u00e5k\u00f6. Perfekt program f\u00f6r lillajulsfest, Tykydagar eller komppisg\u00e4ng!","robots":{"index":"index","follow":"follow","max-snippet":"max-snippet:-1","max-image-preview":"max-image-preview:large","max-video-preview":"max-video-preview:-1"},"canonical":"https:\/\/www.kajforsblom.fi\/sv\/produkt\/tasting-och-stamningsfulla-borga\/","og_locale":"sv_SE","og_type":"article","og_title":"Tasting och st\u00e4mningsfulla Borg\u00e5! - Porvoo Tours - researrang\u00f6r %","og_description":"Upplev Borg\u00e5s idylliska gamla stad med sina sm\u00e5 butiker och restauranger samt \u00f6ltasting p\u00e5 Kr\u00e5k\u00f6. Perfekt program f\u00f6r lillajulsfest, Tykydagar eller komppisg\u00e4ng!","og_url":"https:\/\/www.kajforsblom.fi\/sv\/produkt\/tasting-och-stamningsfulla-borga\/","og_site_name":"Porvoo Tours - researrang\u00f6r","article_publisher":"https:\/\/www.facebook.com\/oykajforsblomab\/","article_modified_time":"2024-10-15T12:41:38+00:00","og_image":[{"width":768,"height":513,"url":"https:\/\/www.kajforsblom.fi\/wp-content\/uploads\/2021\/12\/stadsbild-768x513-1.jpg","type":"image\/jpeg"}],"twitter_card":"summary_large_image","twitter_misc":{"Ber\u00e4knad l\u00e4stid":"1 minut"},"schema":{"@context":"https:\/\/schema.org","@graph":[{"@type":"WebPage","@id":"https:\/\/www.kajforsblom.fi\/sv\/produkt\/tasting-och-stamningsfulla-borga\/","url":"https:\/\/www.kajforsblom.fi\/sv\/produkt\/tasting-och-stamningsfulla-borga\/","name":"Tasting och st\u00e4mningsfulla Borg\u00e5! - Porvoo Tours - researrang\u00f6r %","isPartOf":{"@id":"https:\/\/www.kajforsblom.fi\/#website"},"primaryImageOfPage":{"@id":"https:\/\/www.kajforsblom.fi\/sv\/produkt\/tasting-och-stamningsfulla-borga\/#primaryimage"},"image":{"@id":"https:\/\/www.kajforsblom.fi\/sv\/produkt\/tasting-och-stamningsfulla-borga\/#primaryimage"},"thumbnailUrl":"https:\/\/www.kajforsblom.fi\/wp-content\/uploads\/2021\/12\/stadsbild-768x513-1.jpg","datePublished":"2021-08-25T09:32:41+00:00","dateModified":"2024-10-15T12:41:38+00:00","description":"Upplev Borg\u00e5s idylliska gamla stad med sina sm\u00e5 butiker och restauranger samt \u00f6ltasting p\u00e5 Kr\u00e5k\u00f6. Perfekt program f\u00f6r lillajulsfest, Tykydagar eller komppisg\u00e4ng!","breadcrumb":{"@id":"https:\/\/www.kajforsblom.fi\/sv\/produkt\/tasting-och-stamningsfulla-borga\/#breadcrumb"},"inLanguage":"sv-SE","potentialAction":[{"@type":"ReadAction","target":["https:\/\/www.kajforsblom.fi\/sv\/produkt\/tasting-och-stamningsfulla-borga\/"]}]},{"@type":"ImageObject","inLanguage":"sv-SE","@id":"https:\/\/www.kajforsblom.fi\/sv\/produkt\/tasting-och-stamningsfulla-borga\/#primaryimage","url":"https:\/\/www.kajforsblom.fi\/wp-content\/uploads\/2021\/12\/stadsbild-768x513-1.jpg","contentUrl":"https:\/\/www.kajforsblom.fi\/wp-content\/uploads\/2021\/12\/stadsbild-768x513-1.jpg","width":768,"height":513},{"@type":"BreadcrumbList","@id":"https:\/\/www.kajforsblom.fi\/sv\/produkt\/tasting-och-stamningsfulla-borga\/#breadcrumb","itemListElement":[{"@type":"ListItem","position":1,"name":"Home","item":"https:\/\/www.kajforsblom.fi\/sv\/"},{"@type":"ListItem","position":2,"name":"Kauppa","item":"https:\/\/www.kajforsblom.fi\/sv\/butik\/"},{"@type":"ListItem","position":3,"name":"Tasting och st\u00e4mningsfulla Borg\u00e5!"}]},{"@type":"WebSite","@id":"https:\/\/www.kajforsblom.fi\/#website","url":"https:\/\/www.kajforsblom.fi\/","name":"tilausbussi Kaj Forsblom best\u00e4llningsbuss","description":"bussi Helsinki, Sipoo, Porvoo, Loviisa - Buss Helsingfors, Sibbo, Borg\u00e5, Lovisa","publisher":{"@id":"https:\/\/www.kajforsblom.fi\/#organization"},"potentialAction":[{"@type":"SearchAction","target":{"@type":"EntryPoint","urlTemplate":"https:\/\/www.kajforsblom.fi\/?s={search_term_string}"},"query-input":{"@type":"PropertyValueSpecification","valueRequired":true,"valueName":"search_term_string"}}],"inLanguage":"sv-SE"},{"@type":"Organization","@id":"https:\/\/www.kajforsblom.fi\/#organization","name":"Kaj Forsblom","url":"https:\/\/www.kajforsblom.fi\/","logo":{"@type":"ImageObject","inLanguage":"sv-SE","@id":"https:\/\/www.kajforsblom.fi\/#\/schema\/logo\/image\/","url":"","contentUrl":"","caption":"Kaj Forsblom"},"image":{"@id":"https:\/\/www.kajforsblom.fi\/#\/schema\/logo\/image\/"},"sameAs":["https:\/\/www.facebook.com\/oykajforsblomab\/","https:\/\/www.instagram.com\/oykajforsblomab_\/?hl=fihttps:\/\/www.instagram.com\/kajforsblom_lost_found\/"]}]}},"_links":{"self":[{"href":"https:\/\/www.kajforsblom.fi\/sv\/wp-json\/wp\/v2\/product\/17559","targetHints":{"allow":["GET"]}}],"collection":[{"href":"https:\/\/www.kajforsblom.fi\/sv\/wp-json\/wp\/v2\/product"}],"about":[{"href":"https:\/\/www.kajforsblom.fi\/sv\/wp-json\/wp\/v2\/types\/product"}],"wp:featuredmedia":[{"embeddable":true,"href":"https:\/\/www.kajforsblom.fi\/sv\/wp-json\/wp\/v2\/media\/24718"}],"wp:attachment":[{"href":"https:\/\/www.kajforsblom.fi\/sv\/wp-json\/wp\/v2\/media?parent=17559"}],"wp:term":[{"taxonomy":"product_brand","embeddable":true,"href":"https:\/\/www.kajforsblom.fi\/sv\/wp-json\/wp\/v2\/product_brand?post=17559"},{"taxonomy":"product_cat","embeddable":true,"href":"https:\/\/www.kajforsblom.fi\/sv\/wp-json\/wp\/v2\/product_cat?post=17559"},{"taxonomy":"product_tag","embeddable":true,"href":"https:\/\/www.kajforsblom.fi\/sv\/wp-json\/wp\/v2\/product_tag?post=17559"}],"curies":[{"name":"wp","href":"https:\/\/api.w.org\/{rel}","templated":true}]}}