{"id":26416,"date":"2026-03-12T13:00:16","date_gmt":"2026-03-12T11:00:16","guid":{"rendered":"https:\/\/www.kajforsblom.fi\/?post_type=product&#038;p=26416"},"modified":"2026-03-12T13:01:26","modified_gmt":"2026-03-12T11:01:26","slug":"forsblom-goes-country","status":"publish","type":"product","link":"https:\/\/www.kajforsblom.fi\/sv\/produkt\/forsblom-goes-country\/","title":{"rendered":"FORSBLOM GOES COUNTRY!"},"content":{"rendered":"<p>Tidtabell:<br \/>\nkl 9.30 Fredsgatans turisth\u00e5llplats, Borg\u00e5<br \/>\nkl 10.30 Kiasma, Helsingfors<br \/>\nkl 12.00 Ramsholmen, Eken\u00e4s<br \/>\nkl 20.30 Hemresan b\u00f6rjar<\/p>\n<p><b>M\u00f6jligt att stiga p\u00e5 bussen under rutten.<\/b>\u00a0Fr\u00e5ga mer!<\/p>\n<p><strong>Bussresan tur-retur:<\/strong><br \/>\n46 \u20ac\/ person<\/p>\n<p><strong>Intr\u00e4desbiljetterna k\u00f6pes skillt:<\/strong><br \/>\n<a href=\"https:\/\/www.netticket.fi\/product_info.php?products_id=546274&amp;language=sv\" target=\"_blank\" rel=\"noopener\">Netticket<\/a><\/p>\n<p><strong>Anm\u00e4lningar senast:<\/strong><br \/>\n26.6.2026<\/p>\n<p>Oy Kaj Forsblom Ab f\u00f6rbeh\u00e5ller r\u00e4tten till \u00e4ndringar i resans program eller pris.<\/p>\n","protected":false},"excerpt":{"rendered":"<p>&nbsp;<\/p>\n<h5><strong>Vi \u00e5ker till Ramsholmens Country Festival i Eken\u00e4s l\u00f6rdagen 4.7!<\/strong><\/h5>\n<p>Nu \u00e4r det \u00e4ntligen dags att ta med v\u00e4nner och familj och l\u00e5ta countrytonerna ta \u00f6ver natursk\u00f6na Ramsholmen. F\u00f6r att du ska kunna njuta av festivaldagen fullt ut ordnar Forsblom goes Country en smidig och bekv\u00e4m bussresa fr\u00e5n b\u00e5de Borg\u00e5 och Helsingfors direkt till festivalomr\u00e5det i Eken\u00e4s. Genom att resa med festivalbussen slipper du alla bekymmer med parkering och trafik, och kan ist\u00e4llet b\u00f6rja bekanta dig med andra countryv\u00e4nner redan under f\u00e4rden.<\/p>\n<p>&nbsp;<\/p>\n<p>V\u00e4l framme p\u00e5 Ramsholmen v\u00e4ntar en riktig countrydag f\u00f6r hela familjen mellan klockan 12-20. Under dagen kan du beundra stiliga jenkkibilar p\u00e5 omr\u00e5det och f\u00f6r den r\u00e4tta k\u00e4nslan i f\u00f6tterna st\u00e5r South Coast Dancers f\u00f6r en fartfylld linedanceuppvisning.<\/p>\n<h6><strong>P\u00e5 scenen ser vi:<\/strong><\/h6>\n<ul>\n<li><strong>Cliona Hagan<\/strong> (Irland) \u2013 En av de mest hyllade och igenk\u00e4nda r\u00f6sterna inom irl\u00e4ndsk countrymusik.<\/li>\n<li><strong>Fredrik Lundman<\/strong> (Sverige) \u2013 \u201dThe Swedish Cowboy\u201d, en av Sveriges mest autentiska countryartister k\u00e4nd fr\u00e5n Idol.<\/li>\n<li><strong>Monia Sj\u00f6str\u00f6m<\/strong> (Sverige) \u2013 En av Sveriges mest folkk\u00e4ra s\u00e5ngerskor och frontfigur i Gr\u00f6nwalls.<\/li>\n<li><strong>Jannike Sandstr\u00f6m<\/strong> (Finland) \u2013 Fungerar som dagens speaker men bjuder \u00e4ven p\u00e5 egna hits och v\u00e4lk\u00e4nd musik fr\u00e5n scenen.<\/li>\n<\/ul>\n<p>&nbsp;<\/p>\n<p>Ut\u00f6ver musiken bjuds det p\u00e5 roliga aktiviteter p\u00e5 festivalg\u00e5rden f\u00f6r b\u00e5de stora och sm\u00e5. Ni kan bland annat t\u00e4vla om titeln som dagens starkaste cowboy eller passa p\u00e5 att skaffa en \u00e4kta Stetson-hatt f\u00f6r den r\u00e4tta looken.<\/p>\n<p>&nbsp;<\/p>\n<p><strong>Mera information om programmet publiceras under v\u00e5ren.<\/strong><\/p>\n<p>&nbsp;<\/p>\n<p data-path-to-node=\"2,0\">Nu \u00e4r det dags att ta fram cowboyhatten och putsa bootsen. F\u00f6lj med oss p\u00e5 en h\u00e4rlig bussresa tillsammans med andra country\u00e4lskare, vi ser till att st\u00e4mningen \u00e4r p\u00e5 topp redan fr\u00e5n start!<\/p>\n<p data-path-to-node=\"2,1\">Varmt v\u00e4lkommen p\u00e5 en fantastisk countrydag!<\/p>\n<p>&nbsp;&hellip; <a class=\"kt-excerpt-readmore more-link\" href=\"https:\/\/www.kajforsblom.fi\/sv\/produkt\/forsblom-goes-country\/\" aria-label=\"FORSBLOM GOES COUNTRY!\">\u00bb<\/a><\/p>\n","protected":false},"featured_media":26409,"template":"","meta":[],"product_brand":[],"product_cat":[2476],"product_tag":[3280,3281,3282,3283,3284,3285,1887,3286,3287,3288,3289,3290,3291,3292,3293],"class_list":{"0":"post-26416","1":"product","2":"type-product","3":"status-publish","4":"has-post-thumbnail","6":"product_cat-dagsresa","7":"product_tag-bussimatka-helsingista","8":"product_tag-bussimatka-porvoosta","9":"product_tag-bussimatka-tammisaari","10":"product_tag-cliona-hagan","11":"product_tag-countryfestivaali-raasepori","12":"product_tag-cowboy-tapahtuma","13":"product_tag-familjeresa","14":"product_tag-forsblom-goes-country","15":"product_tag-fredrik-lundman","16":"product_tag-jannike-sandstrom","17":"product_tag-jenkkiautotapahtuma","18":"product_tag-monia-sjostrom","19":"product_tag-ramsholmen-country-festival-2026","20":"product_tag-rivitanssi-tammisaari","21":"product_tag-south-coast-dancers","23":"first","24":"instock","25":"virtual","26":"taxable","27":"purchasable","28":"product-type-simple"},"yoast_head":"<!-- This site is optimized with the Yoast SEO plugin v27.3 - https:\/\/yoast.com\/product\/yoast-seo-wordpress\/ -->\n<title>FORSBLOM GOES COUNTRY! - Porvoo Tours - researrang\u00f6r<\/title>\n<meta name=\"description\" content=\"Bussresa till Ramsholmen Country Festival 4.7.2026! \ud83e\udd20 \u00c5k bekv\u00e4mt med Forsblom fr\u00e5n Borg\u00e5 eller Helsingfors. Boka din plats och njut av country i Eken\u00e4s!\" \/>\n<meta name=\"robots\" content=\"index, follow, max-snippet:-1, max-image-preview:large, max-video-preview:-1\" \/>\n<link rel=\"canonical\" href=\"https:\/\/www.kajforsblom.fi\/sv\/produkt\/forsblom-goes-country\/\" \/>\n<meta property=\"og:locale\" content=\"sv_SE\" \/>\n<meta property=\"og:type\" content=\"article\" \/>\n<meta property=\"og:title\" content=\"FORSBLOM GOES COUNTRY! - Porvoo Tours - researrang\u00f6r\" \/>\n<meta property=\"og:description\" content=\"Bussresa till Ramsholmen Country Festival 4.7.2026! \ud83e\udd20 \u00c5k bekv\u00e4mt med Forsblom fr\u00e5n Borg\u00e5 eller Helsingfors. Boka din plats och njut av country i Eken\u00e4s!\" \/>\n<meta property=\"og:url\" content=\"https:\/\/www.kajforsblom.fi\/sv\/produkt\/forsblom-goes-country\/\" \/>\n<meta property=\"og:site_name\" content=\"Porvoo Tours - researrang\u00f6r\" \/>\n<meta property=\"article:publisher\" content=\"https:\/\/www.facebook.com\/oykajforsblomab\/\" \/>\n<meta property=\"article:modified_time\" content=\"2026-03-12T11:01:26+00:00\" \/>\n<meta property=\"og:image\" content=\"https:\/\/www.kajforsblom.fi\/wp-content\/uploads\/2026\/03\/Ramsholmen_CountryFestival2026_netticket-002.jpg\" \/>\n\t<meta property=\"og:image:width\" content=\"768\" \/>\n\t<meta property=\"og:image:height\" content=\"515\" \/>\n\t<meta property=\"og:image:type\" content=\"image\/jpeg\" \/>\n<meta name=\"twitter:card\" content=\"summary_large_image\" \/>\n<meta name=\"twitter:label1\" content=\"Ber\u00e4knad l\u00e4stid\" \/>\n\t<meta name=\"twitter:data1\" content=\"1 minut\" \/>\n<script type=\"application\/ld+json\" class=\"yoast-schema-graph\">{\"@context\":\"https:\\\/\\\/schema.org\",\"@graph\":[{\"@type\":\"WebPage\",\"@id\":\"https:\\\/\\\/www.kajforsblom.fi\\\/sv\\\/produkt\\\/forsblom-goes-country\\\/\",\"url\":\"https:\\\/\\\/www.kajforsblom.fi\\\/sv\\\/produkt\\\/forsblom-goes-country\\\/\",\"name\":\"FORSBLOM GOES COUNTRY! - Porvoo Tours - researrang\u00f6r\",\"isPartOf\":{\"@id\":\"https:\\\/\\\/www.kajforsblom.fi\\\/#website\"},\"primaryImageOfPage\":{\"@id\":\"https:\\\/\\\/www.kajforsblom.fi\\\/sv\\\/produkt\\\/forsblom-goes-country\\\/#primaryimage\"},\"image\":{\"@id\":\"https:\\\/\\\/www.kajforsblom.fi\\\/sv\\\/produkt\\\/forsblom-goes-country\\\/#primaryimage\"},\"thumbnailUrl\":\"https:\\\/\\\/www.kajforsblom.fi\\\/wp-content\\\/uploads\\\/2026\\\/03\\\/Ramsholmen_CountryFestival2026_netticket-002.jpg\",\"datePublished\":\"2026-03-12T11:00:16+00:00\",\"dateModified\":\"2026-03-12T11:01:26+00:00\",\"description\":\"Bussresa till Ramsholmen Country Festival 4.7.2026! \ud83e\udd20 \u00c5k bekv\u00e4mt med Forsblom fr\u00e5n Borg\u00e5 eller Helsingfors. Boka din plats och njut av country i Eken\u00e4s!\",\"breadcrumb\":{\"@id\":\"https:\\\/\\\/www.kajforsblom.fi\\\/sv\\\/produkt\\\/forsblom-goes-country\\\/#breadcrumb\"},\"inLanguage\":\"sv-SE\",\"potentialAction\":[{\"@type\":\"ReadAction\",\"target\":[\"https:\\\/\\\/www.kajforsblom.fi\\\/sv\\\/produkt\\\/forsblom-goes-country\\\/\"]}]},{\"@type\":\"ImageObject\",\"inLanguage\":\"sv-SE\",\"@id\":\"https:\\\/\\\/www.kajforsblom.fi\\\/sv\\\/produkt\\\/forsblom-goes-country\\\/#primaryimage\",\"url\":\"https:\\\/\\\/www.kajforsblom.fi\\\/wp-content\\\/uploads\\\/2026\\\/03\\\/Ramsholmen_CountryFestival2026_netticket-002.jpg\",\"contentUrl\":\"https:\\\/\\\/www.kajforsblom.fi\\\/wp-content\\\/uploads\\\/2026\\\/03\\\/Ramsholmen_CountryFestival2026_netticket-002.jpg\",\"width\":768,\"height\":515},{\"@type\":\"BreadcrumbList\",\"@id\":\"https:\\\/\\\/www.kajforsblom.fi\\\/sv\\\/produkt\\\/forsblom-goes-country\\\/#breadcrumb\",\"itemListElement\":[{\"@type\":\"ListItem\",\"position\":1,\"name\":\"Home\",\"item\":\"https:\\\/\\\/www.kajforsblom.fi\\\/sv\\\/\"},{\"@type\":\"ListItem\",\"position\":2,\"name\":\"Kauppa\",\"item\":\"https:\\\/\\\/www.kajforsblom.fi\\\/sv\\\/butik\\\/\"},{\"@type\":\"ListItem\",\"position\":3,\"name\":\"FORSBLOM GOES COUNTRY!\"}]},{\"@type\":\"WebSite\",\"@id\":\"https:\\\/\\\/www.kajforsblom.fi\\\/#website\",\"url\":\"https:\\\/\\\/www.kajforsblom.fi\\\/\",\"name\":\"tilausbussi Kaj Forsblom best\u00e4llningsbuss\",\"description\":\"bussi Helsinki, Sipoo, Porvoo, Loviisa - Buss Helsingfors, Sibbo, Borg\u00e5, Lovisa\",\"publisher\":{\"@id\":\"https:\\\/\\\/www.kajforsblom.fi\\\/#organization\"},\"potentialAction\":[{\"@type\":\"SearchAction\",\"target\":{\"@type\":\"EntryPoint\",\"urlTemplate\":\"https:\\\/\\\/www.kajforsblom.fi\\\/?s={search_term_string}\"},\"query-input\":{\"@type\":\"PropertyValueSpecification\",\"valueRequired\":true,\"valueName\":\"search_term_string\"}}],\"inLanguage\":\"sv-SE\"},{\"@type\":\"Organization\",\"@id\":\"https:\\\/\\\/www.kajforsblom.fi\\\/#organization\",\"name\":\"Kaj Forsblom\",\"url\":\"https:\\\/\\\/www.kajforsblom.fi\\\/\",\"logo\":{\"@type\":\"ImageObject\",\"inLanguage\":\"sv-SE\",\"@id\":\"https:\\\/\\\/www.kajforsblom.fi\\\/#\\\/schema\\\/logo\\\/image\\\/\",\"url\":\"\",\"contentUrl\":\"\",\"caption\":\"Kaj Forsblom\"},\"image\":{\"@id\":\"https:\\\/\\\/www.kajforsblom.fi\\\/#\\\/schema\\\/logo\\\/image\\\/\"},\"sameAs\":[\"https:\\\/\\\/www.facebook.com\\\/oykajforsblomab\\\/\",\"https:\\\/\\\/www.instagram.com\\\/oykajforsblomab_\\\/?hl=fihttps:\\\/\\\/www.instagram.com\\\/kajforsblom_lost_found\\\/\"]}]}<\/script>\n<!-- \/ Yoast SEO plugin. -->","yoast_head_json":{"title":"FORSBLOM GOES COUNTRY! - Porvoo Tours - researrang\u00f6r","description":"Bussresa till Ramsholmen Country Festival 4.7.2026! \ud83e\udd20 \u00c5k bekv\u00e4mt med Forsblom fr\u00e5n Borg\u00e5 eller Helsingfors. Boka din plats och njut av country i Eken\u00e4s!","robots":{"index":"index","follow":"follow","max-snippet":"max-snippet:-1","max-image-preview":"max-image-preview:large","max-video-preview":"max-video-preview:-1"},"canonical":"https:\/\/www.kajforsblom.fi\/sv\/produkt\/forsblom-goes-country\/","og_locale":"sv_SE","og_type":"article","og_title":"FORSBLOM GOES COUNTRY! - Porvoo Tours - researrang\u00f6r","og_description":"Bussresa till Ramsholmen Country Festival 4.7.2026! \ud83e\udd20 \u00c5k bekv\u00e4mt med Forsblom fr\u00e5n Borg\u00e5 eller Helsingfors. Boka din plats och njut av country i Eken\u00e4s!","og_url":"https:\/\/www.kajforsblom.fi\/sv\/produkt\/forsblom-goes-country\/","og_site_name":"Porvoo Tours - researrang\u00f6r","article_publisher":"https:\/\/www.facebook.com\/oykajforsblomab\/","article_modified_time":"2026-03-12T11:01:26+00:00","og_image":[{"width":768,"height":515,"url":"https:\/\/www.kajforsblom.fi\/wp-content\/uploads\/2026\/03\/Ramsholmen_CountryFestival2026_netticket-002.jpg","type":"image\/jpeg"}],"twitter_card":"summary_large_image","twitter_misc":{"Ber\u00e4knad l\u00e4stid":"1 minut"},"schema":{"@context":"https:\/\/schema.org","@graph":[{"@type":"WebPage","@id":"https:\/\/www.kajforsblom.fi\/sv\/produkt\/forsblom-goes-country\/","url":"https:\/\/www.kajforsblom.fi\/sv\/produkt\/forsblom-goes-country\/","name":"FORSBLOM GOES COUNTRY! - Porvoo Tours - researrang\u00f6r","isPartOf":{"@id":"https:\/\/www.kajforsblom.fi\/#website"},"primaryImageOfPage":{"@id":"https:\/\/www.kajforsblom.fi\/sv\/produkt\/forsblom-goes-country\/#primaryimage"},"image":{"@id":"https:\/\/www.kajforsblom.fi\/sv\/produkt\/forsblom-goes-country\/#primaryimage"},"thumbnailUrl":"https:\/\/www.kajforsblom.fi\/wp-content\/uploads\/2026\/03\/Ramsholmen_CountryFestival2026_netticket-002.jpg","datePublished":"2026-03-12T11:00:16+00:00","dateModified":"2026-03-12T11:01:26+00:00","description":"Bussresa till Ramsholmen Country Festival 4.7.2026! \ud83e\udd20 \u00c5k bekv\u00e4mt med Forsblom fr\u00e5n Borg\u00e5 eller Helsingfors. Boka din plats och njut av country i Eken\u00e4s!","breadcrumb":{"@id":"https:\/\/www.kajforsblom.fi\/sv\/produkt\/forsblom-goes-country\/#breadcrumb"},"inLanguage":"sv-SE","potentialAction":[{"@type":"ReadAction","target":["https:\/\/www.kajforsblom.fi\/sv\/produkt\/forsblom-goes-country\/"]}]},{"@type":"ImageObject","inLanguage":"sv-SE","@id":"https:\/\/www.kajforsblom.fi\/sv\/produkt\/forsblom-goes-country\/#primaryimage","url":"https:\/\/www.kajforsblom.fi\/wp-content\/uploads\/2026\/03\/Ramsholmen_CountryFestival2026_netticket-002.jpg","contentUrl":"https:\/\/www.kajforsblom.fi\/wp-content\/uploads\/2026\/03\/Ramsholmen_CountryFestival2026_netticket-002.jpg","width":768,"height":515},{"@type":"BreadcrumbList","@id":"https:\/\/www.kajforsblom.fi\/sv\/produkt\/forsblom-goes-country\/#breadcrumb","itemListElement":[{"@type":"ListItem","position":1,"name":"Home","item":"https:\/\/www.kajforsblom.fi\/sv\/"},{"@type":"ListItem","position":2,"name":"Kauppa","item":"https:\/\/www.kajforsblom.fi\/sv\/butik\/"},{"@type":"ListItem","position":3,"name":"FORSBLOM GOES COUNTRY!"}]},{"@type":"WebSite","@id":"https:\/\/www.kajforsblom.fi\/#website","url":"https:\/\/www.kajforsblom.fi\/","name":"tilausbussi Kaj Forsblom best\u00e4llningsbuss","description":"bussi Helsinki, Sipoo, Porvoo, Loviisa - Buss Helsingfors, Sibbo, Borg\u00e5, Lovisa","publisher":{"@id":"https:\/\/www.kajforsblom.fi\/#organization"},"potentialAction":[{"@type":"SearchAction","target":{"@type":"EntryPoint","urlTemplate":"https:\/\/www.kajforsblom.fi\/?s={search_term_string}"},"query-input":{"@type":"PropertyValueSpecification","valueRequired":true,"valueName":"search_term_string"}}],"inLanguage":"sv-SE"},{"@type":"Organization","@id":"https:\/\/www.kajforsblom.fi\/#organization","name":"Kaj Forsblom","url":"https:\/\/www.kajforsblom.fi\/","logo":{"@type":"ImageObject","inLanguage":"sv-SE","@id":"https:\/\/www.kajforsblom.fi\/#\/schema\/logo\/image\/","url":"","contentUrl":"","caption":"Kaj Forsblom"},"image":{"@id":"https:\/\/www.kajforsblom.fi\/#\/schema\/logo\/image\/"},"sameAs":["https:\/\/www.facebook.com\/oykajforsblomab\/","https:\/\/www.instagram.com\/oykajforsblomab_\/?hl=fihttps:\/\/www.instagram.com\/kajforsblom_lost_found\/"]}]}},"_links":{"self":[{"href":"https:\/\/www.kajforsblom.fi\/sv\/wp-json\/wp\/v2\/product\/26416","targetHints":{"allow":["GET"]}}],"collection":[{"href":"https:\/\/www.kajforsblom.fi\/sv\/wp-json\/wp\/v2\/product"}],"about":[{"href":"https:\/\/www.kajforsblom.fi\/sv\/wp-json\/wp\/v2\/types\/product"}],"wp:featuredmedia":[{"embeddable":true,"href":"https:\/\/www.kajforsblom.fi\/sv\/wp-json\/wp\/v2\/media\/26409"}],"wp:attachment":[{"href":"https:\/\/www.kajforsblom.fi\/sv\/wp-json\/wp\/v2\/media?parent=26416"}],"wp:term":[{"taxonomy":"product_brand","embeddable":true,"href":"https:\/\/www.kajforsblom.fi\/sv\/wp-json\/wp\/v2\/product_brand?post=26416"},{"taxonomy":"product_cat","embeddable":true,"href":"https:\/\/www.kajforsblom.fi\/sv\/wp-json\/wp\/v2\/product_cat?post=26416"},{"taxonomy":"product_tag","embeddable":true,"href":"https:\/\/www.kajforsblom.fi\/sv\/wp-json\/wp\/v2\/product_tag?post=26416"}],"curies":[{"name":"wp","href":"https:\/\/api.w.org\/{rel}","templated":true}]}}